{"id":46,"date":"2017-11-06T17:05:11","date_gmt":"2017-11-06T17:05:11","guid":{"rendered":"http:\/\/help.unhcr.org\/venezuela\/?page_id=46"},"modified":"2026-01-28T14:26:12","modified_gmt":"2026-01-28T14:26:12","slug":"acnur-en-venezuela","status":"publish","type":"page","link":"https:\/\/help.unhcr.org\/venezuela\/acnur-en-venezuela\/","title":{"rendered":"ACNUR en Venezuela"},"content":{"rendered":"<h2>\u00bfQu\u00e9 es ACNUR?<\/h2>\n<p>El Alto Comisionado de las Naciones Unidas para los Refugiados, ACNUR, es un organismo humanitario y apol\u00edtico creado por la Asamblea General de la ONU en el a\u00f1o 1950.<\/p>\n<p>Su principal prop\u00f3sito es salvaguardar los derechos y el bienestar de las personas que se han visto obligadas a huir a otros pa\u00edses, as\u00ed como aquellos que no tienen nacionalidad.<\/p>\n<p>Junto con sus socios y las comunidades, ACNUR trabaja para asegurar que las personas refugiadas y ap\u00e1tridas logren una soluci\u00f3n duradera a su situaci\u00f3n, y que las personas con necesidades espec\u00edficas puedan tener acceso a derechos y servicios.<\/p>\n<h2>\u00bfDe qu\u00e9 se ocupa ACNUR en Venezuela?<\/h2>\n<p>Por invitaci\u00f3n de la Rep\u00fablica Bolivariana de Venezuela, ACNUR trabaja en el pa\u00eds para promover la integraci\u00f3n y empoderamiento de las personas refugiadas y las comunidades que las reciben. Asimismo, coopera t\u00e9cnicamente con entidades gubernamentales para el fortalecimiento del sistema de refugio en el pa\u00eds. ACNUR tambi\u00e9n desarrolla acciones para prevenir y reducir situaciones de riesgo de apatridia.<\/p>\n<p>De conformidad con el Marco de Cooperaci\u00f3n de las Naciones Unidas para el Desarrollo Sostenible con la Rep\u00fablica Bolivariana de Venezuela (2023-2026), ACNUR lleva a cabo acciones dirigidas a alcanzar las tres prioridades estrat\u00e9gicas de cooperaci\u00f3n, a saber: apoyar el fortalecimiento de la resiliencia de la poblaci\u00f3n con perspectiva de g\u00e9nero, equidad, intergeneracional y enfoque de derechos humanos; potenciando el desarrollo productivo sostenible, resiliente e innovador, alineado con la gesti\u00f3n ambiental y la acci\u00f3n frente al cambio clim\u00e1tico, sin dejar a nadie atr\u00e1s; y promoviendo la cohesi\u00f3n social sostenible, inclusiva e igualitaria.<\/p>\n<p>ACNUR tiene sede principal en Caracas y dos unidades de terreno en San Crist\u00f3bal (estado T\u00e1chira) y en Maracaibo (estado Zulia).<\/p>\n","protected":false},"excerpt":{"rendered":"<p>\u00bfQu\u00e9 es ACNUR? El Alto Comisionado de las Naciones Unidas para los Refugiados, ACNUR, es un organismo humanitario y apol\u00edtico creado por la Asamblea General de la ONU en el a\u00f1o 1950. Su principal prop\u00f3sito es salvaguardar los derechos y el bienestar de las personas que se han visto obligadas a huir a otros pa\u00edses, [&hellip;]<\/p>\n","protected":false},"author":1,"featured_media":0,"parent":0,"menu_order":0,"comment_status":"closed","ping_status":"closed","template":"page-templates\/listing_page.php","meta":{"_acf_changed":false,"footnotes":""},"class_list":["post-46","page","type-page","status-publish","hentry"],"acf":[],"_links":{"self":[{"href":"https:\/\/help.unhcr.org\/venezuela\/wp-json\/wp\/v2\/pages\/46","targetHints":{"allow":["GET"]}}],"collection":[{"href":"https:\/\/help.unhcr.org\/venezuela\/wp-json\/wp\/v2\/pages"}],"about":[{"href":"https:\/\/help.unhcr.org\/venezuela\/wp-json\/wp\/v2\/types\/page"}],"author":[{"embeddable":true,"href":"https:\/\/help.unhcr.org\/venezuela\/wp-json\/wp\/v2\/users\/1"}],"replies":[{"embeddable":true,"href":"https:\/\/help.unhcr.org\/venezuela\/wp-json\/wp\/v2\/comments?post=46"}],"version-history":[{"count":10,"href":"https:\/\/help.unhcr.org\/venezuela\/wp-json\/wp\/v2\/pages\/46\/revisions"}],"predecessor-version":[{"id":784,"href":"https:\/\/help.unhcr.org\/venezuela\/wp-json\/wp\/v2\/pages\/46\/revisions\/784"}],"wp:attachment":[{"href":"https:\/\/help.unhcr.org\/venezuela\/wp-json\/wp\/v2\/media?parent=46"}],"curies":[{"name":"wp","href":"https:\/\/api.w.org\/{rel}","templated":true}]}}