{"id":458,"date":"2020-08-21T18:02:40","date_gmt":"2020-08-21T18:02:40","guid":{"rendered":"http:\/\/help.unhcr.org\/venezuela\/?page_id=458"},"modified":"2025-04-24T18:28:30","modified_gmt":"2025-04-24T18:28:30","slug":"servicios-de-proteccion-en-venezuela","status":"publish","type":"page","link":"https:\/\/help.unhcr.org\/venezuela\/donde-encontrar-ayuda-2\/servicios-de-proteccion-en-venezuela\/","title":{"rendered":"Servicios de Protecci\u00f3n en Venezuela"},"content":{"rendered":"\n<p>Los servicios comprendidos en el mapeo son actualizados por el Cl\u00faster de Protecci\u00f3n en Venezuela dentro del marco de respuesta humanitaria, e incluyen informaci\u00f3n sobre los servicios que, por estado, prestan instituciones gubernamentales, organismos internacionales y organizaciones no gubernamentales presentes en el pa\u00eds.<\/p>\n\n\n\n<p>Puede conocer m\u00e1s acerca de ellos, a trav\u00e9s de este enlace:<\/p>\n\n\n\n<p> <a href=\"https:\/\/venezuela.servicesadvisor.net\/es\">https:\/\/venezuela.servicesadvisor.net\/es<\/a> <\/p>\n\n\n\n<p><\/p>\n\n\n\n<p><\/p>\n\n\n","protected":false},"excerpt":{"rendered":"<p>Los servicios comprendidos en el mapeo son actualizados por el Cl\u00faster de Protecci\u00f3n en Venezuela dentro del marco de respuesta humanitaria, e incluyen informaci\u00f3n sobre los servicios que, por estado, prestan instituciones gubernamentales, organismos internacionales y organizaciones no gubernamentales presentes en el pa\u00eds. Puede conocer m\u00e1s acerca de ellos, a trav\u00e9s de este enlace: https:\/\/venezuela.servicesadvisor.net\/es<\/p>\n","protected":false},"author":1,"featured_media":0,"parent":8,"menu_order":3,"comment_status":"closed","ping_status":"closed","template":"page-templates\/listing_page.php","meta":{"_acf_changed":false,"footnotes":""},"class_list":["post-458","page","type-page","status-publish","hentry"],"acf":[],"_links":{"self":[{"href":"https:\/\/help.unhcr.org\/venezuela\/wp-json\/wp\/v2\/pages\/458","targetHints":{"allow":["GET"]}}],"collection":[{"href":"https:\/\/help.unhcr.org\/venezuela\/wp-json\/wp\/v2\/pages"}],"about":[{"href":"https:\/\/help.unhcr.org\/venezuela\/wp-json\/wp\/v2\/types\/page"}],"author":[{"embeddable":true,"href":"https:\/\/help.unhcr.org\/venezuela\/wp-json\/wp\/v2\/users\/1"}],"replies":[{"embeddable":true,"href":"https:\/\/help.unhcr.org\/venezuela\/wp-json\/wp\/v2\/comments?post=458"}],"version-history":[{"count":4,"href":"https:\/\/help.unhcr.org\/venezuela\/wp-json\/wp\/v2\/pages\/458\/revisions"}],"predecessor-version":[{"id":704,"href":"https:\/\/help.unhcr.org\/venezuela\/wp-json\/wp\/v2\/pages\/458\/revisions\/704"}],"up":[{"embeddable":true,"href":"https:\/\/help.unhcr.org\/venezuela\/wp-json\/wp\/v2\/pages\/8"}],"wp:attachment":[{"href":"https:\/\/help.unhcr.org\/venezuela\/wp-json\/wp\/v2\/media?parent=458"}],"curies":[{"name":"wp","href":"https:\/\/api.w.org\/{rel}","templated":true}]}}