{"id":40,"date":"2017-11-06T16:53:10","date_gmt":"2017-11-06T16:53:10","guid":{"rendered":"http:\/\/help.unhcr.org\/venezuela\/?page_id=40"},"modified":"2020-02-13T19:17:37","modified_gmt":"2020-02-13T19:17:37","slug":"derechos-de-refugiados","status":"publish","type":"page","link":"https:\/\/help.unhcr.org\/venezuela\/derechos-y-obligaciones\/derechos-de-refugiados\/","title":{"rendered":"Derechos de los refugiados"},"content":{"rendered":"<h2>\u00bfCu\u00e1les son tus derechos como refugiado en Venezuela?<\/h2>\n<p>Los refugiados gozan en el territorio de la Rep\u00fablica Bolivariana de Venezuela de los mismos derechos de otros extranjeros residenciados en el pa\u00eds, con las limitaciones establecidas en la Constituci\u00f3n y dem\u00e1s leyes de la Rep\u00fablica, sin discriminaci\u00f3n por razones de nacionalidad, religi\u00f3n o g\u00e9nero (Art. 22 LORRAA). Entre otros, tienen los siguientes derechos:<\/p>\n<p>\u2022 Recibir documentaci\u00f3n que garantice tu protecci\u00f3n contra la devoluci\u00f3n involuntaria al territorio del que vienes huyendo (Art. 16, 18 LORRAA).<br \/>\n\u2022 No ser sancionado por entrada irregular (Art. 4 n.4 y Art.2, LORRAA).<br \/>\n\u2022 Ser admitido al procedimiento de determinaci\u00f3n de la condici\u00f3n de refugiado (Art.2, n.1 LORRAA).<br \/>\n\u2022 No ser discriminado por motivos de etnia, g\u00e9nero, religi\u00f3n, opini\u00f3n pol\u00edtica o pa\u00eds de origen (Art.2, n.5 LORRAA).<br \/>\n\u2022 Respeto a la unidad familiar (Art.8 LORRAA).<br \/>\n\u2022 Libertad de religi\u00f3n (Art. 59 de la Constituci\u00f3n).<br \/>\n\u2022 Libertad de asociaci\u00f3n (Art. 52 de la Constituci\u00f3n).<br \/>\n\u2022 Acceso a la justicia (Art. 26 de la Constituci\u00f3n).<br \/>\n\u2022 Acceso a la salud (Art. 83 de Constituci\u00f3n).<br \/>\n\u2022 Acceso a la educaci\u00f3n (Art. 19 LORRAA).<br \/>\n\u2022 Acceso al empleo (Ley Org\u00e1nica del Trabajo, Art. 27, 28 y 317).<\/p>\n<h2>\u00bfCu\u00e1ndo se violan tus derechos como refugiado o refugiada?<\/h2>\n<p>Cuando:<\/p>\n<p>\u2022 Eres rechazado en la frontera siendo necesitado de protecci\u00f3n internacional.<br \/>\n\u2022 Cuando eres devuelto forzosamente a tu pa\u00eds de origen, donde temes ser perseguido.<br \/>\n\u2022 Cuando tu acceso a la documentaci\u00f3n que garantice tu protecci\u00f3n, al procedimiento de determinaci\u00f3n de la condici\u00f3n de refugiado, a la justicia, salud, educaci\u00f3n y empleo son restringidos.<\/p>\n","protected":false},"excerpt":{"rendered":"<p>\u00bfCu\u00e1les son tus derechos como refugiado en Venezuela? Los refugiados gozan en el territorio de la Rep\u00fablica Bolivariana de Venezuela de los mismos derechos de otros extranjeros residenciados en el pa\u00eds, con las limitaciones establecidas en la Constituci\u00f3n y dem\u00e1s leyes de la Rep\u00fablica, sin discriminaci\u00f3n por razones de nacionalidad, religi\u00f3n o g\u00e9nero (Art. 22 [&hellip;]<\/p>\n","protected":false},"author":1,"featured_media":0,"parent":38,"menu_order":0,"comment_status":"closed","ping_status":"closed","template":"","meta":{"_acf_changed":false,"footnotes":""},"class_list":["post-40","page","type-page","status-publish","hentry"],"acf":[],"_links":{"self":[{"href":"https:\/\/help.unhcr.org\/venezuela\/wp-json\/wp\/v2\/pages\/40","targetHints":{"allow":["GET"]}}],"collection":[{"href":"https:\/\/help.unhcr.org\/venezuela\/wp-json\/wp\/v2\/pages"}],"about":[{"href":"https:\/\/help.unhcr.org\/venezuela\/wp-json\/wp\/v2\/types\/page"}],"author":[{"embeddable":true,"href":"https:\/\/help.unhcr.org\/venezuela\/wp-json\/wp\/v2\/users\/1"}],"replies":[{"embeddable":true,"href":"https:\/\/help.unhcr.org\/venezuela\/wp-json\/wp\/v2\/comments?post=40"}],"version-history":[{"count":3,"href":"https:\/\/help.unhcr.org\/venezuela\/wp-json\/wp\/v2\/pages\/40\/revisions"}],"predecessor-version":[{"id":182,"href":"https:\/\/help.unhcr.org\/venezuela\/wp-json\/wp\/v2\/pages\/40\/revisions\/182"}],"up":[{"embeddable":true,"href":"https:\/\/help.unhcr.org\/venezuela\/wp-json\/wp\/v2\/pages\/38"}],"wp:attachment":[{"href":"https:\/\/help.unhcr.org\/venezuela\/wp-json\/wp\/v2\/media?parent=40"}],"curies":[{"name":"wp","href":"https:\/\/api.w.org\/{rel}","templated":true}]}}