{"id":4,"date":"2017-11-06T15:09:03","date_gmt":"2017-11-06T15:09:03","guid":{"rendered":"http:\/\/help.unhcr.org\/venezuela\/?page_id=4"},"modified":"2025-04-24T18:06:42","modified_gmt":"2025-04-24T18:06:42","slug":"bienvenido","status":"publish","type":"page","link":"https:\/\/help.unhcr.org\/venezuela\/","title":{"rendered":"Bienvenido\/a"},"content":{"rendered":"<p>Este sitio web fue creado por ACNUR Venezuela para facilitar el acceso a informaci\u00f3n a personas refugiadas, solicitantes de asilo, personas retornadas, personas ap\u00e1tridas y en riesgo de apatridia que se encuentren en Venezuela.<\/p>\n<p>En este sitio web, podr\u00e1 encontrar informaci\u00f3n sobre:<\/p>\n<ul>\n<li><a href=\"https:\/\/help.unhcr.org\/venezuela\/donde-encontrar-ayuda\/\">D\u00f3nde puedes acudir<\/a>\u00a0 para obtener apoyo para el acceso a derechos y servicios.<\/li>\n<li><a href=\"https:\/\/help.unhcr.org\/venezuela\/solicitando-la-condicion-de-refugiado\/\">C\u00f3mo solicitar<\/a>\u00a0la condici\u00f3n de refugiado en Venezuela<\/li>\n<li><a href=\"https:\/\/help.unhcr.org\/venezuela\/derechos-y-obligaciones\/derechos-de-refugiados\/\">Derechos<\/a>\u00a0y\u00a0<a href=\"https:\/\/help.unhcr.org\/venezuela\/derechos-y-obligaciones\/obligaciones-de-refugiados\/\">obligaciones<\/a>\u00a0que tienes como refugiado en Venezuela.<\/li>\n<\/ul>\n<p>\u00daltima actualizaci\u00f3n: abril 2025.<\/p>\n","protected":false},"excerpt":{"rendered":"<p>Este sitio web fue creado por ACNUR Venezuela para facilitar el acceso a informaci\u00f3n a personas refugiadas, solicitantes de asilo, personas retornadas, personas ap\u00e1tridas y en riesgo de apatridia que se encuentren en Venezuela. En este sitio web, podr\u00e1 encontrar informaci\u00f3n sobre: D\u00f3nde puedes acudir\u00a0 para obtener apoyo para el acceso a derechos y servicios. [&hellip;]<\/p>\n","protected":false},"author":1,"featured_media":0,"parent":0,"menu_order":0,"comment_status":"closed","ping_status":"closed","template":"","meta":{"_acf_changed":false,"footnotes":""},"class_list":["post-4","page","type-page","status-publish","hentry"],"acf":[],"_links":{"self":[{"href":"https:\/\/help.unhcr.org\/venezuela\/wp-json\/wp\/v2\/pages\/4","targetHints":{"allow":["GET"]}}],"collection":[{"href":"https:\/\/help.unhcr.org\/venezuela\/wp-json\/wp\/v2\/pages"}],"about":[{"href":"https:\/\/help.unhcr.org\/venezuela\/wp-json\/wp\/v2\/types\/page"}],"author":[{"embeddable":true,"href":"https:\/\/help.unhcr.org\/venezuela\/wp-json\/wp\/v2\/users\/1"}],"replies":[{"embeddable":true,"href":"https:\/\/help.unhcr.org\/venezuela\/wp-json\/wp\/v2\/comments?post=4"}],"version-history":[{"count":6,"href":"https:\/\/help.unhcr.org\/venezuela\/wp-json\/wp\/v2\/pages\/4\/revisions"}],"predecessor-version":[{"id":694,"href":"https:\/\/help.unhcr.org\/venezuela\/wp-json\/wp\/v2\/pages\/4\/revisions\/694"}],"wp:attachment":[{"href":"https:\/\/help.unhcr.org\/venezuela\/wp-json\/wp\/v2\/media?parent=4"}],"curies":[{"name":"wp","href":"https:\/\/api.w.org\/{rel}","templated":true}]}}