{"id":33,"date":"2017-11-06T16:46:38","date_gmt":"2017-11-06T16:46:38","guid":{"rendered":"http:\/\/help.unhcr.org\/venezuela\/?page_id=33"},"modified":"2025-04-24T18:20:39","modified_gmt":"2025-04-24T18:20:39","slug":"quien-es-un-refugiado","status":"publish","type":"page","link":"https:\/\/help.unhcr.org\/venezuela\/solicitando-la-condicion-de-refugiado\/quien-es-un-refugiado\/","title":{"rendered":"\u00bfQui\u00e9n es un refugiado?"},"content":{"rendered":"<p>En el marco del derecho internacional, las personas refugiadas son aquellas que se han visto obligadas a abandonar su pa\u00eds de origen para salvaguardar su vida, integridad f\u00edsica o libertad debido a graves amenazas o persecuciones.<\/p>\n<p>Las persecuciones o amenazas pueden tener relaci\u00f3n con el origen \u00e9tnico, las creencias religiosas, la nacionalidad, las convicciones pol\u00edticas o la pertenencia a determinado grupo social; sin embargo, tambi\u00e9n pueden ser resultado de conflictos, violencia o alteraciones del orden p\u00fablico.<\/p>\n<p>Las personas refugiadas cuentan con la protecci\u00f3n del derecho internacional y, si su vida o su libertad corren peligro, no deben ser enviadas de vuelta a su pa\u00eds de origen.<\/p>\n<h2>\u00bfQu\u00e9 ley te protege como refugiado en Venezuela?<\/h2>\n<p>La <a href=\"http:\/\/www.acnur.org\/fileadmin\/scripts\/doc.php?file=fileadmin\/Documentos\/BDL\/2001\/0246\" target=\"_blank\" rel=\"noopener\">Constituci\u00f3n Bolivariana<\/a> y la <a href=\"http:\/\/www.acnur.org\/fileadmin\/scripts\/doc.php?file=fileadmin\/Documentos\/BDL\/2001\/0308\" target=\"_blank\" rel=\"noopener\">Ley Org\u00e1nica sobre Refugiados o Refugiadas y Asilados o Asiladas (LORRAA)<\/a> regulan la materia sobre refugio y asilo. El procedimiento e informaci\u00f3n aqu\u00ed descritos son los determinados por la LORRAA.<\/p>\n<h2>\u00bfQui\u00e9n es un solicitante de asilo o refugio?<\/h2>\n<p>Una persona solicitante de asilo es aquella que huy\u00f3 de su pa\u00eds de origen y, si bien solicit\u00f3 asilo en otro pa\u00eds, su petici\u00f3n de reconocimiento de la condici\u00f3n de refugiado a\u00fan se encuentra en tr\u00e1mite. Aunque no se reconocer\u00e1 la condici\u00f3n de refugiado a todas las personas que hayan solicitado asilo, toda persona refugiada ha sido o fue, en alg\u00fan momento, solicitante de asilo.<\/p>\n","protected":false},"excerpt":{"rendered":"<p>En el marco del derecho internacional, las personas refugiadas son aquellas que se han visto obligadas a abandonar su pa\u00eds de origen para salvaguardar su vida, integridad f\u00edsica o libertad debido a graves amenazas o persecuciones. Las persecuciones o amenazas pueden tener relaci\u00f3n con el origen \u00e9tnico, las creencias religiosas, la nacionalidad, las convicciones pol\u00edticas [&hellip;]<\/p>\n","protected":false},"author":1,"featured_media":0,"parent":30,"menu_order":0,"comment_status":"closed","ping_status":"closed","template":"","meta":{"_acf_changed":false,"footnotes":""},"class_list":["post-33","page","type-page","status-publish","hentry"],"acf":[],"_links":{"self":[{"href":"https:\/\/help.unhcr.org\/venezuela\/wp-json\/wp\/v2\/pages\/33","targetHints":{"allow":["GET"]}}],"collection":[{"href":"https:\/\/help.unhcr.org\/venezuela\/wp-json\/wp\/v2\/pages"}],"about":[{"href":"https:\/\/help.unhcr.org\/venezuela\/wp-json\/wp\/v2\/types\/page"}],"author":[{"embeddable":true,"href":"https:\/\/help.unhcr.org\/venezuela\/wp-json\/wp\/v2\/users\/1"}],"replies":[{"embeddable":true,"href":"https:\/\/help.unhcr.org\/venezuela\/wp-json\/wp\/v2\/comments?post=33"}],"version-history":[{"count":4,"href":"https:\/\/help.unhcr.org\/venezuela\/wp-json\/wp\/v2\/pages\/33\/revisions"}],"predecessor-version":[{"id":703,"href":"https:\/\/help.unhcr.org\/venezuela\/wp-json\/wp\/v2\/pages\/33\/revisions\/703"}],"up":[{"embeddable":true,"href":"https:\/\/help.unhcr.org\/venezuela\/wp-json\/wp\/v2\/pages\/30"}],"wp:attachment":[{"href":"https:\/\/help.unhcr.org\/venezuela\/wp-json\/wp\/v2\/media?parent=33"}],"curies":[{"name":"wp","href":"https:\/\/api.w.org\/{rel}","templated":true}]}}