{"id":25,"date":"2017-11-06T16:37:09","date_gmt":"2017-11-06T16:37:09","guid":{"rendered":"http:\/\/help.unhcr.org\/venezuela\/?page_id=25"},"modified":"2026-01-28T14:23:03","modified_gmt":"2026-01-28T14:23:03","slug":"organizaciones-sociales","status":"publish","type":"page","link":"https:\/\/help.unhcr.org\/venezuela\/donde-encontrar-ayuda-2\/organizaciones-sociales\/","title":{"rendered":"Organizaciones No Gubernamentales"},"content":{"rendered":"<h2>Caritas<\/h2>\n<h3>Caracas &#8211; Distrito Capital<\/h3>\n<p><strong>Email:<\/strong> caritascaracas1958@gmail.com<br \/>\n<strong>Direcci\u00f3n:<\/strong> Av. Sojo, Urb. El Rosal, al lado del Complejo Parroquial &#8220;Inmaculado Coraz\u00f3n de Mar\u00eda&#8221;.<br \/>\n<strong>Tel:<\/strong> 0058 (212) 9530678<br \/>\n_______________________________________________________________________<\/p>\n<h2>Comitato Internazionale per lo Sviluppo dei Popoli- CISP<\/h2>\n<p><strong>Email: <\/strong>VENEZUELA@CISP-NGO.ORG<\/p>\n<h3>M\u00e9rida &#8211; M\u00e9rida<\/h3>\n<p><b>Direcci\u00f3n:<\/b> Urb. El Carrizal B, calle Los Caobos, # 146, M\u00e9rida, estado M\u00e9rida<\/p>\n<p><strong>Tel: <\/strong>0058 (276) 5566960<\/p>\n<h3>San Crist\u00f3bal- T\u00e1chira<\/h3>\n<p><b>Direcci\u00f3n:<\/b> Carrera 1. Casa 6-12. Urb. M\u00e9rida. San Crist\u00f3bal<\/p>\n<p><strong>Tel:<\/strong><br \/>\n_______________________________________________________________________<\/p>\n<h2>Cruz Roja Venezolana Seccional Zulia<\/h2>\n<h3>Maracaibo- Zulia<\/h3>\n<p><strong>Email<\/strong>: presidenciacrz@gmail.com<br \/>\n<b>Direcci\u00f3n:<\/b> Av. 11 Esq. Calle 83, Edificio Cruz Roja<br \/>\n<strong>Tel:<\/strong> 0058 (414) 6939900<\/p>\n<p>_______________________________________________________________________<\/p>\n<h2>Luz y Vida<\/h2>\n<p><strong>Email:<\/strong> fundaluzyvida@gmail.com<\/p>\n<h3>Caracas &#8211; Venezuela<\/h3>\n<p><strong>Direcci\u00f3n:<\/strong> Calle Madeleine, No 12-07, frente a la Plaza Sucre, Zona Colonial de Petare, Municipio Sucre del Estado Miranda, Caracas-Venezuela<br \/>\n<strong>Tel:<\/strong> 0058 (412) 6602063<\/p>\n<p>_______________________________________________________________________<\/p>\n<h2>ODISEF<\/h2>\n<p><strong>Email: <\/strong>acodisef@gmail.com<\/p>\n<h3>San Crist\u00f3bal &#8211; T\u00e1chira<\/h3>\n<p><strong>Direcci\u00f3n:<\/strong> Avenida principal Las Pilas (mas arriba del centro clinico)Urbanizacion Santa Ines casa 2-52 San Crist\u00f3bal, estado T\u00e1chira.<\/p>\n<p><strong>Tel: <\/strong>0058 (412) 9530286<\/p>\n<p>______________________________________<\/p>\n<h2>TECHO Venezuela<\/h2>\n<p><strong>Email: <\/strong>personas.venezuela@techo.org<\/p>\n<h3>Caracas \u2013 Distrito Capital<\/h3>\n<p><strong>Direcci\u00f3n: <\/strong>Av. Blandin C.C San Ignacio, Nivel. Torre Cop\u00e9rnico, Piso 3 La Castellana.<br \/>\n<strong>Tel: <\/strong>0058 (412) 6358911<\/p>\n<h3>Maracaibo \u2013 Zulia<\/h3>\n<p><strong>Direcci\u00f3n: <\/strong>Oficina distinguida con el n\u00famero 3D-106, calle 65. Sector Las Mercedes. Parroquia Olegario Villalobos.<br \/>\n<strong>Tel: <\/strong>0058 (412) 6358911<\/p>\n<p>_______________________________________________________________________<\/p>\n<h2>World Vision<\/h2>\n<p><strong>Email: <\/strong>comunicaciones_venezuela@wvi.org<\/p>\n<h3>Barinas \u2013 Barinas<\/h3>\n<p><strong>Direcci\u00f3n: <\/strong>Local Comercial N\u00b0 N1-10C, Centro Financiero Atef, Avenida Los Andes (antes Avenida Alberto Arvelo Torrealba). Urbanizaci\u00f3n Alto Barinas Norte, Parroquia Alto Barinas, estado Barinas.<br \/>\n<strong>Tel:\u00a0<\/strong><\/p>\n<h3>Sede Las Mercedes en Caracas \u2013 Distrito Capital<\/h3>\n<p><strong>Direcci\u00f3n: <\/strong>Torre HTO, piso 1, local 1, oficina 14, calle New York entre calles Londres y Avenida Principal de la Urbanizaci\u00f3n Las Mercedes<br \/>\n<strong>Tel:\u00a0<\/strong><\/p>\n<h3>Sede Centro Plaza en Caracas &#8211; Distrito Capital<\/h3>\n<p><strong>Direcci\u00f3n: <\/strong>Centro comercial \u201cCentro Plaza\u201d, oficinas n\u00fameros C-11_D y C-11_E, de la Torre \u201cC\u201d situadas en la avenida Francisco de Miranda, intersecci\u00f3n con la prolongaci\u00f3n de la Avenida Andr\u00e9s Bello de la Urbanizaci\u00f3n Los Palos Grandes.<br \/>\n<strong>Tel:\u00a0<\/strong><\/p>\n<h3>San Crist\u00f3bal &#8211; T\u00e1chira<\/h3>\n<p><strong>Direcci\u00f3n:<\/strong> Carrera 8, antiguo Centro Operativo de CANTV, entre avenida Espa\u00f1a y Calle Vista.<br \/>\n<strong>Tel:\u00a0<\/strong><\/p>\n","protected":false},"excerpt":{"rendered":"<p>Caritas Caracas &#8211; Distrito Capital Email: caritascaracas1958@gmail.com Direcci\u00f3n: Av. Sojo, Urb. El Rosal, al lado del Complejo Parroquial &#8220;Inmaculado Coraz\u00f3n de Mar\u00eda&#8221;. Tel: 0058 (212) 9530678 _______________________________________________________________________ Comitato Internazionale per lo Sviluppo dei Popoli- CISP Email: VENEZUELA@CISP-NGO.ORG M\u00e9rida &#8211; M\u00e9rida Direcci\u00f3n: Urb. El Carrizal B, calle Los Caobos, # 146, M\u00e9rida, estado M\u00e9rida Tel: 0058 [&hellip;]<\/p>\n","protected":false},"author":1,"featured_media":0,"parent":8,"menu_order":2,"comment_status":"closed","ping_status":"closed","template":"","meta":{"_acf_changed":false,"footnotes":""},"class_list":["post-25","page","type-page","status-publish","hentry"],"acf":[],"_links":{"self":[{"href":"https:\/\/help.unhcr.org\/venezuela\/wp-json\/wp\/v2\/pages\/25","targetHints":{"allow":["GET"]}}],"collection":[{"href":"https:\/\/help.unhcr.org\/venezuela\/wp-json\/wp\/v2\/pages"}],"about":[{"href":"https:\/\/help.unhcr.org\/venezuela\/wp-json\/wp\/v2\/types\/page"}],"author":[{"embeddable":true,"href":"https:\/\/help.unhcr.org\/venezuela\/wp-json\/wp\/v2\/users\/1"}],"replies":[{"embeddable":true,"href":"https:\/\/help.unhcr.org\/venezuela\/wp-json\/wp\/v2\/comments?post=25"}],"version-history":[{"count":68,"href":"https:\/\/help.unhcr.org\/venezuela\/wp-json\/wp\/v2\/pages\/25\/revisions"}],"predecessor-version":[{"id":783,"href":"https:\/\/help.unhcr.org\/venezuela\/wp-json\/wp\/v2\/pages\/25\/revisions\/783"}],"up":[{"embeddable":true,"href":"https:\/\/help.unhcr.org\/venezuela\/wp-json\/wp\/v2\/pages\/8"}],"wp:attachment":[{"href":"https:\/\/help.unhcr.org\/venezuela\/wp-json\/wp\/v2\/media?parent=25"}],"curies":[{"name":"wp","href":"https:\/\/api.w.org\/{rel}","templated":true}]}}