{"id":153,"date":"2020-02-04T18:41:29","date_gmt":"2020-02-04T18:41:29","guid":{"rendered":"http:\/\/help.unhcr.org\/venezuela\/?page_id=153"},"modified":"2023-02-16T19:52:45","modified_gmt":"2023-02-16T19:52:45","slug":"apatridia","status":"publish","type":"page","link":"https:\/\/help.unhcr.org\/venezuela\/apatridia\/","title":{"rendered":"Apatridia"},"content":{"rendered":"<p>La definici\u00f3n legal internacional de ap\u00e1trida es \u201cuna persona que no es reconocida por ning\u00fan pa\u00eds como ciudadano conforme a su legislaci\u00f3n\u201d. En t\u00e9rminos simples, esto significa que una persona ap\u00e1trida no tiene la nacionalidad de ning\u00fan pa\u00eds. Algunas personas nacen sin estado, pero otras se convierten en ap\u00e1tridas.<\/p>\n<p>La apatridia puede ocurrir por varias razones, incluida el no registro de nacimientos, la discriminaci\u00f3n contra determinados grupos \u00e9tnicos o religiosos, o por motivos de g\u00e9nero; la aparici\u00f3n de nuevos Estados y las transferencias de territorio entre los Estados existentes; y vac\u00edos en las leyes de nacionalidad.<\/p>\n<p>Cualquiera que sea la causa, la apatridia tiene graves consecuencias para el acceso a derechos y servicios de las personas.<\/p>\n<h2><\/h2>\n","protected":false},"excerpt":{"rendered":"<p>La definici\u00f3n legal internacional de ap\u00e1trida es \u201cuna persona que no es reconocida por ning\u00fan pa\u00eds como ciudadano conforme a su legislaci\u00f3n\u201d. En t\u00e9rminos simples, esto significa que una persona ap\u00e1trida no tiene la nacionalidad de ning\u00fan pa\u00eds. Algunas personas nacen sin estado, pero otras se convierten en ap\u00e1tridas. La apatridia puede ocurrir por varias [&hellip;]<\/p>\n","protected":false},"author":1,"featured_media":0,"parent":0,"menu_order":5,"comment_status":"closed","ping_status":"closed","template":"","meta":{"_acf_changed":false,"footnotes":""},"class_list":["post-153","page","type-page","status-publish","hentry"],"acf":[],"_links":{"self":[{"href":"https:\/\/help.unhcr.org\/venezuela\/wp-json\/wp\/v2\/pages\/153","targetHints":{"allow":["GET"]}}],"collection":[{"href":"https:\/\/help.unhcr.org\/venezuela\/wp-json\/wp\/v2\/pages"}],"about":[{"href":"https:\/\/help.unhcr.org\/venezuela\/wp-json\/wp\/v2\/types\/page"}],"author":[{"embeddable":true,"href":"https:\/\/help.unhcr.org\/venezuela\/wp-json\/wp\/v2\/users\/1"}],"replies":[{"embeddable":true,"href":"https:\/\/help.unhcr.org\/venezuela\/wp-json\/wp\/v2\/comments?post=153"}],"version-history":[{"count":3,"href":"https:\/\/help.unhcr.org\/venezuela\/wp-json\/wp\/v2\/pages\/153\/revisions"}],"predecessor-version":[{"id":605,"href":"https:\/\/help.unhcr.org\/venezuela\/wp-json\/wp\/v2\/pages\/153\/revisions\/605"}],"wp:attachment":[{"href":"https:\/\/help.unhcr.org\/venezuela\/wp-json\/wp\/v2\/media?parent=153"}],"curies":[{"name":"wp","href":"https:\/\/api.w.org\/{rel}","templated":true}]}}