{"id":15,"date":"2017-11-06T15:56:25","date_gmt":"2017-11-06T15:56:25","guid":{"rendered":"http:\/\/help.unhcr.org\/venezuela\/?page_id=15"},"modified":"2026-02-05T20:35:08","modified_gmt":"2026-02-05T20:35:08","slug":"organismos-internacionales","status":"publish","type":"page","link":"https:\/\/help.unhcr.org\/venezuela\/donde-encontrar-ayuda-2\/organismos-internacionales\/","title":{"rendered":"Oficinas de ACNUR"},"content":{"rendered":"<p>El Alto Comisionado de las Naciones Unidas para los Refugiados, ACNUR, es un organismo humanitario y apol\u00edtico creado por la Asamblea General de la ONU en el a\u00f1o 1950.<\/p>\n<p>Su principal prop\u00f3sito es salvaguardar los derechos y el bienestar de las personas que se han visto obligadas a huir a otros pa\u00edses, as\u00ed como aquellos que no tienen nacionalidad.<\/p>\n<p>Junto con sus socios y las comunidades, ACNUR trabaja para asegurar que las personas desplazadas forzosamente logren una soluci\u00f3n duradera a su situaci\u00f3n.<\/p>\n<p>Adem\u00e1s de su sede en Caracas, ACNUR tiene tres oficinas de terreno en San Crist\u00f3bal (estado T\u00e1chira), Maracaibo, (estado Zulia) y Car\u00fapano (estado Sucre).<\/p>\n<h2><strong>ACNUR- Caracas<\/strong><\/h2>\n<p><strong>Direcci\u00f3n: <\/strong>Quinta Alida, Transversal 5 de Altamira, Caracas 1060.<br \/>\n<strong>N\u00famero de atenci\u00f3n:<\/strong> <a href=\"tel:04241430035\">tel:04241430025<\/a> \/<a href=\"tel:04241414058\">tel:04241414058<\/a><br \/>\n<strong>Email:<\/strong> <a href=\"mailto:vencauip@unhcr.org\">vencauip@unhcr.org<\/a><\/p>\n<h2><strong>ACNUR &#8211; San Crist\u00f3bal<\/strong><\/h2>\n<p><strong>Direcci\u00f3n:<\/strong> Carrera 8, entre Avenida Espa\u00f1a y Calle Vista, antiguo Centro Operativo de CANTV, Sector Pueblo Nuevo, Parroquia San Juan Bautista, Municipio San Crist\u00f3bal, estado T\u00e1chira.<br \/>\n<strong>N\u00famero de atenci\u00f3n:<\/strong> <a href=\"tel:04242704187\">tel:04242704187<\/a><br \/>\n<strong>Email:<\/strong> <a href=\"mailto:vensc@unhcr.org\">vensc@unhcr.org<\/a><\/p>\n<h2><strong>ACNUR &#8211; Maracaibo<\/strong><\/h2>\n<p><strong>Direcci\u00f3n:<\/strong> Avenida 3H entre la calle 80 y 81. Casa N.-80-33, Sector Santa Mar\u00eda, Parroquia Santa Luc\u00eda. Municipio Maracaibo. Diagonal a Pollos 3H.<br \/>\n<strong>N\u00famero de atenci\u00f3n<\/strong>: <a href=\"tel:04265335197\">tel:04122631681<\/a> \/ <a href=\"tel:04242184133\">tel:04242184133<\/a> \/ <a href=\"tel:04242184096\">tel:04242180841<\/a> \/ <a href=\"tel:04122631681\">tel:04242184096<\/a><br \/>\n<strong>Email:<\/strong> <a href=\"mailto:venmr@unhcr.org\">venmr@unhcr.org<\/a><\/p>\n<h2><\/h2>\n<h2><\/h2>\n<h2><\/h2>\n<h2><\/h2>\n<h2><\/h2>\n<h2><\/h2>\n<h2><\/h2>\n<h2><\/h2>\n<h2><\/h2>\n<h2><\/h2>\n<h2><\/h2>\n<h2><\/h2>\n<h2><\/h2>\n<h2><\/h2>\n<h2><\/h2>\n<h2><\/h2>\n<h2><\/h2>\n<h2><\/h2>\n<h2><\/h2>\n<h2><\/h2>\n<h2><\/h2>\n<h2><\/h2>\n<h2><\/h2>\n<h2><\/h2>\n<h2><\/h2>\n<h2><\/h2>\n<h2><\/h2>\n<h2><\/h2>\n<h2><\/h2>\n<h2><\/h2>\n<h2><\/h2>\n<h2><\/h2>\n<h2><\/h2>\n<h2><\/h2>\n<h2><\/h2>\n<h2><\/h2>\n<h2><\/h2>\n<h2><\/h2>\n<h2><\/h2>\n<h2><\/h2>\n<h2><\/h2>\n<h2><\/h2>\n<h2><\/h2>\n<h2><\/h2>\n<h2><\/h2>\n<h2><\/h2>\n<h2><\/h2>\n<h2><\/h2>\n<h2><\/h2>\n<h2><\/h2>\n<h2><\/h2>\n<h2><\/h2>\n<h2><\/h2>\n<h2><\/h2>\n<h2><\/h2>\n<h2><\/h2>\n<h2><\/h2>\n<h2><\/h2>\n<h2><\/h2>\n<h2><\/h2>\n<h2><\/h2>\n<h2><\/h2>\n<h2><\/h2>\n<h2><\/h2>\n<h2><\/h2>\n<h2><\/h2>\n<h2><\/h2>\n<h2><\/h2>\n<h2><\/h2>\n<h2><\/h2>\n<h2><\/h2>\n<h2><\/h2>\n<h2><\/h2>\n<h2><\/h2>\n<h2><\/h2>\n<h2><\/h2>\n<h2><\/h2>\n<h2><\/h2>\n<h2><\/h2>\n<h2><\/h2>\n<h2><\/h2>\n<h2><\/h2>\n<h2><\/h2>\n<h2><\/h2>\n<h2><\/h2>\n<h2><\/h2>\n<h2><\/h2>\n<h2><\/h2>\n<h2><\/h2>\n<h2><\/h2>\n<h2><\/h2>\n<h2><\/h2>\n<h2><\/h2>\n<h2><\/h2>\n<h2><\/h2>\n<h2><\/h2>\n<h2><\/h2>\n<h2><\/h2>\n<h2><\/h2>\n<h2><\/h2>\n<h2><\/h2>\n<h2><\/h2>\n<h2><\/h2>\n<h2><\/h2>\n<h2><\/h2>\n<h2><\/h2>\n<h2><\/h2>\n<h2><\/h2>\n<h2><\/h2>\n<h2><\/h2>\n<h2><\/h2>\n<h2><\/h2>\n<h2><\/h2>\n<h2><\/h2>\n<h2><\/h2>\n<h2><\/h2>\n<h2><\/h2>\n<h2><\/h2>\n<h2><\/h2>\n<h2><\/h2>\n<h2><\/h2>\n<h2><\/h2>\n<h2><\/h2>\n<h2><\/h2>\n<h2><\/h2>\n<h2><\/h2>\n<h2><\/h2>\n<h2><\/h2>\n<h2><\/h2>\n<h2><\/h2>\n<h2><\/h2>\n<h2><\/h2>\n<h2><\/h2>\n<h2><\/h2>\n<h2><\/h2>\n<h2><\/h2>\n<h2><\/h2>\n<h2><\/h2>\n<h2><\/h2>\n<h2><\/h2>\n<h2><\/h2>\n<h2><\/h2>\n<h2><\/h2>\n<h2><\/h2>\n<h2><\/h2>\n","protected":false},"excerpt":{"rendered":"<p>El Alto Comisionado de las Naciones Unidas para los Refugiados, ACNUR, es un organismo humanitario y apol\u00edtico creado por la Asamblea General de la ONU en el a\u00f1o 1950. Su principal prop\u00f3sito es salvaguardar los derechos y el bienestar de las personas que se han visto obligadas a huir a otros pa\u00edses, as\u00ed como aquellos [&hellip;]<\/p>\n","protected":false},"author":1,"featured_media":0,"parent":8,"menu_order":-1,"comment_status":"closed","ping_status":"closed","template":"","meta":{"_acf_changed":false,"footnotes":""},"class_list":["post-15","page","type-page","status-publish","hentry"],"acf":[],"_links":{"self":[{"href":"https:\/\/help.unhcr.org\/venezuela\/wp-json\/wp\/v2\/pages\/15","targetHints":{"allow":["GET"]}}],"collection":[{"href":"https:\/\/help.unhcr.org\/venezuela\/wp-json\/wp\/v2\/pages"}],"about":[{"href":"https:\/\/help.unhcr.org\/venezuela\/wp-json\/wp\/v2\/types\/page"}],"author":[{"embeddable":true,"href":"https:\/\/help.unhcr.org\/venezuela\/wp-json\/wp\/v2\/users\/1"}],"replies":[{"embeddable":true,"href":"https:\/\/help.unhcr.org\/venezuela\/wp-json\/wp\/v2\/comments?post=15"}],"version-history":[{"count":54,"href":"https:\/\/help.unhcr.org\/venezuela\/wp-json\/wp\/v2\/pages\/15\/revisions"}],"predecessor-version":[{"id":786,"href":"https:\/\/help.unhcr.org\/venezuela\/wp-json\/wp\/v2\/pages\/15\/revisions\/786"}],"up":[{"embeddable":true,"href":"https:\/\/help.unhcr.org\/venezuela\/wp-json\/wp\/v2\/pages\/8"}],"wp:attachment":[{"href":"https:\/\/help.unhcr.org\/venezuela\/wp-json\/wp\/v2\/media?parent=15"}],"curies":[{"name":"wp","href":"https:\/\/api.w.org\/{rel}","templated":true}]}}