{"id":10,"date":"2017-11-06T15:37:12","date_gmt":"2017-11-06T15:37:12","guid":{"rendered":"http:\/\/help.unhcr.org\/venezuela\/?page_id=10"},"modified":"2025-04-24T18:14:56","modified_gmt":"2025-04-24T18:14:56","slug":"instituciones-publicas","status":"publish","type":"page","link":"https:\/\/help.unhcr.org\/venezuela\/donde-encontrar-ayuda-2\/instituciones-publicas\/","title":{"rendered":"Instituciones P\u00fablicas"},"content":{"rendered":"\n<p><br><\/p>\n\n\n<h2><strong>Comisi\u00f3n Nacional para los Refugiados (CONARE)<\/strong><\/h2>\n<p>La CONARE es el organismo rector en materia de protecci\u00f3n internacional en el pa\u00eds. Dentro de sus funciones esta: orientar y coordinar las acciones necesarias para brindar protecci\u00f3n, asistencia y apoyo jur\u00eddico a las personas solicitantes de refugio y refugiados o refugiadas; y expedir el documento provisional a fin de garantizar su permanencia temporal en el territorio nacional hasta tanto se decida sobre el reconocimiento de la condici\u00f3n de refugiado o refugiada.<\/p>\n<h3><strong>Sede principal \u2013 Caracas, Distrito Capital<\/strong><\/h3>\n<p>Direcci\u00f3n: Av. Universidad esquina de San Francisco, Centro Mercantil Piso Oficina 4-11. Parroquia Altagracia, Municipio Libertador, Distrito Capital.<br \/>Tel: En caso de emergencia, contactar a los tel\u00e9fonos de emergencia de ACNUR.<br \/>Sitio web: http:\/\/mppre.gob.ve\/conare\/<\/p>\n<p>\u00a0Atenci\u00f3n remota para solicitantes de la condici\u00f3n de refugiado y refugiados, (regi\u00f3n central). Tel: (0424) 1247284<strong>.<\/strong><\/p>\n<h3><strong>CONARE T\u00e1chira<\/strong><\/h3>\n<p>Direcci\u00f3n: Avenida Principal 7ta Avenida, entre calle 11 y 12, Centro Torre Uni\u00f3n, piso 8, Oficina 8-B, (al lado de Banesco) parroquia San Juan Bautista, Municipio San Crist\u00f3bal, estado T\u00e1chira.<br \/>cnrtachira2015@gmail.com<br \/>Sitio web: http:\/\/mppre.gob.ve\/conare\/<\/p>\n<h3><strong>CONARE Apure<\/strong><\/h3>\n<p>Direcci\u00f3n: Calle Bol\u00edvar, frente a la plaza Bol\u00edvar, Casa de Gobierno, Oficina MPPRE, Parroquia Guasdualito, Municipio P\u00e1ez, estado Apure.<br \/>Horario de atenci\u00f3n: lunes a jueves\u00a0de 10:00 am a 3:00 pm.<\/p>\n<p>Tel: (0278) 3321016. \/ (0424) 7676584.<br \/>Sitio web: http:\/\/mppre.gob.ve\/conare\/<\/p>\n<h3><strong>CONARE Zulia<\/strong><\/h3>\n<p>Direcci\u00f3n: Instituto Zuliano de Estudios Fronterizos (IZEFZ) Av. 18, entre Calles 77 y 78, Edif. Lieja, Piso 6, Maracaibo, estado Zulia.<br \/>Tel: +58 424 2743743<br \/>Sitio web: http:\/\/mppre.gob.ve\/conare\/<\/p>\n<p>\u00a0<\/p>\n<h2>________________________________________<br \/><strong>Defensor\u00eda del Pueblo<\/strong><\/h2>\n<p>La Defensor\u00eda del Pueblo tiene a su cargo la promoci\u00f3n, defensa y vigilancia de los derechos y garant\u00edas de los ciudadanos, incluido los refugiados, dentro del territorio nacional.<\/p>\n<p>Tel: (0212).507.7071.<\/p>\n<p>Sitio web: http:\/\/www.defensoria.gob.ve\/<br \/>Correo electr\u00f3nico: denuncias@defensoria.gob.ve<\/p>\n<h3><strong>Amazonas<\/strong><\/h3>\n<p>Direcci\u00f3n: Urbanizaci\u00f3n Andr\u00e9s Eloy blanco calle N\u00b0 5 detr\u00e1s del edificio Bellmar detr\u00e1s de oficina MRW Puerto Ayacucho, Municipio Atures estado Amazonas.<br \/>Tel: (0248) 521.04.46 &#8211; 521.31.14<\/p>\n<h3><strong>\u00c1rea Metropolitana de Caracas<\/strong><\/h3>\n<p>Direcci\u00f3n: Edificio Defensor\u00eda del Pueblo, Plaza Morelos, Avenida M\u00e9xico, Caracas, Distrito Capital.<br \/>Tel: (0212) 507.70.06 \u2013 507.70.40<\/p>\n<h3><strong>Apure<\/strong><\/h3>\n<p>Direcci\u00f3n: Carrera Urdaneta, entre Calles Cede\u00f1o y V\u00e1zquez, Guasdualito, estado Apure.<br \/>Tel: (0278) 332.12.56<\/p>\n<h3><strong>Bol\u00edvar<\/strong><\/h3>\n<p>Direcci\u00f3n: Centro Comercial Don Lucio, Local N\u00b0 07, Avenida Libertador, Ciudad Bol\u00edvar, estado Bol\u00edvar.<br \/>Tel: (0285) 631.55.99 &#8211; 631.53.72<\/p>\n<h3><strong>T\u00e1chira<\/strong><\/h3>\n<p>Direcci\u00f3n: 7ma. Avenida, entre Calles 10 y 11, Edificio Florida, Mezzanina, San Crist\u00f3bal, estado T\u00e1chira.<br \/>Tel: (0276) 341.94.89 &#8211; 342.34.02<\/p>\n<h3><strong>Zulia<\/strong><\/h3>\n<p>Direcci\u00f3n: Local M-27 del Palacio de Eventos de Maracaibo, Avenida 58 con Circunvalaci\u00f3n No. 2, Maracaibo, estado Zulia.Tel: (0426) 511.30.35 &#8211; (0414) 362.72.77<br \/>Para informaci\u00f3n sobre otras sedes defensoriales, consultar: http:\/\/www.defensoria.gob.ve\/contactanos\/sedes-regionales.html<\/p>\n<p>_______________________________________________________________________<\/p>\n<h2><strong>Servicio Administrativo de Identificaci\u00f3n, Migraci\u00f3n y Extranjer\u00eda (SAIME)<\/strong><\/h2>\n<p>SAIME es el organismo rector en materia de derecho a la identidad, identificaci\u00f3n y migraci\u00f3n. Sus funcionarios tienen la competencia de brindar la debida identificaci\u00f3n a los refugiados reconocidos.<\/p>\n<p>Tel: 0058 (0800) 724 63 00<br \/>Website: http:\/\/www.saime.gob.ve\/<br \/>Instagram: @redsocialsaime<\/p>","protected":false},"excerpt":{"rendered":"<p>Comisi\u00f3n Nacional para los Refugiados (CONARE) La CONARE es el organismo rector en materia de protecci\u00f3n internacional en el pa\u00eds. Dentro de sus funciones esta: orientar y coordinar las acciones necesarias para brindar protecci\u00f3n, asistencia y apoyo jur\u00eddico a las personas solicitantes de refugio y refugiados o refugiadas; y expedir el documento provisional a fin [&hellip;]<\/p>\n","protected":false},"author":1,"featured_media":0,"parent":8,"menu_order":0,"comment_status":"closed","ping_status":"closed","template":"","meta":{"_acf_changed":false,"footnotes":""},"class_list":["post-10","page","type-page","status-publish","hentry"],"acf":[],"_links":{"self":[{"href":"https:\/\/help.unhcr.org\/venezuela\/wp-json\/wp\/v2\/pages\/10","targetHints":{"allow":["GET"]}}],"collection":[{"href":"https:\/\/help.unhcr.org\/venezuela\/wp-json\/wp\/v2\/pages"}],"about":[{"href":"https:\/\/help.unhcr.org\/venezuela\/wp-json\/wp\/v2\/types\/page"}],"author":[{"embeddable":true,"href":"https:\/\/help.unhcr.org\/venezuela\/wp-json\/wp\/v2\/users\/1"}],"replies":[{"embeddable":true,"href":"https:\/\/help.unhcr.org\/venezuela\/wp-json\/wp\/v2\/comments?post=10"}],"version-history":[{"count":26,"href":"https:\/\/help.unhcr.org\/venezuela\/wp-json\/wp\/v2\/pages\/10\/revisions"}],"predecessor-version":[{"id":701,"href":"https:\/\/help.unhcr.org\/venezuela\/wp-json\/wp\/v2\/pages\/10\/revisions\/701"}],"up":[{"embeddable":true,"href":"https:\/\/help.unhcr.org\/venezuela\/wp-json\/wp\/v2\/pages\/8"}],"wp:attachment":[{"href":"https:\/\/help.unhcr.org\/venezuela\/wp-json\/wp\/v2\/media?parent=10"}],"curies":[{"name":"wp","href":"https:\/\/api.w.org\/{rel}","templated":true}]}}