{"id":1154,"date":"2022-11-14T14:59:19","date_gmt":"2022-11-14T14:59:19","guid":{"rendered":"https:\/\/help.unhcr.org\/usa\/?page_id=1154"},"modified":"2024-04-19T19:59:55","modified_gmt":"2024-04-19T19:59:55","slug":"deklarasyon-kwape-retounen-pou-ayiti","status":"publish","type":"page","link":"https:\/\/help.unhcr.org\/usa\/deklarasyon-kwape-retounen-pou-ayiti\/","title":{"rendered":"Deklarasyon kwape-retounen pou Ayiti"},"content":{"rendered":"\n<p>Nan dat 20 Mas 2024, Ajans Nasyonzini pou Refijye (UNHCR, <em>an angl\u00e8<\/em>) te pibliye Konsiderasyon Pwoteksyon Ent\u00e8nasyonal kons\u00e8nan Moun k ap Kouri kite Ayiti, ki disponib an Angle <a href=\"https:\/\/www.refworld.org\/policy\/countrypos\/unhcr\/2024\/en\/147710\">la a<\/a>.<\/p>\n\n\n\n<p>Nan dat 3 Novanm 2022, Ajans Nasyonzini pou Refijye (UNHCR, <em>an angl\u00e8<\/em>) te pibliye yon deklarasyon kwape-retounen pou Ayiti, ki mande pou tout eta yo sispann ak retounen f\u00f2se moun ale an Ayiti. Ou ka jwenn deklarasyon an <a href=\"https:\/\/www.unhcr.org\/news\/press\/2022\/11\/6363acd64\/unhcr-calls-states-refrain-forced-returns-haitians.html#:~:text=UNHCR%20calls%20on%20States%20to%20refrain%20from%20forced,the%20forced%20return%20of%20Haitians%20to%20their%20country.\" target=\"_blank\" rel=\"noreferrer noopener\">la a.<\/a>\u00a0<\/p>\n\n\n\n<p>Gen l\u00f2t \u00f2ganis Nasyonzini ki te pibliye deklarasyon kons\u00e8nan kondisyon ann Ayiti yo, ladan yo gen sa yo mansyone anba a:&nbsp;<\/p>\n\n\n\n<ul class=\"wp-block-list\">\n<li>Deklarasyon ent\u00e8-ajans Nasyonzini (30 Septanm 2021), ki disponib <a href=\"https:\/\/eur02.safelinks.protection.outlook.com\/?url=https%3A%2F%2Fwww.unhcr.org%2Fnews%2Fpress%2F2021%2F9%2F6155964b4%2Fun-agencies-call-protection-measures-comprehensive-regional-approach-haitians.html&amp;data=05%7C01%7Cmoyera%40unhcr.org%7Cf13e619a70434e2e480a08dabdc510c5%7Ce5c37981666441348a0c6543d2af80be%7C0%7C0%7C638030951485605300%7CUnknown%7CTWFpbGZsb3d8eyJWIjoiMC4wLjAwMDAiLCJQIjoiV2luMzIiLCJBTiI6Ik1haWwiLCJXVCI6Mn0%3D%7C2000%7C%7C%7C&amp;sdata=Sv0NRyXMhJRIG3ALPHmgLlrpIVIQw1gqT%2FnNybzf5W0%3D&amp;reserved=0\" target=\"_blank\" rel=\"noreferrer noopener\">la a.<\/a>&nbsp;<\/li>\n\n\n\n<li>Deklarasyon Biwo Komisyon\u00e8 Prensipal pou Dwa Moun (OHCHR, <em>an angl\u00e8<\/em>) sou vyolans gang yo (14 Okt\u00f2b 2022), ki disponib <a href=\"https:\/\/eur02.safelinks.protection.outlook.com\/?url=https%3A%2F%2Fwww.ohchr.org%2Fen%2Fpress-releases%2F2022%2F10%2Fhaiti-gangs-use-sexual-violence-instill-fear-un-report&amp;data=05%7C01%7Cmoyera%40unhcr.org%7Cf13e619a70434e2e480a08dabdc510c5%7Ce5c37981666441348a0c6543d2af80be%7C0%7C0%7C638030951485605300%7CUnknown%7CTWFpbGZsb3d8eyJWIjoiMC4wLjAwMDAiLCJQIjoiV2luMzIiLCJBTiI6Ik1haWwiLCJXVCI6Mn0%3D%7C2000%7C%7C%7C&amp;sdata=7lRn9RHGH%2BhjZ%2BeJuAfCw%2FhQLLgLK%2FqM4d3aqixKVKQ%3D&amp;reserved=0\" target=\"_blank\" rel=\"noreferrer noopener\">la a.<\/a>&nbsp;<\/li>\n\n\n\n<li>Deklarasyon \u00f2ganis trete Komite Nasyonzini pou Dwa Timoun (CRC, <em>an angl\u00e8<\/em>) (1 Novanm 2022), ki disponib <a href=\"https:\/\/www.ohchr.org\/en\/statements\/2022\/11\/immediate-action-needed-save-childrens-lives-haiti-amid-triple-threat-cholera\" target=\"_blank\" rel=\"noreferrer noopener\">la a.<\/a>&nbsp;&nbsp;<\/li>\n\n\n\n<li>Deklarasyon Biwo Komisyon\u00e8 Prensipal pou Dwa Moun (OHCHR, <em>an angl\u00e8<\/em>) (3 Novanm 2022), ki disponib <a href=\"https:\/\/www.ohchr.org\/en\/press-releases\/2022\/11\/haiti-international-community-must-act-now-avert-tragedy-turk\" target=\"_blank\" rel=\"noreferrer noopener\">la a.<\/a>&nbsp;&nbsp;<\/li>\n\n\n\n<li>Deklarasyon Komisyon\u00e8 Prensipal pou Dwa Moun sou dep\u00f2tasyon an Ayiti pa Repiblik Dominik\u00e8n (10 Novanm 2022), ki disponib <a href=\"https:\/\/www.ohchr.org\/en\/press-releases\/2022\/11\/haiti-international-community-must-act-now-avert-tragedy-turk\" target=\"_blank\" rel=\"noreferrer noopener\">la a.<\/a><\/li>\n<\/ul>\n\n\n\n<p>Y ap pataje plis enf\u00f2masyon l\u00e8 yo disponib.&nbsp;<\/p>\n","protected":false},"excerpt":{"rendered":"<p>Nan dat 20 Mas 2024, Ajans Nasyonzini pou Refijye (UNHCR, an angl\u00e8) te pibliye Konsiderasyon Pwoteksyon Ent\u00e8nasyonal kons\u00e8nan Moun k ap Kouri kite Ayiti, ki disponib an Angle la a. Nan dat 3 Novanm 2022, Ajans Nasyonzini pou Refijye (UNHCR, an angl\u00e8) te pibliye yon deklarasyon kwape-retounen pou Ayiti, ki mande pou tout eta yo [&hellip;]<\/p>\n","protected":false},"author":334,"featured_media":0,"parent":0,"menu_order":0,"comment_status":"closed","ping_status":"closed","template":"","meta":{"_acf_changed":false,"footnotes":""},"class_list":["post-1154","page","type-page","status-publish","hentry"],"acf":[],"_links":{"self":[{"href":"https:\/\/help.unhcr.org\/usa\/wp-json\/wp\/v2\/pages\/1154","targetHints":{"allow":["GET"]}}],"collection":[{"href":"https:\/\/help.unhcr.org\/usa\/wp-json\/wp\/v2\/pages"}],"about":[{"href":"https:\/\/help.unhcr.org\/usa\/wp-json\/wp\/v2\/types\/page"}],"author":[{"embeddable":true,"href":"https:\/\/help.unhcr.org\/usa\/wp-json\/wp\/v2\/users\/334"}],"replies":[{"embeddable":true,"href":"https:\/\/help.unhcr.org\/usa\/wp-json\/wp\/v2\/comments?post=1154"}],"version-history":[{"count":3,"href":"https:\/\/help.unhcr.org\/usa\/wp-json\/wp\/v2\/pages\/1154\/revisions"}],"predecessor-version":[{"id":1215,"href":"https:\/\/help.unhcr.org\/usa\/wp-json\/wp\/v2\/pages\/1154\/revisions\/1215"}],"wp:attachment":[{"href":"https:\/\/help.unhcr.org\/usa\/wp-json\/wp\/v2\/media?parent=1154"}],"curies":[{"name":"wp","href":"https:\/\/api.w.org\/{rel}","templated":true}]}}