{"id":235,"date":"2018-01-03T16:02:39","date_gmt":"2018-01-03T16:02:39","guid":{"rendered":"http:\/\/help.unhcr.org\/usa\/contact-us-2\/"},"modified":"2025-07-17T20:42:54","modified_gmt":"2025-07-17T20:42:54","slug":"contact-us","status":"publish","type":"page","link":"https:\/\/help.unhcr.org\/usa\/fr\/contact-us\/","title":{"rendered":"Contactez-nous"},"content":{"rendered":"<p><strong><em>\u00a0Veuillez noter que le Bureau R\u00e9gional du HCR \u00e0 Washington ne peut pas accepter des rendez-vous ou fournir de l\u2019assistance <span lang=\"fr\">financi\u00e8re<\/span>.<\/em><\/strong><\/p>\n<ul>\n<li>Pour les r\u00e9fugi\u00e9s et demandeurs d\u2019asile <strong>d\u00e9tenus<\/strong> aux \u00c9tats Unis, vous pouvez nous contacter gratuitement <strong>les lundis, mercredis et vendredis entre 14h et 17h de l\u2019apr\u00e8s midi EST fuseau horaire. <\/strong>Nous avons des interpr\u00e8tes si besoin. La ligne gratuite est accessible en composant le <strong>566#<\/strong> depuis les centres de d\u00e9tention.<\/li>\n<li>Veuillez lire les ressources sur la <a href=\"http:\/\/www.unhcr.org\/en-us\/asylum-information.html\" target=\"_blank\" rel=\"noopener noreferrer\">Demande d\u2019Asile<\/a> pour obtenir des informations et des ressources pour les r\u00e9fugi\u00e9s et les demandeurs d&rsquo;asile aux \u00c9tats Unis.<\/li>\n<li>Si vous \u00eates un r\u00e9fugi\u00e9 ou un demandeur d\u2019asile n\u00e9cessitant de l\u2019aide aux Etats Unis, vous pouvez nous contacter par email \u00e0 <a href=\"mailto:usawainq@unhcr.org\">usawainq@unhcr.org<\/a>.\n<ul>\n<li>\n<div><strong>Veuillez noter que le bureau r\u00e9gional du HCR \u00e0 Washington ne peut aider que les r\u00e9fugi\u00e9s ou les demandeurs d&rsquo;asile ayant besoin d&rsquo;assistance qui se trouvent aux \u00c9tats-Unis. Si vous \u00eates un r\u00e9fugi\u00e9 ou un demandeur d&rsquo;asile ayant besoin d&rsquo;assistance et que vous vous trouvez en dehors des \u00c9tats-Unis, veuillez consulter notre <\/strong><a href=\"https:\/\/www.unhcr.org\/contact-us\" target=\"_blank\" rel=\"noopener noreferrer\">Annuaire Mondial du HCR<\/a> <strong>et contacter le bureau du HCR dans votre pays de r\u00e9sidence actuel pour obtenir de l&rsquo;aide.<\/strong><\/div>\n<\/li>\n<\/ul>\n<\/li>\n<\/ul>\n<p><a href=\"https:\/\/www.unhcr.org\/contact-us\" target=\"_blank\" rel=\"noopener noreferrer\">Annuaire Mondial du HCR<\/a>: Si vous avez fui votre pays d\u2019origine, vous souhaiterez peut \u00eatre contacter un bureau du HCR au sein de votre pays d\u2019origine pour obtenir de l\u2019aide. Le HCR peut assister les individus dans leur pays d\u2019origine seulement dans des situations particuli\u00e8res o\u00f9 le HCR est autoris\u00e9 \u00e0 travailler avec <a href=\"http:\/\/www.unhcr.org\/en-us\/internally-displaced-people.html\" target=\"_blank\" rel=\"noopener noreferrer\">les personnes d\u00e9plac\u00e9es \u00e0 l\u2019int\u00e9rieur de leur pays (IDP<\/a>). Les d\u00e9plac\u00e9s internes sont des individus qui ont \u00e9t\u00e9 forc\u00e9 de fuir leur maison mais qui habitent toujours au sein de leur pays d\u2019origine.<\/p>\n<p>Pour plus d\u2019information sur comment aider les r\u00e9fugi\u00e9s et demandeurs d\u2019asile, veuillez consulter le site <a href=\"http:\/\/www.unrefugees.org\/\" target=\"_blank\" rel=\"noopener noreferrer\">USA for UNHCR<\/a>.<\/p>\n","protected":false},"excerpt":{"rendered":"<p>\u00a0Veuillez noter que le Bureau R\u00e9gional du HCR \u00e0 Washington ne peut pas accepter des rendez-vous ou fournir de l\u2019assistance financi\u00e8re. Pour les r\u00e9fugi\u00e9s et demandeurs d\u2019asile d\u00e9tenus aux \u00c9tats Unis, vous pouvez nous contacter gratuitement les lundis, mercredis et vendredis entre 14h et 17h de l\u2019apr\u00e8s midi EST fuseau horaire. Nous avons des interpr\u00e8tes [&hellip;]<\/p>\n","protected":false},"author":1,"featured_media":0,"parent":0,"menu_order":5,"comment_status":"closed","ping_status":"closed","template":"","meta":{"_acf_changed":false,"footnotes":""},"class_list":["post-235","page","type-page","status-publish","hentry"],"acf":[],"_links":{"self":[{"href":"https:\/\/help.unhcr.org\/usa\/fr\/wp-json\/wp\/v2\/pages\/235","targetHints":{"allow":["GET"]}}],"collection":[{"href":"https:\/\/help.unhcr.org\/usa\/fr\/wp-json\/wp\/v2\/pages"}],"about":[{"href":"https:\/\/help.unhcr.org\/usa\/fr\/wp-json\/wp\/v2\/types\/page"}],"author":[{"embeddable":true,"href":"https:\/\/help.unhcr.org\/usa\/fr\/wp-json\/wp\/v2\/users\/1"}],"replies":[{"embeddable":true,"href":"https:\/\/help.unhcr.org\/usa\/fr\/wp-json\/wp\/v2\/comments?post=235"}],"version-history":[{"count":12,"href":"https:\/\/help.unhcr.org\/usa\/fr\/wp-json\/wp\/v2\/pages\/235\/revisions"}],"predecessor-version":[{"id":1292,"href":"https:\/\/help.unhcr.org\/usa\/fr\/wp-json\/wp\/v2\/pages\/235\/revisions\/1292"}],"wp:attachment":[{"href":"https:\/\/help.unhcr.org\/usa\/fr\/wp-json\/wp\/v2\/media?parent=235"}],"curies":[{"name":"wp","href":"https:\/\/api.w.org\/{rel}","templated":true}]}}