{"id":232,"date":"2018-01-03T15:52:23","date_gmt":"2018-01-03T15:52:23","guid":{"rendered":"http:\/\/help.unhcr.org\/usa\/unhcrs-role-in-the-united-states-2\/"},"modified":"2025-07-17T15:25:40","modified_gmt":"2025-07-17T15:25:40","slug":"unhcrs-role-in-the-united-states","status":"publish","type":"page","link":"https:\/\/help.unhcr.org\/usa\/fr\/unhcrs-role-in-the-united-states\/","title":{"rendered":"Le r\u00f4le du HCR aux Etats Unis"},"content":{"rendered":"<p>Les Etats Unis sont partie au Protocol de 1967 Relatif au Statut des R\u00e9fugi\u00e9s et le gouvernement am\u00e9ricain a la responsabilit\u00e9 de traiter les demandes d\u2019asile et de d\u00e9cider si quelqu\u2019un peut obtenir la protection l\u00e9gale aux Etats Unis.<\/p>\n<p>Les personnes qui demandent l\u2019asile aux Etats Unis sont sujettes aux lois nationales des Etats Unis et aux proc\u00e9dures d\u2019asiles qui sont en place. Pour plus d\u2019information, consultez le site de <a href=\"https:\/\/www.uscis.gov\/\" target=\"_blank\" rel=\"noopener\">United States Citizenship and Immigration Services<\/a>.<\/p>\n<p>Par cons\u00e9quent, aux Etats Unis:<\/p>\n<ul>\n<li>Le HCR <strong>n\u2019enregistre pas les<\/strong> r\u00e9fugi\u00e9s.<\/li>\n<li>Le HCR <strong>n\u2019examine pas<\/strong> les demandes d\u2019asile.<\/li>\n<li>Le HCR <strong>ne d\u00e9livre pas<\/strong> de documents concernant le statut l\u00e9gale des r\u00e9fugi\u00e9s &#8211; le gouvernement est en charge de ces responsabilit\u00e9s.<\/li>\n<li>Le HCR <strong>ne r\u00e9installe pas<\/strong> les demandeurs d\u2019asile ni les personnes pr\u00e9sentes aux \u00c9tats-Unis.<\/li>\n<\/ul>\n<p>Le HCR aux Etats Unis travaille avec le gouvernement, les organisations non gouvernementales, les communaut\u00e9s et r\u00e9seaux de volontaires afin d\u2019assurer la protection des r\u00e9fugi\u00e9s et des demandeurs d\u2019asile.<\/p>\n","protected":false},"excerpt":{"rendered":"<p>Les Etats Unis sont partie au Protocol de 1967 Relatif au Statut des R\u00e9fugi\u00e9s et le gouvernement am\u00e9ricain a la responsabilit\u00e9 de traiter les demandes d\u2019asile et de d\u00e9cider si quelqu\u2019un peut obtenir la protection l\u00e9gale aux Etats Unis. Les personnes qui demandent l\u2019asile aux Etats Unis sont sujettes aux lois nationales des Etats Unis [&hellip;]<\/p>\n","protected":false},"author":1,"featured_media":0,"parent":0,"menu_order":4,"comment_status":"closed","ping_status":"closed","template":"","meta":{"_acf_changed":false,"footnotes":""},"class_list":["post-232","page","type-page","status-publish","hentry"],"acf":[],"_links":{"self":[{"href":"https:\/\/help.unhcr.org\/usa\/fr\/wp-json\/wp\/v2\/pages\/232","targetHints":{"allow":["GET"]}}],"collection":[{"href":"https:\/\/help.unhcr.org\/usa\/fr\/wp-json\/wp\/v2\/pages"}],"about":[{"href":"https:\/\/help.unhcr.org\/usa\/fr\/wp-json\/wp\/v2\/types\/page"}],"author":[{"embeddable":true,"href":"https:\/\/help.unhcr.org\/usa\/fr\/wp-json\/wp\/v2\/users\/1"}],"replies":[{"embeddable":true,"href":"https:\/\/help.unhcr.org\/usa\/fr\/wp-json\/wp\/v2\/comments?post=232"}],"version-history":[{"count":6,"href":"https:\/\/help.unhcr.org\/usa\/fr\/wp-json\/wp\/v2\/pages\/232\/revisions"}],"predecessor-version":[{"id":1289,"href":"https:\/\/help.unhcr.org\/usa\/fr\/wp-json\/wp\/v2\/pages\/232\/revisions\/1289"}],"wp:attachment":[{"href":"https:\/\/help.unhcr.org\/usa\/fr\/wp-json\/wp\/v2\/media?parent=232"}],"curies":[{"name":"wp","href":"https:\/\/api.w.org\/{rel}","templated":true}]}}