{"id":226,"date":"2018-01-03T15:31:27","date_gmt":"2018-01-03T15:31:27","guid":{"rendered":"http:\/\/help.unhcr.org\/usa\/rights-and-duties\/rights-and-duties-of-asylees\/"},"modified":"2018-04-27T13:35:02","modified_gmt":"2018-04-27T13:35:02","slug":"rights-and-duties-of-asylees","status":"publish","type":"page","link":"https:\/\/help.unhcr.org\/usa\/fr\/rights-and-duties\/rights-and-duties-of-asylees\/","title":{"rendered":"Droits et Devoirs des Asil\u00e9s"},"content":{"rendered":"<p>Un asil\u00e9 est une personne qui a obtenu l\u2019asile. Les asil\u00e9s peuvent travailler aux Etats Unis, demander une carte de s\u00e9curit\u00e9 sociale, demander la permission de voyager \u00e0 l\u2019\u00e9tranger, et pr\u00e9senter une p\u00e9tition pour amener les membres de leur famille aux Etats Unis. Les asil\u00e9s sont aussi \u00e9ligibles pour les avantages fournis par l\u2019<a href=\"https:\/\/www.acf.hhs.gov\/orr\/about\/what-we-do\" target=\"_blank\" rel=\"noopener\">Office of Refugee Resettlement<\/a>, comme Medicaid ou l\u2019Assistance M\u00e9dicale pour les R\u00e9fugi\u00e9s.<\/p>\n<p>Au bout d\u2019un an, un asil\u00e9 peut demander le statut de r\u00e9sident permanent aux Etats Unis (obtenir la carte verte). Une fois qu\u2019un individu devient r\u00e9sident permanent, il ou elle doit attendre quatre ans avant de demander la citoyennet\u00e9.<\/p>\n<p>Les autres droits et responsabilit\u00e9s incluent:<\/p>\n","protected":false},"excerpt":{"rendered":"<p>Un asil\u00e9 est une personne qui a obtenu l\u2019asile. Les asil\u00e9s peuvent travailler aux Etats Unis, demander une carte de s\u00e9curit\u00e9 sociale, demander la permission de voyager \u00e0 l\u2019\u00e9tranger, et pr\u00e9senter une p\u00e9tition pour amener les membres de leur famille aux Etats Unis. Les asil\u00e9s sont aussi \u00e9ligibles pour les avantages fournis par l\u2019Office of [&hellip;]<\/p>\n","protected":false},"author":1,"featured_media":0,"parent":218,"menu_order":1,"comment_status":"closed","ping_status":"closed","template":"page-templates\/sectioned.php","meta":{"_acf_changed":false,"footnotes":""},"class_list":["post-226","page","type-page","status-publish","hentry"],"acf":[],"_links":{"self":[{"href":"https:\/\/help.unhcr.org\/usa\/fr\/wp-json\/wp\/v2\/pages\/226","targetHints":{"allow":["GET"]}}],"collection":[{"href":"https:\/\/help.unhcr.org\/usa\/fr\/wp-json\/wp\/v2\/pages"}],"about":[{"href":"https:\/\/help.unhcr.org\/usa\/fr\/wp-json\/wp\/v2\/types\/page"}],"author":[{"embeddable":true,"href":"https:\/\/help.unhcr.org\/usa\/fr\/wp-json\/wp\/v2\/users\/1"}],"replies":[{"embeddable":true,"href":"https:\/\/help.unhcr.org\/usa\/fr\/wp-json\/wp\/v2\/comments?post=226"}],"version-history":[{"count":11,"href":"https:\/\/help.unhcr.org\/usa\/fr\/wp-json\/wp\/v2\/pages\/226\/revisions"}],"predecessor-version":[{"id":786,"href":"https:\/\/help.unhcr.org\/usa\/fr\/wp-json\/wp\/v2\/pages\/226\/revisions\/786"}],"up":[{"embeddable":true,"href":"https:\/\/help.unhcr.org\/usa\/fr\/wp-json\/wp\/v2\/pages\/218"}],"wp:attachment":[{"href":"https:\/\/help.unhcr.org\/usa\/fr\/wp-json\/wp\/v2\/media?parent=226"}],"curies":[{"name":"wp","href":"https:\/\/api.w.org\/{rel}","templated":true}]}}