{"id":205,"date":"2018-01-03T15:07:39","date_gmt":"2018-01-03T15:07:39","guid":{"rendered":"http:\/\/help.unhcr.org\/usa\/applying-for-asylum\/useful-documents\/"},"modified":"2018-04-26T16:50:10","modified_gmt":"2018-04-26T16:50:10","slug":"useful-documents","status":"publish","type":"page","link":"https:\/\/help.unhcr.org\/usa\/fr\/applying-for-asylum\/useful-documents\/","title":{"rendered":"Documents Utiles"},"content":{"rendered":"<p>Les candidatures pour les demandes d\u2019asile, de suspension d\u2019expulsion et de protection sous la CAT aux Etats Unis n\u00e9cessitent que le formulaire (<a href=\"https:\/\/www.uscis.gov\/sites\/default\/files\/files\/form\/i-589.pdf\" target=\"_blank\" rel=\"noopener\">formulaire I-589<\/a>) soit compl\u00e9t\u00e9 et soumis \u00e0 USCIS avec les pi\u00e8ces jointes n\u00e9cessaires.<\/p>\n<ul>\n<li><a href=\"https:\/\/www.uscis.gov\/sites\/default\/files\/files\/form\/i-589.pdf\" target=\"_blank\" rel=\"noopener\">Le Formulaire I-589 de Demande d\u2019Asile<\/a> (USCIS)<\/li>\n<li><a href=\"https:\/\/www.uscis.gov\/sites\/default\/files\/files\/form\/i-589instr.pdf\" target=\"_blank\" rel=\"noopener\">Les Instructions pour remplir le formulaire I-589<\/a> (USCIS)<\/li>\n<\/ul>\n<p>Ressources Additionnelles:<\/p>\n<ul>\n<li>Le site internet du <a href=\"http:\/\/www.unhcr.org\/en-us\/asylum-resources.html\" target=\"_blank\" rel=\"noopener\">HCR sur les Demandes d\u2019Asile<\/a> contient beaucoup de ressources et d\u2019information pour les demandeurs d\u2019asiles aux Etats Unis, notamment des informations sur le droit d\u2019asile, des contactes l\u00e9gaux, et des rapports de pays.<\/li>\n<li><a href=\"https:\/\/www.justice.gov\/sites\/default\/files\/pages\/attachments\/2016\/01\/14\/im_afraid_to_go_home-asylum.pdf\" target=\"_blank\" rel=\"noopener\">Un Guide sur l\u2019Asile, la Suspension d\u2019Expulsion et la Convention Contre la Torture<\/a> (Projet Florence)<\/li>\n<\/ul>\n<p>Ce <a href=\"http:\/\/www.unhcr.org\/en-us\/5ae2027d4.pdf\" target=\"_blank\" rel=\"noopener\">diagramme<\/a>, d\u00e9velopp\u00e9 par Human Rights First, offre une vue d\u2019ensemble sur le processus de Demande d\u2019Asile.<\/p>\n","protected":false},"excerpt":{"rendered":"<p>Les candidatures pour les demandes d\u2019asile, de suspension d\u2019expulsion et de protection sous la CAT aux Etats Unis n\u00e9cessitent que le formulaire (formulaire I-589) soit compl\u00e9t\u00e9 et soumis \u00e0 USCIS avec les pi\u00e8ces jointes n\u00e9cessaires. Le Formulaire I-589 de Demande d\u2019Asile (USCIS) Les Instructions pour remplir le formulaire I-589 (USCIS) Ressources Additionnelles: Le site internet [&hellip;]<\/p>\n","protected":false},"author":1,"featured_media":0,"parent":187,"menu_order":5,"comment_status":"closed","ping_status":"closed","template":"","meta":{"_acf_changed":false,"footnotes":""},"class_list":["post-205","page","type-page","status-publish","hentry"],"acf":[],"_links":{"self":[{"href":"https:\/\/help.unhcr.org\/usa\/fr\/wp-json\/wp\/v2\/pages\/205","targetHints":{"allow":["GET"]}}],"collection":[{"href":"https:\/\/help.unhcr.org\/usa\/fr\/wp-json\/wp\/v2\/pages"}],"about":[{"href":"https:\/\/help.unhcr.org\/usa\/fr\/wp-json\/wp\/v2\/types\/page"}],"author":[{"embeddable":true,"href":"https:\/\/help.unhcr.org\/usa\/fr\/wp-json\/wp\/v2\/users\/1"}],"replies":[{"embeddable":true,"href":"https:\/\/help.unhcr.org\/usa\/fr\/wp-json\/wp\/v2\/comments?post=205"}],"version-history":[{"count":5,"href":"https:\/\/help.unhcr.org\/usa\/fr\/wp-json\/wp\/v2\/pages\/205\/revisions"}],"predecessor-version":[{"id":661,"href":"https:\/\/help.unhcr.org\/usa\/fr\/wp-json\/wp\/v2\/pages\/205\/revisions\/661"}],"up":[{"embeddable":true,"href":"https:\/\/help.unhcr.org\/usa\/fr\/wp-json\/wp\/v2\/pages\/187"}],"wp:attachment":[{"href":"https:\/\/help.unhcr.org\/usa\/fr\/wp-json\/wp\/v2\/media?parent=205"}],"curies":[{"name":"wp","href":"https:\/\/api.w.org\/{rel}","templated":true}]}}