{"id":202,"date":"2018-01-03T15:05:28","date_gmt":"2018-01-03T15:05:28","guid":{"rendered":"http:\/\/help.unhcr.org\/usa\/applying-for-asylum\/restrictions\/"},"modified":"2018-03-14T14:26:59","modified_gmt":"2018-03-14T14:26:59","slug":"restrictions","status":"publish","type":"page","link":"https:\/\/help.unhcr.org\/usa\/fr\/applying-for-asylum\/restrictions\/","title":{"rendered":"Restrictions"},"content":{"rendered":"<p>Plusieurs restrictions peuvent affecter votre \u00e9ligibilit\u00e9 \u00e0 demander le droit d\u2019asile. Elles s\u2019appellent les \u00ab\u00a0interdictions au droit d\u2019asile\u00a0\u00bb (ou \u201cbars\u201d to asylum en anglais). Vous ne serez peut \u00eatre pas \u00e9ligible \u00e0 demander l\u2019asile si vous:<\/p>\n<ul>\n<li>N\u2019avez pas suivi la date limite d\u2019un an pour remplir et envoyer votre <a href=\"https:\/\/www.uscis.gov\/i-589\" target=\"_blank\" rel=\"noopener\">formulaire I-589 de Demande d\u2019Asile et de Suspension d\u2019Expulsion<\/a>. Cette date limite d\u2019un an est calcul\u00e9e \u00e0 partir de la date de votre derni\u00e8re entr\u00e9e \u00e0 partir du 1<sup>er<\/sup> Avril 1997;<\/li>\n<li>Vous avez demand\u00e9 l\u2019asile auparavant et votre demande a \u00e9t\u00e9 rejet\u00e9e par le juge d\u2019immigration ou la Commission des Recours en Mati\u00e8re d\u2019Immigration; ou<\/li>\n<li>Pouvez \u00eatre renvoy\u00e9 dans un pays jug\u00e9 comme\u00a0\u00ab pays tiers\u00a0s\u00fbr \u00bb sous un accord bipartite ou multipartite entre les Etats Unis et d\u2019autres pays.<\/li>\n<\/ul>\n<p>Il y a des exceptions \u00e0 ces restrictions en cas de \u00ab\u00a0circonstances changeantes\u00bb ou de \u00ab\u00a0circonstances extraordinaires\u00a0\u00bb.<\/p>\n<p>Pour plus d\u2019information sur les exceptions et restrictions, veuillez vous rendre sur la page suivante: <a href=\"http:\/\/www.uscis.gov\/humanitarian\/refugees-asylum\/asylum\/asylum-bars\" target=\"_blank\" rel=\"noopener\">Asylum Bars<\/a>.<\/p>\n","protected":false},"excerpt":{"rendered":"<p>Plusieurs restrictions peuvent affecter votre \u00e9ligibilit\u00e9 \u00e0 demander le droit d\u2019asile. Elles s\u2019appellent les \u00ab\u00a0interdictions au droit d\u2019asile\u00a0\u00bb (ou \u201cbars\u201d to asylum en anglais). Vous ne serez peut \u00eatre pas \u00e9ligible \u00e0 demander l\u2019asile si vous: N\u2019avez pas suivi la date limite d\u2019un an pour remplir et envoyer votre formulaire I-589 de Demande d\u2019Asile et [&hellip;]<\/p>\n","protected":false},"author":1,"featured_media":0,"parent":187,"menu_order":4,"comment_status":"closed","ping_status":"closed","template":"","meta":{"_acf_changed":false,"footnotes":""},"class_list":["post-202","page","type-page","status-publish","hentry"],"acf":[],"_links":{"self":[{"href":"https:\/\/help.unhcr.org\/usa\/fr\/wp-json\/wp\/v2\/pages\/202","targetHints":{"allow":["GET"]}}],"collection":[{"href":"https:\/\/help.unhcr.org\/usa\/fr\/wp-json\/wp\/v2\/pages"}],"about":[{"href":"https:\/\/help.unhcr.org\/usa\/fr\/wp-json\/wp\/v2\/types\/page"}],"author":[{"embeddable":true,"href":"https:\/\/help.unhcr.org\/usa\/fr\/wp-json\/wp\/v2\/users\/1"}],"replies":[{"embeddable":true,"href":"https:\/\/help.unhcr.org\/usa\/fr\/wp-json\/wp\/v2\/comments?post=202"}],"version-history":[{"count":4,"href":"https:\/\/help.unhcr.org\/usa\/fr\/wp-json\/wp\/v2\/pages\/202\/revisions"}],"predecessor-version":[{"id":577,"href":"https:\/\/help.unhcr.org\/usa\/fr\/wp-json\/wp\/v2\/pages\/202\/revisions\/577"}],"up":[{"embeddable":true,"href":"https:\/\/help.unhcr.org\/usa\/fr\/wp-json\/wp\/v2\/pages\/187"}],"wp:attachment":[{"href":"https:\/\/help.unhcr.org\/usa\/fr\/wp-json\/wp\/v2\/media?parent=202"}],"curies":[{"name":"wp","href":"https:\/\/api.w.org\/{rel}","templated":true}]}}