{"id":199,"date":"2018-01-03T15:03:24","date_gmt":"2018-01-03T15:03:24","guid":{"rendered":"http:\/\/help.unhcr.org\/usa\/applying-for-asylum\/applying-for-defensive-asylum\/"},"modified":"2018-03-09T20:07:36","modified_gmt":"2018-03-09T20:07:36","slug":"applying-for-defensive-asylum","status":"publish","type":"page","link":"https:\/\/help.unhcr.org\/usa\/fr\/applying-for-asylum\/applying-for-defensive-asylum\/","title":{"rendered":"Demander le Droit d\u2019Asile D\u00e9fensif"},"content":{"rendered":"<p>Le gouvernement des Etats Unis est l\u2019entit\u00e9 qui conduit le processus de demande d\u2019asile (\u00e0 la fois l\u2019affirmatif et le d\u00e9fensif) et non le HCR. Pour plus d\u2019information, veuillez consulter le site du <a href=\"https:\/\/firrp.org\/resources\/prose\/\" target=\"_blank\" rel=\"noopener\">Florence Project.<\/a><\/p>\n<h2>Le Processus d\u2019Asile D\u00e9fensif<\/h2>\n<h3>Partie 1: Audience de \u00ab\u00a0Master Calendar\u00a0\u00bb<\/h3>\n<ul>\n<li>Au d\u00e9but de votre demande d\u2019asile et lors de l\u2019une de vos premi\u00e8res audiences (aussi appel\u00e9es Master Calendar Hearing), le juge vous demandera si les charges \u00e9mises contre vous sont vraies. Ecoutez attentivement les questions et n\u2019acceptez pas les faits si ce n\u2019est pas l\u2019exacte v\u00e9rit\u00e9.<\/li>\n<li>Apr\u00e8s cela, le juge vous posera des questions afin de savoir si vous \u00eates \u00e9ligible \u00e0 rester aux Etats Unis. Le juge doit aussi vous demander si vous avez peur de retourner dans votre pays. Si vous voulez demander le droit d\u2019asile, la suspension d\u2019expulsion ou la protection sous la CAT, expliquez le au juge.<\/li>\n<\/ul>\n<h3>Partie 2: Audience Individuelle ou \u00ab\u00a0de M\u00e9rite\u00a0\u00bb<\/h3>\n<ul>\n<li>C\u2019est la derni\u00e8re audience pour votre cas. Le juge \u00e9coutera votre histoire et vous posera des questions ainsi qu\u2019\u00e0 vos t\u00e9moins (si vous en avez) sur votre dossier et autres documents que vous avez envoy\u00e9s au juge.<\/li>\n<li>Lors de votre audience finale, vous avez l\u2019opportunit\u00e9 de raconter votre histoire et le juge prendra ensuite une d\u00e9cision sur votre cas. Lors de l\u2019audience, le Juge d\u2019Immigration, un interpr\u00e8te (si vous n\u2019\u00eates pas \u00e0 l\u2019aise en Anglais), l\u2019avocat repr\u00e9sentant DHS (appel\u00e9 \u00ab\u00a0l\u2019avocat du proc\u00e8s\u00a0\u00bb), et vous serez pr\u00e9sent. Si vous avez des t\u00e9moins, ils doivent aussi \u00eatre pr\u00e9sent. Dans certains cas, DHS aura peut \u00eatre des personnes t\u00e9moignant contre vous, mais cela ne se produit que rarement.<\/li>\n<li>A la fin de l\u2019audience de demande d\u2019asile\/suspension d\u2019expulsion, le juge d\u00e9cidera s\u2019il vous accorde l\u2019asile\/la suspension d\u2019expulsion ou non. Il arrive parfois que le juge prenne du temps avant de prendre sa d\u00e9cision. Dans ces cas l\u00e0, il vous l\u2019enverra plus tard par \u00e9crit.<\/li>\n<\/ul>\n<h3>Partie 3: Demandes d\u2019Appel<\/h3>\n<ul>\n<li>Vous et DHS avez le droit de continuer \u00e0 vous battre pour votre cas, en appelant\/contestant la d\u00e9cision du juge devant un tribunal sup\u00e9rieur appel\u00e9 la \u00ab\u00a0Commission des Recours en Mati\u00e8re d\u2019Immigration\u00a0\u00bb (en anglais Board of Immigration Appeals -BIA).<\/li>\n<li>D\u00e8s que le Juge vous fait savoir sa d\u00e9cision (\u00e0 moins qu\u2019il vous l\u2019envoie plus tard par \u00e9crit), il vous demandera ainsi qu\u2019\u00e0 l\u2019avocat du proc\u00e8s si vous \u00ab\u00a0r\u00e9servez l\u2019appel\u00a0\u00bb (en anglais &laquo;&nbsp;reserve appeal&nbsp;&raquo;), c\u2019est \u00e0 dire si vous souhaitez faire appel. Vous pouvez aussi \u00ab\u00a0renoncer \u00e0 votre appel\u00a0\u00bb (en anglais &laquo;&nbsp;waive appeal&nbsp;&raquo;), c\u2019est \u00e0 dire abandonner votre droit de faire appel.<\/li>\n<li>Si vous perdez et \u00ab\u00a0r\u00e9servez l\u2019appel\u00a0\u00bb, la Commission en Mati\u00e8re d\u2019Immigration doit recevoir vos documents pour l&rsquo;appel au maximum le 30\u00e8me jour\u00a0; sinon le juge ne les lira pas et vous perdrez votre droit de faire appel.<\/li>\n<li>Pour plus d\u2019information sur comment remplir une demande d\u2019appel, lisez <a href=\"http:\/\/firrp.org\/media\/BIA-Appeal-Guide-2013_new-BIA-address-2013.pdf\" target=\"_blank\" rel=\"noopener\">ce guide<\/a> \u00e9crit par le Projet Florence.<\/li>\n<\/ul>\n<p>Pour plus d\u2019information, visitez la page du HCR sur les <a href=\"http:\/\/www.unhcr.org\/en-us\/defensive-asylum.html\" target=\"_blank\" rel=\"noopener\">Ressources du Processus d\u2019Asile D\u00e9fensif<\/a>.<\/p>\n","protected":false},"excerpt":{"rendered":"<p>Le gouvernement des Etats Unis est l\u2019entit\u00e9 qui conduit le processus de demande d\u2019asile (\u00e0 la fois l\u2019affirmatif et le d\u00e9fensif) et non le HCR. Pour plus d\u2019information, veuillez consulter le site du Florence Project. Le Processus d\u2019Asile D\u00e9fensif Partie 1: Audience de \u00ab\u00a0Master Calendar\u00a0\u00bb Au d\u00e9but de votre demande d\u2019asile et lors de l\u2019une [&hellip;]<\/p>\n","protected":false},"author":1,"featured_media":0,"parent":187,"menu_order":3,"comment_status":"closed","ping_status":"closed","template":"","meta":{"_acf_changed":false,"footnotes":""},"class_list":["post-199","page","type-page","status-publish","hentry"],"acf":[],"_links":{"self":[{"href":"https:\/\/help.unhcr.org\/usa\/fr\/wp-json\/wp\/v2\/pages\/199","targetHints":{"allow":["GET"]}}],"collection":[{"href":"https:\/\/help.unhcr.org\/usa\/fr\/wp-json\/wp\/v2\/pages"}],"about":[{"href":"https:\/\/help.unhcr.org\/usa\/fr\/wp-json\/wp\/v2\/types\/page"}],"author":[{"embeddable":true,"href":"https:\/\/help.unhcr.org\/usa\/fr\/wp-json\/wp\/v2\/users\/1"}],"replies":[{"embeddable":true,"href":"https:\/\/help.unhcr.org\/usa\/fr\/wp-json\/wp\/v2\/comments?post=199"}],"version-history":[{"count":4,"href":"https:\/\/help.unhcr.org\/usa\/fr\/wp-json\/wp\/v2\/pages\/199\/revisions"}],"predecessor-version":[{"id":557,"href":"https:\/\/help.unhcr.org\/usa\/fr\/wp-json\/wp\/v2\/pages\/199\/revisions\/557"}],"up":[{"embeddable":true,"href":"https:\/\/help.unhcr.org\/usa\/fr\/wp-json\/wp\/v2\/pages\/187"}],"wp:attachment":[{"href":"https:\/\/help.unhcr.org\/usa\/fr\/wp-json\/wp\/v2\/media?parent=199"}],"curies":[{"name":"wp","href":"https:\/\/api.w.org\/{rel}","templated":true}]}}