{"id":190,"date":"2018-01-03T11:07:21","date_gmt":"2018-01-03T11:07:21","guid":{"rendered":"http:\/\/help.unhcr.org\/usa\/applying-for-asylum\/what-is-asylum\/"},"modified":"2018-03-09T20:05:05","modified_gmt":"2018-03-09T20:05:05","slug":"what-is-asylum","status":"publish","type":"page","link":"https:\/\/help.unhcr.org\/usa\/fr\/applying-for-asylum\/what-is-asylum\/","title":{"rendered":"Qu\u2019est ce que le Droit d\u2019Asile?"},"content":{"rendered":"<p>Le droit d\u2019asile est une forme de protection qui permet \u00e0 un individu de rester aux Etats Unis plut\u00f4t que d\u2019\u00eatre renvoy\u00e9 (d\u00e9port\u00e9) vers un pays o\u00f9 il\/elle a peur d\u2019\u00eatre pers\u00e9cut\u00e9. \u00a0Selon le droit Am\u00e9ricain, les individus qui fuient leur pays par peur d\u2019\u00eatre pers\u00e9cut\u00e9s peuvent demander le droit d\u2019asile. S\u2019ils obtiennent le droit d\u2019asile, cela leur accorde protection et le droit de rester aux Etats Unis. Ceux qui obtiennent le droit d\u2019asile s\u2019appellent <a href=\"https:\/\/help.unhcr.org\/usa\/fr\/rights-and-duties\/rights-and-duties-of-asylees\/\">les asil\u00e9s<\/a>.<\/p>\n<ul>\n<li>Selon le droit Am\u00e9ricain, un r\u00e9fugi\u00e9 est une personne qui a \u00e9t\u00e9 relocalis\u00e9e aux Etats Unis \u00e0 travers le programme de Relocalisation des Etats Unis. C\u2019est un processus diff\u00e9rent de l\u2019asile. Pour plus d\u2019information sur les r\u00e9fugi\u00e9s qui ont \u00e9t\u00e9 relocalis\u00e9s, lisez <a href=\"https:\/\/help.unhcr.org\/usa\/fr\/rights-and-duties\/rights-and-duties-of-refugees\/\">les Droits et Devoirs des R\u00e9fugi\u00e9s<\/a>.<\/li>\n<\/ul>\n<p>Pour demander le droit d\u2019asile aux Etats Unis, vous devez \u00eatre pr\u00e9sent physiquement ou demander l\u2019entr\u00e9e aux Etats Unis \u00e0 une port d\u2019entr\u00e9e Am\u00e9ricain.<\/p>\n<p>Le terme <strong>pers\u00e9cution<\/strong> signifie que quelqu\u2019un vous menace ou pers\u00e9cute ou menace ou pers\u00e9cute votre famille ou les personnes qui vous ressemblent. Une personne peut aussi obtenir le droit d\u2019asile si elle a souffert de pers\u00e9cution dans son pays par le pass\u00e9.<\/p>\n<p>Vous ne pouvez uniquement gagner le droit d\u2019asile si la personne qui vous porte pr\u00e9judice ou vous menace le fait pour une raison li\u00e9e \u00e0 votre race, religion, nationalit\u00e9, opinion politique (ou l\u2019opinion politique que l\u2019on pense que vous avez), ou le fait que vous faites parti d\u2019un \u00ab\u00a0groupe social particulier\u00a0\u00bb.\u201d<\/p>\n","protected":false},"excerpt":{"rendered":"<p>Le droit d\u2019asile est une forme de protection qui permet \u00e0 un individu de rester aux Etats Unis plut\u00f4t que d\u2019\u00eatre renvoy\u00e9 (d\u00e9port\u00e9) vers un pays o\u00f9 il\/elle a peur d\u2019\u00eatre pers\u00e9cut\u00e9. \u00a0Selon le droit Am\u00e9ricain, les individus qui fuient leur pays par peur d\u2019\u00eatre pers\u00e9cut\u00e9s peuvent demander le droit d\u2019asile. S\u2019ils obtiennent le droit [&hellip;]<\/p>\n","protected":false},"author":1,"featured_media":0,"parent":187,"menu_order":0,"comment_status":"closed","ping_status":"closed","template":"","meta":{"_acf_changed":false,"footnotes":""},"class_list":["post-190","page","type-page","status-publish","hentry"],"acf":[],"_links":{"self":[{"href":"https:\/\/help.unhcr.org\/usa\/fr\/wp-json\/wp\/v2\/pages\/190","targetHints":{"allow":["GET"]}}],"collection":[{"href":"https:\/\/help.unhcr.org\/usa\/fr\/wp-json\/wp\/v2\/pages"}],"about":[{"href":"https:\/\/help.unhcr.org\/usa\/fr\/wp-json\/wp\/v2\/types\/page"}],"author":[{"embeddable":true,"href":"https:\/\/help.unhcr.org\/usa\/fr\/wp-json\/wp\/v2\/users\/1"}],"replies":[{"embeddable":true,"href":"https:\/\/help.unhcr.org\/usa\/fr\/wp-json\/wp\/v2\/comments?post=190"}],"version-history":[{"count":5,"href":"https:\/\/help.unhcr.org\/usa\/fr\/wp-json\/wp\/v2\/pages\/190\/revisions"}],"predecessor-version":[{"id":550,"href":"https:\/\/help.unhcr.org\/usa\/fr\/wp-json\/wp\/v2\/pages\/190\/revisions\/550"}],"up":[{"embeddable":true,"href":"https:\/\/help.unhcr.org\/usa\/fr\/wp-json\/wp\/v2\/pages\/187"}],"wp:attachment":[{"href":"https:\/\/help.unhcr.org\/usa\/fr\/wp-json\/wp\/v2\/media?parent=190"}],"curies":[{"name":"wp","href":"https:\/\/api.w.org\/{rel}","templated":true}]}}