{"id":184,"date":"2017-11-06T14:33:03","date_gmt":"2017-11-06T14:33:03","guid":{"rendered":"http:\/\/help.unhcr.org\/usa\/where-to-seek-help-2\/"},"modified":"2025-07-17T15:27:15","modified_gmt":"2025-07-17T15:27:15","slug":"where-to-seek-help","status":"publish","type":"page","link":"https:\/\/help.unhcr.org\/usa\/fr\/where-to-seek-help\/","title":{"rendered":"O\u00f9 d\u00e9poser une demande d\u2019asile"},"content":{"rendered":"<p>L\u2019Agence des Nations Unies pour les r\u00e9fugi\u00e9s (HCR)\u00a0ne fournit pas de conseils juridiques ni de repr\u00e9sentation l\u00e9gale dans les cas individuels. Pour obtenir de l&rsquo;aide aux \u00c9tats-Unis, nous recommandons de consulter un avocat d\u2019immigration qualifi\u00e9 aux \u00c9tats-Unis. Pour votre commodit\u00e9, vous trouverez ci-dessous des listes d&rsquo;organisations \u00e0 but non lucratif et de prestataires de services juridiques pro bono aux \u00c9tats-Unis qui aident les personnes en mati\u00e8re d&rsquo;immigration:<\/p>\n<ul>\n<li style=\"list-style-type: none\">\n<ul>\n<li><a href=\"http:\/\/www.immigrationadvocates.org\/nonprofit\/legaldirectory\/\" target=\"_blank\" rel=\"noopener\">http:\/\/www.immigrationadvocates.org\/nonprofit\/legaldirectory\/<\/a><\/li>\n<li><a href=\"https:\/\/www.justice.gov\/eoir\/list-pro-bono-legal-service-providers-map\" target=\"_blank\" rel=\"noopener\">https:\/\/www.justice.gov\/eoir\/list-pro-bono-legal-service-providers-map<\/a><\/li>\n<li><a href=\"https:\/\/www.immi.org\/info\/FindLegalHelp\" target=\"_blank\" rel=\"noopener\">https:\/\/www.immi.org\/info\/FindLegalHelp<\/a><\/li>\n<\/ul>\n<\/li>\n<\/ul>\n","protected":false},"excerpt":{"rendered":"<p>L\u2019Agence des Nations Unies pour les r\u00e9fugi\u00e9s (HCR)\u00a0ne fournit pas de conseils juridiques ni de repr\u00e9sentation l\u00e9gale dans les cas individuels. Pour obtenir de l&rsquo;aide aux \u00c9tats-Unis, nous recommandons de consulter un avocat d\u2019immigration qualifi\u00e9 aux \u00c9tats-Unis. Pour votre commodit\u00e9, vous trouverez ci-dessous des listes d&rsquo;organisations \u00e0 but non lucratif et de prestataires de services [&hellip;]<\/p>\n","protected":false},"author":1,"featured_media":0,"parent":0,"menu_order":1,"comment_status":"closed","ping_status":"closed","template":"","meta":{"_acf_changed":false,"footnotes":""},"class_list":["post-184","page","type-page","status-publish","hentry"],"acf":[],"_links":{"self":[{"href":"https:\/\/help.unhcr.org\/usa\/fr\/wp-json\/wp\/v2\/pages\/184","targetHints":{"allow":["GET"]}}],"collection":[{"href":"https:\/\/help.unhcr.org\/usa\/fr\/wp-json\/wp\/v2\/pages"}],"about":[{"href":"https:\/\/help.unhcr.org\/usa\/fr\/wp-json\/wp\/v2\/types\/page"}],"author":[{"embeddable":true,"href":"https:\/\/help.unhcr.org\/usa\/fr\/wp-json\/wp\/v2\/users\/1"}],"replies":[{"embeddable":true,"href":"https:\/\/help.unhcr.org\/usa\/fr\/wp-json\/wp\/v2\/comments?post=184"}],"version-history":[{"count":8,"href":"https:\/\/help.unhcr.org\/usa\/fr\/wp-json\/wp\/v2\/pages\/184\/revisions"}],"predecessor-version":[{"id":1290,"href":"https:\/\/help.unhcr.org\/usa\/fr\/wp-json\/wp\/v2\/pages\/184\/revisions\/1290"}],"wp:attachment":[{"href":"https:\/\/help.unhcr.org\/usa\/fr\/wp-json\/wp\/v2\/media?parent=184"}],"curies":[{"name":"wp","href":"https:\/\/api.w.org\/{rel}","templated":true}]}}