{"id":178,"date":"2017-11-06T14:18:37","date_gmt":"2017-11-06T14:18:37","guid":{"rendered":"http:\/\/help.unhcr.org\/usa\/welcome-2\/"},"modified":"2025-07-17T14:27:49","modified_gmt":"2025-07-17T14:27:49","slug":"welcome","status":"publish","type":"page","link":"https:\/\/help.unhcr.org\/usa\/fr\/","title":{"rendered":"Bienvenue"},"content":{"rendered":"\n<p>L\u2019Agence des Nations Unies pour les r\u00e9fugi\u00e9s (HCR) a cr\u00e9e ce site internet pour les r\u00e9fugi\u00e9s et demandeurs d\u2019asile aux Etats Unis. Ce site ne fournit pas de conseil juridique. Pour toutes questions l\u00e9gales, le HCR recommande de demander de l\u2019aide \u00e0 un avocat qualifi\u00e9 en mati\u00e8re d\u2019immigration. Sur ce site, vous trouverez des informations sur:<\/p>\n\n\n\n<ul class=\"wp-block-list\">\n<li><a href=\"https:\/\/help.unhcr.org\/usa\/fr\/where-to-seek-help\/\">O\u00f9 vous pouvez demander de l\u2019aide<\/a> aux Etats Unis<\/li>\n\n\n\n<li>Comment vous pouvez faire votre <a href=\"https:\/\/help.unhcr.org\/usa\/fr\/applying-for-asylum\/\">demande d\u2019asile<\/a> aux Etats Unis<\/li>\n\n\n\n<li>Quels <a href=\"https:\/\/help.unhcr.org\/usa\/fr\/rights-and-duties\/\">droits et devoirs<\/a> vous avez en tant que r\u00e9fugi\u00e9 ou demandeur d\u2019asile aux Etats Unis<\/li>\n\n\n\n<li>Le <a href=\"https:\/\/help.unhcr.org\/usa\/fr\/unhcrs-role-in-the-united-states\/\">r\u00f4le et les activit\u00e9s du HCR<\/a> aux Etats Unis<\/li>\n\n\n\n<li><a href=\"https:\/\/help.unhcr.org\/usa\/fr\/contact-us\/\">Les coordonn\u00e9es<\/a> de notre bureau<\/li>\n<\/ul>\n\n\n\n<p>Cette page sera actualis\u00e9e en continue.<\/p>\n\n\n\n<p>Le contenu du site provient de sources internet disponibles en ligne sur les sites suivants&nbsp;: <a href=\"https:\/\/www.uscis.gov\/\" target=\"_blank\" rel=\"noopener\">Les Services d\u2019Immigration et de Citoyennet\u00e9 des Etats Unis <\/a>; <a href=\"https:\/\/www.state.gov\/j\/prm\/\" target=\"_blank\" rel=\"noopener\">Le Bureau de Population, R\u00e9fugi\u00e9s et Migration<\/a>; <a href=\"https:\/\/www.justice.gov\/eoir\" target=\"_blank\" rel=\"noopener\">Le Bureau Ex\u00e9cutif de la R\u00e9vision de l\u2019Immigration<\/a>; <a href=\"https:\/\/www.acf.hhs.gov\/orr\" target=\"_blank\" rel=\"noopener\">Le Bureau de La Relocalisation des R\u00e9fugi\u00e9s<\/a>; <a href=\"https:\/\/firrp.org\/who\/mission\/\" target=\"_blank\" rel=\"noopener\">Le Projet Florence<\/a>&nbsp;; <a href=\"https:\/\/www.americanimmigrationcouncil.org\/\" target=\"_blank\" rel=\"noopener\">Le Conseil Am\u00e9ricain en Mati\u00e8re d\u2019Immigration<\/a>; <a href=\"http:\/\/www.law.miami.edu\/academics\/clinics\/immigration-clinic\" target=\"_blank\" rel=\"noopener\">L\u2019Ecole de Droit de l\u2019Universit\u00e9 de Miami&nbsp;<\/a>; <a href=\"https:\/\/www.humanrightsfirst.org\/\" target=\"_blank\" rel=\"noopener\">Human Rights First<\/a>; <a href=\"http:\/\/www.aila.org\/\" target=\"_blank\" rel=\"noopener\">L\u2019Association des Avocats Am\u00e9ricains en mati\u00e8re d\u2019Immigration<\/a>; <a href=\"https:\/\/www.immigrantjustice.org\/\" target=\"_blank\" rel=\"noopener\">National Immigrant Justice Center<\/a>; <a href=\"https:\/\/cwsglobal.org\/\" target=\"_blank\" rel=\"noopener\">Church World Service<\/a>, et le <a href=\"http:\/\/www.unhcr.org\/\" target=\"_blank\" rel=\"noopener\">HCR<\/a>.<\/p>\n\n\n\n<p><strong>Tous les services du HCR sont gratuits. Restez vigilant et signalez les fraudeurs qui vous proposent des services de r\u00e9installation, de l\u2019aide financi\u00e8re ou d\u2019autres types d\u2019aide, de faux documents ou de fausses demandes d\u2019asile en \u00e9change d\u2019argent ou d\u2019autres faveurs.<\/strong><\/p>\n\n\n\n<p><strong>Liens utiles&nbsp;:<\/strong><\/p>\n\n\n\n<ul class=\"wp-block-list\">\n<li><a href=\"https:\/\/www.unhcr.org\/fr\/en-bref\/gouvernance-et-supervision\/bureau-de-linspecteur-general\/pour-signaler-un-cas-de-mauvaise\" target=\"_blank\" rel=\"noreferrer noopener\">Pour signaler un cas de mauvaise conduite | HCR<\/a><\/li>\n\n\n\n<li><a href=\"https:\/\/www.unhcr.org\/contact-us\/report-fraudulent-site-or-cyber-security-issue\" target=\"_blank\" rel=\"noreferrer noopener\">Signaler un site frauduleux ou un probl\u00e8me de cybers\u00e9curit\u00e9 | HCR<\/a><\/li>\n\n\n\n<li><a href=\"https:\/\/www.unhcr.org\/fr\/comment-nous-aider\/travailler-avec-nous\/carrieres-au-hcr\/comment-eviter-les-escroqueries-et-les\" target=\"_blank\" rel=\"noreferrer noopener\">Comment \u00e9viter les escroqueries et les offres d\u2019emploi frauduleuses | HCR<\/a><\/li>\n<\/ul>\n","protected":false},"excerpt":{"rendered":"<p>L\u2019Agence des Nations Unies pour les r\u00e9fugi\u00e9s (HCR) a cr\u00e9e ce site internet pour les r\u00e9fugi\u00e9s et demandeurs d\u2019asile aux Etats Unis. Ce site ne fournit pas de conseil juridique. Pour toutes questions l\u00e9gales, le HCR recommande de demander de l\u2019aide \u00e0 un avocat qualifi\u00e9 en mati\u00e8re d\u2019immigration. Sur ce site, vous trouverez des informations [&hellip;]<\/p>\n","protected":false},"author":1,"featured_media":0,"parent":0,"menu_order":0,"comment_status":"closed","ping_status":"closed","template":"","meta":{"_acf_changed":false,"footnotes":""},"class_list":["post-178","page","type-page","status-publish","hentry"],"acf":[],"_links":{"self":[{"href":"https:\/\/help.unhcr.org\/usa\/fr\/wp-json\/wp\/v2\/pages\/178","targetHints":{"allow":["GET"]}}],"collection":[{"href":"https:\/\/help.unhcr.org\/usa\/fr\/wp-json\/wp\/v2\/pages"}],"about":[{"href":"https:\/\/help.unhcr.org\/usa\/fr\/wp-json\/wp\/v2\/types\/page"}],"author":[{"embeddable":true,"href":"https:\/\/help.unhcr.org\/usa\/fr\/wp-json\/wp\/v2\/users\/1"}],"replies":[{"embeddable":true,"href":"https:\/\/help.unhcr.org\/usa\/fr\/wp-json\/wp\/v2\/comments?post=178"}],"version-history":[{"count":5,"href":"https:\/\/help.unhcr.org\/usa\/fr\/wp-json\/wp\/v2\/pages\/178\/revisions"}],"predecessor-version":[{"id":1274,"href":"https:\/\/help.unhcr.org\/usa\/fr\/wp-json\/wp\/v2\/pages\/178\/revisions\/1274"}],"wp:attachment":[{"href":"https:\/\/help.unhcr.org\/usa\/fr\/wp-json\/wp\/v2\/media?parent=178"}],"curies":[{"name":"wp","href":"https:\/\/api.w.org\/{rel}","templated":true}]}}