{"id":628,"date":"2018-01-03T15:52:23","date_gmt":"2018-01-03T15:52:23","guid":{"rendered":"http:\/\/help.unhcr.org\/usa\/unhcrs-role-in-the-united-states-2\/"},"modified":"2025-07-17T15:24:27","modified_gmt":"2025-07-17T15:24:27","slug":"unhcrs-role-in-the-united-states","status":"publish","type":"page","link":"https:\/\/help.unhcr.org\/usa\/es\/unhcrs-role-in-the-united-states\/","title":{"rendered":"La funci\u00f3n del ACNUR en los Estados Unidos"},"content":{"rendered":"<p>Los Estados Unidos es parte en del Protocolo Sobre el Estatuto de los Refugiados y el gobierno de los Estados Unidos tiene la responsabilidad de procesar las solicitudes de asilo y decidir si alguien puede recibir protecci\u00f3n legal en el pa\u00eds.<\/p>\n<p>Las personas que solicitan asilo en los Estados Unidos est\u00e1n sujetos a las leyes nacionales y los procedimientos de asilo de los Estados Unidos. Para m\u00e1s informaci\u00f3n, consulte <a href=\"https:\/\/www.uscis.gov\/es\" target=\"_blank\" rel=\"noopener\">Servicios de Ciudadan\u00eda e Inmigraci\u00f3n de los Estados Unidos<\/a>.<\/p>\n<p>En los Estados Unidos, por lo tanto:<\/p>\n<ul>\n<li>El ACNUR <strong>no<\/strong> registra refugiados.<\/li>\n<li>El ACNUR <strong>no<\/strong> revisa solicitudes de asilo.<\/li>\n<li>El ACNUR <strong>no<\/strong> emite documentos de refugiado &#8211; el gobierno de los Estados Unidos se encarga de estas responsabilidades.<\/li>\n<li>El ACNUR <strong>no<\/strong> reasienta a solicitantes de asilo ni a personas presentes en los Estados Unidos.<\/li>\n<\/ul>\n<p>La funci\u00f3n de ACNUR en los Estaos Unidos se enfoca en trabajar con el gobierno, y las organizaciones no gubernamentales, adem\u00e1s de las redes de voluntariado y comunidades para asegurar la protecci\u00f3n de refugiados y solicitantes de asilo.<\/p>\n","protected":false},"excerpt":{"rendered":"<p>Los Estados Unidos es parte en del Protocolo Sobre el Estatuto de los Refugiados y el gobierno de los Estados Unidos tiene la responsabilidad de procesar las solicitudes de asilo y decidir si alguien puede recibir protecci\u00f3n legal en el pa\u00eds. Las personas que solicitan asilo en los Estados Unidos est\u00e1n sujetos a las leyes [&hellip;]<\/p>\n","protected":false},"author":1,"featured_media":0,"parent":0,"menu_order":4,"comment_status":"closed","ping_status":"closed","template":"","meta":{"_acf_changed":false,"footnotes":""},"class_list":["post-628","page","type-page","status-publish","hentry"],"acf":[],"_links":{"self":[{"href":"https:\/\/help.unhcr.org\/usa\/es\/wp-json\/wp\/v2\/pages\/628","targetHints":{"allow":["GET"]}}],"collection":[{"href":"https:\/\/help.unhcr.org\/usa\/es\/wp-json\/wp\/v2\/pages"}],"about":[{"href":"https:\/\/help.unhcr.org\/usa\/es\/wp-json\/wp\/v2\/types\/page"}],"author":[{"embeddable":true,"href":"https:\/\/help.unhcr.org\/usa\/es\/wp-json\/wp\/v2\/users\/1"}],"replies":[{"embeddable":true,"href":"https:\/\/help.unhcr.org\/usa\/es\/wp-json\/wp\/v2\/comments?post=628"}],"version-history":[{"count":2,"href":"https:\/\/help.unhcr.org\/usa\/es\/wp-json\/wp\/v2\/pages\/628\/revisions"}],"predecessor-version":[{"id":1287,"href":"https:\/\/help.unhcr.org\/usa\/es\/wp-json\/wp\/v2\/pages\/628\/revisions\/1287"}],"wp:attachment":[{"href":"https:\/\/help.unhcr.org\/usa\/es\/wp-json\/wp\/v2\/media?parent=628"}],"curies":[{"name":"wp","href":"https:\/\/api.w.org\/{rel}","templated":true}]}}