{"id":625,"date":"2018-01-03T15:42:19","date_gmt":"2018-01-03T15:42:19","guid":{"rendered":"http:\/\/help.unhcr.org\/usa\/rights-and-duties\/rights-and-duties-of-refugees\/"},"modified":"2018-04-26T16:28:57","modified_gmt":"2018-04-26T16:28:57","slug":"rights-and-duties-of-refugees","status":"publish","type":"page","link":"https:\/\/help.unhcr.org\/usa\/es\/rights-and-duties\/rights-and-duties-of-refugees\/","title":{"rendered":"Derechos y Deberes de Refugiados"},"content":{"rendered":"<p>Seg\u00fan las leyes de inmigraci\u00f3n de EE. UU., un refugiado es una persona que ha sido reasentado en los Estados Unidos a trav\u00e9s del Programa de Reasentamiento. Los Servicios de Ciudadan\u00eda e Inmigraci\u00f3n (USCIS) declara que un refugiado es una persona que \u201cEst\u00e1 fuera de los Estados Unidos; presenta una preocupaci\u00f3n humanitaria especial para los Estados Unidos; demuestra que se le haya perseguido o que teme que se le persiga por razones de raza, religi\u00f3n, nacionalidad, opini\u00f3n pol\u00edtica, o por pertenecer a un cierto grupo social; no se haya reubicado de forma definitiva en otro pa\u00eds; y es elegible para admisi\u00f3n a los Estados Unidos.\u201d<\/p>\n<p>Los refugiados deben respetar las leyes y las regulaciones de los Estados Unidos.<\/p>\n<p>Los refugiados deben recibir al menos los mismos derechos y la asistencia b\u00e1sica que se le concede a cualquier otro extranjero que es residente legal, incluyendo libertad de pensamiento, de movimiento, y de protecci\u00f3n contra la tortura y el trato degradante.<\/p>\n<p>Para m\u00e1s informaci\u00f3n con respecto a la familia, el empleo, y otros derechos y deberes de los refugiados, por favor visite la p\u00e1gina sobre <a href=\"https:\/\/www.uscis.gov\/es\/programas-humanitarios\/refugiados-y-asilo\/refugiado\">refugiados de Servicios de Ciudadan\u00eda e Inmigraci\u00f3n de los Estados Unidos<\/a>.<\/p>\n<p>Derechos y deberes adicionales:<\/p>\n","protected":false},"excerpt":{"rendered":"<p>Seg\u00fan las leyes de inmigraci\u00f3n de EE. UU., un refugiado es una persona que ha sido reasentado en los Estados Unidos a trav\u00e9s del Programa de Reasentamiento. Los Servicios de Ciudadan\u00eda e Inmigraci\u00f3n (USCIS) declara que un refugiado es una persona que \u201cEst\u00e1 fuera de los Estados Unidos; presenta una preocupaci\u00f3n humanitaria especial para los [&hellip;]<\/p>\n","protected":false},"author":1,"featured_media":0,"parent":614,"menu_order":2,"comment_status":"closed","ping_status":"closed","template":"page-templates\/sectioned.php","meta":{"_acf_changed":false,"footnotes":""},"class_list":["post-625","page","type-page","status-publish","hentry"],"acf":[],"_links":{"self":[{"href":"https:\/\/help.unhcr.org\/usa\/es\/wp-json\/wp\/v2\/pages\/625","targetHints":{"allow":["GET"]}}],"collection":[{"href":"https:\/\/help.unhcr.org\/usa\/es\/wp-json\/wp\/v2\/pages"}],"about":[{"href":"https:\/\/help.unhcr.org\/usa\/es\/wp-json\/wp\/v2\/types\/page"}],"author":[{"embeddable":true,"href":"https:\/\/help.unhcr.org\/usa\/es\/wp-json\/wp\/v2\/users\/1"}],"replies":[{"embeddable":true,"href":"https:\/\/help.unhcr.org\/usa\/es\/wp-json\/wp\/v2\/comments?post=625"}],"version-history":[{"count":3,"href":"https:\/\/help.unhcr.org\/usa\/es\/wp-json\/wp\/v2\/pages\/625\/revisions"}],"predecessor-version":[{"id":655,"href":"https:\/\/help.unhcr.org\/usa\/es\/wp-json\/wp\/v2\/pages\/625\/revisions\/655"}],"up":[{"embeddable":true,"href":"https:\/\/help.unhcr.org\/usa\/es\/wp-json\/wp\/v2\/pages\/614"}],"wp:attachment":[{"href":"https:\/\/help.unhcr.org\/usa\/es\/wp-json\/wp\/v2\/media?parent=625"}],"curies":[{"name":"wp","href":"https:\/\/api.w.org\/{rel}","templated":true}]}}