{"id":622,"date":"2018-01-03T15:31:27","date_gmt":"2018-01-03T15:31:27","guid":{"rendered":"http:\/\/help.unhcr.org\/usa\/rights-and-duties\/rights-and-duties-of-asylees\/"},"modified":"2018-04-27T13:35:11","modified_gmt":"2018-04-27T13:35:11","slug":"rights-and-duties-of-asylees","status":"publish","type":"page","link":"https:\/\/help.unhcr.org\/usa\/es\/rights-and-duties\/rights-and-duties-of-asylees\/","title":{"rendered":"Derechos y Deberes de Asilados"},"content":{"rendered":"<p>Un asilado es una persona a la que se la ha otorgado asilo. Los asilados tienen autorizaci\u00f3n para trabajar en los Estados Unidos, pueden solicitar una tarjeta de seguro social, pueden pedir permiso para viajar al extranjero, y pueden presentar una petici\u00f3n para traer miembros de su familia a los Estados Unidos. Los asilados tambi\u00e9n podr\u00edan tener derecho a beneficios federales o beneficios de <a href=\"https:\/\/www.acf.hhs.gov\/orr\/about\/what-we-do\" target=\"_blank\" rel=\"noopener\">la Oficina de Reasentamiento de Refugiados<\/a>, como Medicaid o Asistencia M\u00e9dica Para Refugiados.<\/p>\n<p>Despu\u00e9s de un a\u00f1o, el asilado puede solicitar la residencia permanente legal (green card). Siendo residente permanente, se puede solicitar la ciudadan\u00eda despu\u00e9s de cuatro a\u00f1os.<\/p>\n<p>Visite esta p\u00e1gina de Servicios de Ciudadan\u00eda e Inmigraci\u00f3n de EE.UU. (USCIS) para obtener m\u00e1s \u00a0informaci\u00f3n sobre <a href=\"https:\/\/www.uscis.gov\/es\/programas-humanitarios\/beneficios-y-responsabilidades-de-los-asilados\" target=\"_blank\" rel=\"noopener\">los Beneficios y las Responsabilidades de los asilados en los Estados Unidos<\/a>.<\/p>\n","protected":false},"excerpt":{"rendered":"<p>Un asilado es una persona a la que se la ha otorgado asilo. Los asilados tienen autorizaci\u00f3n para trabajar en los Estados Unidos, pueden solicitar una tarjeta de seguro social, pueden pedir permiso para viajar al extranjero, y pueden presentar una petici\u00f3n para traer miembros de su familia a los Estados Unidos. Los asilados tambi\u00e9n [&hellip;]<\/p>\n","protected":false},"author":1,"featured_media":0,"parent":614,"menu_order":1,"comment_status":"closed","ping_status":"closed","template":"page-templates\/sectioned.php","meta":{"_acf_changed":false,"footnotes":""},"class_list":["post-622","page","type-page","status-publish","hentry"],"acf":[],"_links":{"self":[{"href":"https:\/\/help.unhcr.org\/usa\/es\/wp-json\/wp\/v2\/pages\/622","targetHints":{"allow":["GET"]}}],"collection":[{"href":"https:\/\/help.unhcr.org\/usa\/es\/wp-json\/wp\/v2\/pages"}],"about":[{"href":"https:\/\/help.unhcr.org\/usa\/es\/wp-json\/wp\/v2\/types\/page"}],"author":[{"embeddable":true,"href":"https:\/\/help.unhcr.org\/usa\/es\/wp-json\/wp\/v2\/users\/1"}],"replies":[{"embeddable":true,"href":"https:\/\/help.unhcr.org\/usa\/es\/wp-json\/wp\/v2\/comments?post=622"}],"version-history":[{"count":3,"href":"https:\/\/help.unhcr.org\/usa\/es\/wp-json\/wp\/v2\/pages\/622\/revisions"}],"predecessor-version":[{"id":787,"href":"https:\/\/help.unhcr.org\/usa\/es\/wp-json\/wp\/v2\/pages\/622\/revisions\/787"}],"up":[{"embeddable":true,"href":"https:\/\/help.unhcr.org\/usa\/es\/wp-json\/wp\/v2\/pages\/614"}],"wp:attachment":[{"href":"https:\/\/help.unhcr.org\/usa\/es\/wp-json\/wp\/v2\/media?parent=622"}],"curies":[{"name":"wp","href":"https:\/\/api.w.org\/{rel}","templated":true}]}}