{"id":616,"date":"2018-01-03T15:15:35","date_gmt":"2018-01-03T15:15:35","guid":{"rendered":"http:\/\/help.unhcr.org\/usa\/rights-and-duties\/asylum-seekers\/"},"modified":"2025-02-21T21:30:46","modified_gmt":"2025-02-21T21:30:46","slug":"asylum-seekers","status":"publish","type":"page","link":"https:\/\/help.unhcr.org\/usa\/es\/rights-and-duties\/asylum-seekers\/","title":{"rendered":"Derechos y Deberes de los solicitantes de asilo"},"content":{"rendered":"\n<h4 class=\"wp-block-heading\"><strong><span class=\"TextRun SCXW140931301 BCX8\" lang=\"ES-MX\" xml:lang=\"ES-MX\" data-contrast=\"auto\"><span class=\"NormalTextRun SCXW140931301 BCX8\">Si su ser querido se e<\/span><span class=\"NormalTextRun SCXW140931301 BCX8\">ncuentra detenido por ICE, <\/span><span class=\"NormalTextRun SCXW140931301 BCX8\">puede <\/span><span class=\"NormalTextRun SCXW140931301 BCX8\">comunicarse con la l\u00ednea directa de detenci\u00f3n del ACNUR de forma gratuita marcando <\/span><\/span><span class=\"TextRun SCXW140931301 BCX8\" lang=\"ES-MX\" xml:lang=\"ES-MX\" data-contrast=\"auto\"><span class=\"NormalTextRun SCXW140931301 BCX8\">566#<\/span><\/span><span class=\"TextRun SCXW140931301 BCX8\" lang=\"ES-MX\" xml:lang=\"ES-MX\" data-contrast=\"auto\"><span class=\"NormalTextRun SCXW140931301 BCX8\"> los lunes, mi\u00e9rcoles y viernes <\/span><span class=\"NormalTextRun SCXW140931301 BCX8\">de 2-<\/span><span class=\"NormalTextRun SCXW140931301 BCX8\">5 p. m., hora del Este de EE. UU.<\/span><\/span><\/strong><\/h4>\n\n\n\n<p><\/p>\n\n\n\n<p>Si usted est\u00e1 solicitando protecci\u00f3n en los Estados Unidos, usted tiene ciertos derechos y deberes, incluyendo el derecho de solicitar asilo y el deber de respetar las leyes y regulaciones de los Estados Unidos.<\/p>\n\n\n\n<p>Para m\u00e1s informaci\u00f3n sobre el empleo, la familia, y la residencia, favor de ver <a href=\"https:\/\/www.uscis.gov\/es\/programas-humanitarios\/el-proceso-de-asilo-afirmativo\" target=\"_blank\" rel=\"noopener noreferrer\">Servicios de Ciudadan\u00eda e Inmigraci\u00f3n de los Estados Unidos<\/a>.<\/p>\n\n\n\n<p>Es posible que preguntas comunes sobre derechos y deberes de los solicitantes de asilo defensivo incluyan:<\/p>\n\n\n\n<p><em>*Informaci\u00f3n basada en <a href=\"http:\/\/www.aila.org\/advo-media\/tools\/psas\/know-your-rights-asylum-seekers?utm_source=aila.org&amp;utm_medium=InfoNet%20Search\" target=\"_blank\" rel=\"noopener noreferrer\">la Asociaci\u00f3n Americana de Abogados de Inmigraci\u00f3n<\/a><\/em><\/p>\n","protected":false},"excerpt":{"rendered":"<p>Si su ser querido se encuentra detenido por ICE, puede comunicarse con la l\u00ednea directa de detenci\u00f3n del ACNUR de forma gratuita marcando 566# los lunes, mi\u00e9rcoles y viernes de 2-5 p. m., hora del Este de EE. UU. Si usted est\u00e1 solicitando protecci\u00f3n en los Estados Unidos, usted tiene ciertos derechos y deberes, incluyendo [&hellip;]<\/p>\n","protected":false},"author":1,"featured_media":0,"parent":614,"menu_order":0,"comment_status":"closed","ping_status":"closed","template":"page-templates\/sectioned.php","meta":{"_acf_changed":false,"footnotes":""},"class_list":["post-616","page","type-page","status-publish","hentry"],"acf":[],"_links":{"self":[{"href":"https:\/\/help.unhcr.org\/usa\/es\/wp-json\/wp\/v2\/pages\/616","targetHints":{"allow":["GET"]}}],"collection":[{"href":"https:\/\/help.unhcr.org\/usa\/es\/wp-json\/wp\/v2\/pages"}],"about":[{"href":"https:\/\/help.unhcr.org\/usa\/es\/wp-json\/wp\/v2\/types\/page"}],"author":[{"embeddable":true,"href":"https:\/\/help.unhcr.org\/usa\/es\/wp-json\/wp\/v2\/users\/1"}],"replies":[{"embeddable":true,"href":"https:\/\/help.unhcr.org\/usa\/es\/wp-json\/wp\/v2\/comments?post=616"}],"version-history":[{"count":11,"href":"https:\/\/help.unhcr.org\/usa\/es\/wp-json\/wp\/v2\/pages\/616\/revisions"}],"predecessor-version":[{"id":1254,"href":"https:\/\/help.unhcr.org\/usa\/es\/wp-json\/wp\/v2\/pages\/616\/revisions\/1254"}],"up":[{"embeddable":true,"href":"https:\/\/help.unhcr.org\/usa\/es\/wp-json\/wp\/v2\/pages\/614"}],"wp:attachment":[{"href":"https:\/\/help.unhcr.org\/usa\/es\/wp-json\/wp\/v2\/media?parent=616"}],"curies":[{"name":"wp","href":"https:\/\/api.w.org\/{rel}","templated":true}]}}