{"id":611,"date":"2018-01-03T15:07:39","date_gmt":"2018-01-03T15:07:39","guid":{"rendered":"http:\/\/help.unhcr.org\/usa\/applying-for-asylum\/useful-documents\/"},"modified":"2018-04-26T16:49:42","modified_gmt":"2018-04-26T16:49:42","slug":"useful-documents","status":"publish","type":"page","link":"https:\/\/help.unhcr.org\/usa\/es\/applying-for-asylum\/useful-documents\/","title":{"rendered":"Documentos \u00datiles"},"content":{"rendered":"<p>Todas las solicitudes de asilo, aplazamiento de la expulsi\u00f3n, y protecci\u00f3n bajo la Convenci\u00f3n Contra la Tortura requieren que complete y someta el formulario <a href=\"https:\/\/www.uscis.gov\/i-589\" target=\"_blank\" rel=\"noopener\">I-589<\/a> a Servicios de Ciudadan\u00eda e Inmigraci\u00f3n de EE.UU. con los adjuntos adecuados.<\/p>\n<ul>\n<li><a href=\"https:\/\/www.uscis.gov\/sites\/default\/files\/files\/form\/i-589.pdf\" target=\"_blank\" rel=\"noopener\">La solicitud I-589 para asilo<\/a> (USCIS)<\/li>\n<li><a href=\"https:\/\/www.uscis.gov\/sites\/default\/files\/files\/form\/i-589instr.pdf\" target=\"_blank\" rel=\"noopener\">Instrucciones para completar la solicitud I-589<\/a> (USCIS)<\/li>\n<\/ul>\n<p>Recursos Adicionales:<\/p>\n<ul>\n<li>La p\u00e1gina de <a href=\"http:\/\/www.unhcr.org\/en-us\/recursos-de-asilo.html\" target=\"_blank\" rel=\"noopener\">Recursos de Asilo del ACNUR<\/a> contiene varios recursos e informaci\u00f3n para solicitantes de asilo en los Estados Unidos, incluyendo informaci\u00f3n sobre asilo, contactos para obtener ayuda legal, e informes nacionales.<\/li>\n<li><a href=\"http:\/\/firrp.org\/media\/Asylum_WOR_CAT-Guide-2013-SPA.pdf\" target=\"_blank\" rel=\"noopener\">&#8220;Tengo miedo de volver:&#8221; Gu\u00eda sobre el Asilo, la Suspensi\u00f3n de expulsi\u00f3n y la Convenci\u00f3n contra la tortura<\/a> (The Florence Project)<\/li>\n<\/ul>\n<p>Este <a href=\"http:\/\/www.unhcr.org\/en-us\/5ae202274.pdf\" target=\"_blank\" rel=\"noopener\">diagrama<\/a>, desarrollado por Human Rights First, resume el Proceso de Asilo.<\/p>\n","protected":false},"excerpt":{"rendered":"<p>Todas las solicitudes de asilo, aplazamiento de la expulsi\u00f3n, y protecci\u00f3n bajo la Convenci\u00f3n Contra la Tortura requieren que complete y someta el formulario I-589 a Servicios de Ciudadan\u00eda e Inmigraci\u00f3n de EE.UU. con los adjuntos adecuados. La solicitud I-589 para asilo (USCIS) Instrucciones para completar la solicitud I-589 (USCIS) Recursos Adicionales: La p\u00e1gina de [&hellip;]<\/p>\n","protected":false},"author":1,"featured_media":0,"parent":591,"menu_order":5,"comment_status":"closed","ping_status":"closed","template":"","meta":{"_acf_changed":false,"footnotes":""},"class_list":["post-611","page","type-page","status-publish","hentry"],"acf":[],"_links":{"self":[{"href":"https:\/\/help.unhcr.org\/usa\/es\/wp-json\/wp\/v2\/pages\/611","targetHints":{"allow":["GET"]}}],"collection":[{"href":"https:\/\/help.unhcr.org\/usa\/es\/wp-json\/wp\/v2\/pages"}],"about":[{"href":"https:\/\/help.unhcr.org\/usa\/es\/wp-json\/wp\/v2\/types\/page"}],"author":[{"embeddable":true,"href":"https:\/\/help.unhcr.org\/usa\/es\/wp-json\/wp\/v2\/users\/1"}],"replies":[{"embeddable":true,"href":"https:\/\/help.unhcr.org\/usa\/es\/wp-json\/wp\/v2\/comments?post=611"}],"version-history":[{"count":3,"href":"https:\/\/help.unhcr.org\/usa\/es\/wp-json\/wp\/v2\/pages\/611\/revisions"}],"predecessor-version":[{"id":659,"href":"https:\/\/help.unhcr.org\/usa\/es\/wp-json\/wp\/v2\/pages\/611\/revisions\/659"}],"up":[{"embeddable":true,"href":"https:\/\/help.unhcr.org\/usa\/es\/wp-json\/wp\/v2\/pages\/591"}],"wp:attachment":[{"href":"https:\/\/help.unhcr.org\/usa\/es\/wp-json\/wp\/v2\/media?parent=611"}],"curies":[{"name":"wp","href":"https:\/\/api.w.org\/{rel}","templated":true}]}}