{"id":607,"date":"2018-01-03T15:05:28","date_gmt":"2018-01-03T15:05:28","guid":{"rendered":"http:\/\/help.unhcr.org\/usa\/applying-for-asylum\/restrictions\/"},"modified":"2018-04-24T16:40:47","modified_gmt":"2018-04-24T16:40:47","slug":"restrictions","status":"publish","type":"page","link":"https:\/\/help.unhcr.org\/usa\/es\/applying-for-asylum\/restrictions\/","title":{"rendered":"Restricciones"},"content":{"rendered":"<p>Hay varias restricciones que pueden afectar su elegibilidad para solicitar asilo, tambi\u00e9n conocidas como obst\u00e1culos o \u201cbars\u201d al asilo. Podr\u00eda no tener pueda solicitar asilo si usted:<\/p>\n<ul>\n<li>No cumpli\u00f3 con la fecha l\u00edmite de presentar su Formulario I-589, <a href=\"https:\/\/www.uscis.gov\/i-589\" target=\"_blank\" rel=\"noopener\">Solicitud de Asilo y Extensi\u00f3n de Remoci\u00f3n<\/a> dentro de un a\u00f1o posterior a su \u00faltima entrada a los Estados Unidos, o el 1 de abril, 1997, cualquiera de las fechas que es m\u00e1s reciente;<\/li>\n<li>Se le deneg\u00f3 previamente una solicitud de asilo por parte de un Juez de Inmigraci\u00f3n o por la Junta de Apelaciones de Inmigraci\u00f3n; o<\/li>\n<li>Puede ser removido a otro pa\u00eds seguro bajo un acuerdo bilateral o multilateral los Estados Unidos y otros pa\u00edses.<\/li>\n<\/ul>\n<p>Hay excepciones a estos vetos por circunstancias cambientes o circunstancias extraordinarias.<\/p>\n<p>Para m\u00e1s informaci\u00f3n sobre onst\u00e1culos \u00a0y excepciones, vea la p\u00e1gina de <a href=\"https:\/\/www.uscis.gov\/es\/programas-humanitarios\/vetos-de-asilo\" target=\"_blank\" rel=\"noopener\">Vetos de Asilo<\/a> de Servicios de Ciudadan\u00eda e Inmigraci\u00f3n de EE.UU.<\/p>\n","protected":false},"excerpt":{"rendered":"<p>Hay varias restricciones que pueden afectar su elegibilidad para solicitar asilo, tambi\u00e9n conocidas como obst\u00e1culos o \u201cbars\u201d al asilo. Podr\u00eda no tener pueda solicitar asilo si usted: No cumpli\u00f3 con la fecha l\u00edmite de presentar su Formulario I-589, Solicitud de Asilo y Extensi\u00f3n de Remoci\u00f3n dentro de un a\u00f1o posterior a su \u00faltima entrada a [&hellip;]<\/p>\n","protected":false},"author":1,"featured_media":0,"parent":591,"menu_order":4,"comment_status":"closed","ping_status":"closed","template":"","meta":{"_acf_changed":false,"footnotes":""},"class_list":["post-607","page","type-page","status-publish","hentry"],"acf":[],"_links":{"self":[{"href":"https:\/\/help.unhcr.org\/usa\/es\/wp-json\/wp\/v2\/pages\/607","targetHints":{"allow":["GET"]}}],"collection":[{"href":"https:\/\/help.unhcr.org\/usa\/es\/wp-json\/wp\/v2\/pages"}],"about":[{"href":"https:\/\/help.unhcr.org\/usa\/es\/wp-json\/wp\/v2\/types\/page"}],"author":[{"embeddable":true,"href":"https:\/\/help.unhcr.org\/usa\/es\/wp-json\/wp\/v2\/users\/1"}],"replies":[{"embeddable":true,"href":"https:\/\/help.unhcr.org\/usa\/es\/wp-json\/wp\/v2\/comments?post=607"}],"version-history":[{"count":2,"href":"https:\/\/help.unhcr.org\/usa\/es\/wp-json\/wp\/v2\/pages\/607\/revisions"}],"predecessor-version":[{"id":609,"href":"https:\/\/help.unhcr.org\/usa\/es\/wp-json\/wp\/v2\/pages\/607\/revisions\/609"}],"up":[{"embeddable":true,"href":"https:\/\/help.unhcr.org\/usa\/es\/wp-json\/wp\/v2\/pages\/591"}],"wp:attachment":[{"href":"https:\/\/help.unhcr.org\/usa\/es\/wp-json\/wp\/v2\/media?parent=607"}],"curies":[{"name":"wp","href":"https:\/\/api.w.org\/{rel}","templated":true}]}}