{"id":604,"date":"2018-01-03T15:03:24","date_gmt":"2018-01-03T15:03:24","guid":{"rendered":"http:\/\/help.unhcr.org\/usa\/applying-for-asylum\/applying-for-defensive-asylum\/"},"modified":"2018-04-24T16:41:34","modified_gmt":"2018-04-24T16:41:34","slug":"applying-for-defensive-asylum","status":"publish","type":"page","link":"https:\/\/help.unhcr.org\/usa\/es\/applying-for-asylum\/applying-for-defensive-asylum\/","title":{"rendered":"Solicitud de  Asilo Defensivo"},"content":{"rendered":"<p>El Proceso de Asilo (el afirmativo y defensivo) es realizado por el gobierno de los Estados Unidos, no por el ACNUR. Puede acceder la siguiente informaci\u00f3n en el <a href=\"https:\/\/firrp.org\/resources\/prose\/\">Florence Project<\/a>.<\/p>\n<h2>El Proceso del Asilo Defensivo<\/h2>\n<h3>Parte 1: Audiencia Preliminar<\/h3>\n<ul>\n<li>Al principio de su caso, en sus audiencias preliminares, tambi\u00e9n conocido como una audiencia \u201cMaster Calendar\u201d, el juez le preguntar\u00e1 si cada cargo contra usted es verdad. Escuche las preguntas cuidadosamente y no aprueba hechos que no sean exactos.<\/li>\n<li>Luego, el juez le har\u00e1 una serie de preguntas para ver si califica para quedarse en los Estados Unidos bajo alguna de las modalidades permitidas. El juez tambi\u00e9n le preguntar\u00e1 si teme regresar a su pa\u00eds. Si desea solicitar asilo, aplazamiento de la expulsi\u00f3n, o protecci\u00f3n bajo la Convenci\u00f3n Contra la Tortura, expl\u00edquele esto al juez.<\/li>\n<\/ul>\n<h3>Parte 2: Audiencia Individual o Audiencia de M\u00e9rito<\/h3>\n<ul>\n<li>Esta es la \u00faltima audiencia en su caso cuando el juez escucha su historia y le hace preguntas a usted o a sus testigos, si los tiene, sobre su solicitud, y sobre cualquier otra cosa que usted le haya entregado e al juez.<\/li>\n<li>En su audiencia final, usted tiene la oportunidad de contar su historia y el juez decide su caso. El Juez de Inmigraci\u00f3n, un int\u00e9rprete (si usted no habla ingl\u00e9s con fluidez), un abogado representante del Departamento de Seguridad Nacional (el abogado litigante), y usted estar\u00e1n presentes en la audiencia. Si usted tiene testigos, ellos necesitan estar presentes tambi\u00e9n. Tenga en cuenta que es posible que el Departamento de Seguridad Nacional (DHS) tenga testigos contra usted, pero ocurre muy raramente.<\/li>\n<li>Al final de la audiencia de asilo\/aplazamiento de la expulsi\u00f3n, el juez usualmente decide si le concede asilo\/aplazamiento o no. De vez en cuando, el juez toma un tiempo para pensar o escribir su decisi\u00f3n, y usted tendr\u00e1 que esperar un tiempo m\u00e1s.<\/li>\n<\/ul>\n<h3>Parte 3: Apelaciones<\/h3>\n<ul>\n<li>Tanto usted como el Departamento de Seguridad Nacional tienen el derecho de apelar la decisi\u00f3n de un juez de inmigraci\u00f3n ante un tribunal superior llamado la Junta de Apelaciones de Inmigraci\u00f3n.<\/li>\n<li>En cuanto el juez le comunique su decisi\u00f3n, \u00e9l o ella le preguntar\u00e1 a usted y al abogado litigante si quieren reservar el derecho de la apelaci\u00f3n. Usted tambi\u00e9n puede renunciar a su derecho de apelaci\u00f3n.<\/li>\n<li>Si usted pierde el caso y se reserva el derecho de la apelaci\u00f3n, la Junta de Apelaciones de Inmigraci\u00f3n debe recibir sus caso \u00a030 d\u00edas despu\u00e9s de su audiencia, a m\u00e1s tardar. Si no entrega sus formularios en 30 d\u00edas, los jueces no los leer\u00e1n y usted perder\u00e1 su derecho de apelaci\u00f3n.<\/li>\n<li>Para m\u00e1s informaci\u00f3n sobre c\u00f3mo apelar un caso , vea <a href=\"http:\/\/firrp.org\/media\/BIA-Appeal-Guide-2013_new-BIA-address-2013.pdf\" target=\"_blank\" rel=\"noopener\">esta gu\u00eda<\/a> producida por el Florence Project.<\/li>\n<\/ul>\n<p>Puede encontrar m\u00e1s recursos sobre el Asilo Defensivo\u00a0<a href=\"http:\/\/www.unhcr.org\/en-us\/asilo-defensivo.html\" target=\"_blank\" rel=\"noopener\">aqu\u00ed<\/a>.<\/p>\n","protected":false},"excerpt":{"rendered":"<p>El Proceso de Asilo (el afirmativo y defensivo) es realizado por el gobierno de los Estados Unidos, no por el ACNUR. Puede acceder la siguiente informaci\u00f3n en el Florence Project. El Proceso del Asilo Defensivo Parte 1: Audiencia Preliminar Al principio de su caso, en sus audiencias preliminares, tambi\u00e9n conocido como una audiencia \u201cMaster Calendar\u201d, [&hellip;]<\/p>\n","protected":false},"author":1,"featured_media":0,"parent":591,"menu_order":3,"comment_status":"closed","ping_status":"closed","template":"","meta":{"_acf_changed":false,"footnotes":""},"class_list":["post-604","page","type-page","status-publish","hentry"],"acf":[],"_links":{"self":[{"href":"https:\/\/help.unhcr.org\/usa\/es\/wp-json\/wp\/v2\/pages\/604","targetHints":{"allow":["GET"]}}],"collection":[{"href":"https:\/\/help.unhcr.org\/usa\/es\/wp-json\/wp\/v2\/pages"}],"about":[{"href":"https:\/\/help.unhcr.org\/usa\/es\/wp-json\/wp\/v2\/types\/page"}],"author":[{"embeddable":true,"href":"https:\/\/help.unhcr.org\/usa\/es\/wp-json\/wp\/v2\/users\/1"}],"replies":[{"embeddable":true,"href":"https:\/\/help.unhcr.org\/usa\/es\/wp-json\/wp\/v2\/comments?post=604"}],"version-history":[{"count":3,"href":"https:\/\/help.unhcr.org\/usa\/es\/wp-json\/wp\/v2\/pages\/604\/revisions"}],"predecessor-version":[{"id":610,"href":"https:\/\/help.unhcr.org\/usa\/es\/wp-json\/wp\/v2\/pages\/604\/revisions\/610"}],"up":[{"embeddable":true,"href":"https:\/\/help.unhcr.org\/usa\/es\/wp-json\/wp\/v2\/pages\/591"}],"wp:attachment":[{"href":"https:\/\/help.unhcr.org\/usa\/es\/wp-json\/wp\/v2\/media?parent=604"}],"curies":[{"name":"wp","href":"https:\/\/api.w.org\/{rel}","templated":true}]}}