{"id":602,"date":"2018-01-03T14:57:21","date_gmt":"2018-01-03T14:57:21","guid":{"rendered":"http:\/\/help.unhcr.org\/usa\/applying-for-asylum\/applying-for-affirmative-asylum\/"},"modified":"2018-04-24T16:36:48","modified_gmt":"2018-04-24T16:36:48","slug":"applying-for-affirmative-asylum","status":"publish","type":"page","link":"https:\/\/help.unhcr.org\/usa\/es\/applying-for-asylum\/applying-for-affirmative-asylum\/","title":{"rendered":"Solicitud de Asilo Afirmativo"},"content":{"rendered":"<p>El Proceso de Asilo (el afirmativo y defensivo) es realizado por el gobierno de los Estados Unidos, no por el ACNUR. Para m\u00e1s informaci\u00f3n sobre el Proceso de Asilo Afirmativo, favor de consultar <a href=\"https:\/\/www.uscis.gov\/es\/programas-humanitarios\/el-proceso-de-asilo-afirmativo\" target=\"_blank\" rel=\"noopener\">Servicios de Ciudadan\u00eda e Inmigraci\u00f3n de los Estados Unidos<\/a>.<\/p>\n<p>Puede encontrar \u00a0m\u00e1s recursos sobre el Asilo Afirmativo\u00a0 <a href=\"http:\/\/www.unhcr.org\/en-us\/585ae9354\" target=\"_blank\" rel=\"noopener\">aqu\u00ed<\/a>.<\/p>\n","protected":false},"excerpt":{"rendered":"<p>El Proceso de Asilo (el afirmativo y defensivo) es realizado por el gobierno de los Estados Unidos, no por el ACNUR. Para m\u00e1s informaci\u00f3n sobre el Proceso de Asilo Afirmativo, favor de consultar Servicios de Ciudadan\u00eda e Inmigraci\u00f3n de los Estados Unidos. Puede encontrar \u00a0m\u00e1s recursos sobre el Asilo Afirmativo\u00a0 aqu\u00ed.<\/p>\n","protected":false},"author":1,"featured_media":0,"parent":591,"menu_order":2,"comment_status":"closed","ping_status":"closed","template":"","meta":{"_acf_changed":false,"footnotes":""},"class_list":["post-602","page","type-page","status-publish","hentry"],"acf":[],"_links":{"self":[{"href":"https:\/\/help.unhcr.org\/usa\/es\/wp-json\/wp\/v2\/pages\/602","targetHints":{"allow":["GET"]}}],"collection":[{"href":"https:\/\/help.unhcr.org\/usa\/es\/wp-json\/wp\/v2\/pages"}],"about":[{"href":"https:\/\/help.unhcr.org\/usa\/es\/wp-json\/wp\/v2\/types\/page"}],"author":[{"embeddable":true,"href":"https:\/\/help.unhcr.org\/usa\/es\/wp-json\/wp\/v2\/users\/1"}],"replies":[{"embeddable":true,"href":"https:\/\/help.unhcr.org\/usa\/es\/wp-json\/wp\/v2\/comments?post=602"}],"version-history":[{"count":1,"href":"https:\/\/help.unhcr.org\/usa\/es\/wp-json\/wp\/v2\/pages\/602\/revisions"}],"predecessor-version":[{"id":603,"href":"https:\/\/help.unhcr.org\/usa\/es\/wp-json\/wp\/v2\/pages\/602\/revisions\/603"}],"up":[{"embeddable":true,"href":"https:\/\/help.unhcr.org\/usa\/es\/wp-json\/wp\/v2\/pages\/591"}],"wp:attachment":[{"href":"https:\/\/help.unhcr.org\/usa\/es\/wp-json\/wp\/v2\/media?parent=602"}],"curies":[{"name":"wp","href":"https:\/\/api.w.org\/{rel}","templated":true}]}}