{"id":597,"date":"2018-01-03T11:11:57","date_gmt":"2018-01-03T11:11:57","guid":{"rendered":"http:\/\/help.unhcr.org\/usa\/applying-for-asylum\/types-of-asylum\/"},"modified":"2018-04-26T17:11:44","modified_gmt":"2018-04-26T17:11:44","slug":"types-of-asylum","status":"publish","type":"page","link":"https:\/\/help.unhcr.org\/usa\/es\/applying-for-asylum\/types-of-asylum\/","title":{"rendered":"Tipos de procedimientos de asilo"},"content":{"rendered":"<p>Para solicitar asilo en EE.UU., usted debe estar f\u00edsicamente presente en los EE.UU. o intentar ingresar a EE.UU. a trav\u00e9s de un puerto de entrada formal (frontera o aeropuerto).<\/p>\n<h2>Tipos de Asilo<\/h2>\n<p>Hay dos procedimientos para solicitar el asilo en EE.UU. El proceso de asilo afirmativo\u00a0es para personas que no enfrentan\u00a0ninguna forma de proceso de expulsi\u00f3n. El proceso de asilo defensivo es para personas quee\u00a0enfrentan\u00a0alguna forma de proceso de expulsi\u00f3n. Los procesos de expulsi\u00f3n involucran un dictamen del gobierno de los EE.UU. ordenando que usted sea expulsado (deportado) del pa\u00eds (<a href=\"https:\/\/www.uscis.gov\/humanitarian\/refugees-asylum\/asylum\/obtaining-asylum-united-states\" target=\"_blank\" rel=\"noopener\">haga clic aqu\u00ed para m\u00e1s informaci\u00f3n<\/a>).<\/p>\n<ul>\n<li><strong>Asilo Afirmativo: <\/strong>Una persona que no est\u00e1 en proceso de expulsi\u00f3n puede solicitar el asilo al gobierno de EE.UU., con la oficina de Servicios de Ciudadan\u00eda e Inmigraci\u00f3n de EE.UU. (USCIS), una divisi\u00f3n del Departamento de Seguridad Nacional (DHS). Si la oficina de Servicios de Ciudadan\u00eda e Inmigraci\u00f3n de no le concede el asilo, el solicitante entra a un \u00a0proceso de expulsi\u00f3n. En esa instacia, el solicitante \u00a0hacer otra solicitud de asilo a trav\u00e9s del proceso de asilo defensivo durante el cual y puede comparecer ante un Juez de Inmigraci\u00f3n. Puede encontrar m\u00e1s informaci\u00f3n sobre el proceso de asilo afirmativo <a href=\"https:\/\/help.unhcr.org\/usa\/es\/applying-for-asylum\/applying-for-affirmative-asylum\/\" rel=\"noopener\">aqu\u00ed<\/a>.<\/li>\n<li><strong>Asilo Defensivo: <\/strong>Una persona que est\u00e1 en proceso de expulsi\u00f3n puede solicitar asilo defensivo con un Juez de Inmigraci\u00f3n de la Oficina Ejecutiva de Revisi\u00f3n de Inmigraci\u00f3n en el Departamento de Justicia. Es decir, el asilo se solicita como defensa contra expulsi\u00f3n de los EE.UU. Puede encontrar m\u00e1s informaci\u00f3n sobre el proceso de asilo defensivo <a href=\"https:\/\/help.unhcr.org\/usa\/es\/applying-for-asylum\/applying-for-defensive-asylum\/\" rel=\"noopener\">aqu\u00ed<\/a>.<\/li>\n<\/ul>\n<p>Las personas entran en un <strong>proceso de expulsi\u00f3n<\/strong> despu\u00e9s de ser aprehendidos o detenidos en los Estados Unidos o en cualquiera frontera de EE.UU. sin los documentos legales requeridos o que hayan violado su estado migratorio. Esto tambi\u00e9n aplica para las personas que han sido aprehendidas por Aduanas y Protecci\u00f3n de Fronteras de EE.UU. (CBP) intentando entrar a EE.UU. sin la documentaci\u00f3n adecuada, que est\u00e1n en el proceso de expulsi\u00f3n acccelerada, y que tienen un temor cre\u00edble de persecuci\u00f3n o tortura.<\/p>\n<p>En todos los casos \u2013 tanto en el proceso <strong>afirmativo<\/strong> como el <strong>defensivo \u2013 <\/strong>las personas tienen derecho a un abogado. Sin embargo, a diferencia del sistema de justicia penal en EE.UU., en casos de inmigraci\u00f3n el gobierno no proporciona abogados defensores, aunque las personas no tengan los medios para contratar a un abogado por su cuenta.<\/p>\n<h2>Otras maneras de protecci\u00f3n: Aplazamiento de la Expulsi\u00f3n y la Convenci\u00f3n Contra la Tortura (CAT)<\/h2>\n<p>Hay otras maneras de obtener protecci\u00f3n en los Estados Unidos adem\u00e1s del asilo defensivo. El aplazamiento de la expulsi\u00f3n y la protecci\u00f3n bajo la Convenci\u00f3n Contra la Tortura (CAT) tambi\u00e9n son defensas contra la expulsi\u00f3n. Se usa el mismo formulario (formulario <a href=\"https:\/\/www.uscis.gov\/i-589\" target=\"_blank\" rel=\"noopener\">I-589<\/a>) para solicitar el aplazamiento de la expulsi\u00f3n, CAT, y asilo defensivo.<\/p>\n<h3>Aplazamiento de la expulsi\u00f3n<\/h3>\n<p>Aunque no califique para el asilo, usted podr\u00eda ser elegible para un aplazamiento de la expulsi\u00f3n. El aplazamiento de la expulsi\u00f3n no lo califica para la residencia (green card), pero podr\u00eda permanecer y trabajar legalmente en los Estados Unidos. Para que le concedan un aplazamiento de la expulsi\u00f3n, usted debe demostrar que es probable que sufra persecuci\u00f3n en el futuro si es regresado a su pa\u00eds de origen por raz\u00f3n de su raza, religi\u00f3n, nacionalidad, pertenencia a un determinado grupo social, o por sus opiniones pol\u00edticas. La carga de la prueba para el aplazamiento de la expulsi\u00f3n es m\u00e1s alta que la del asilo: necesitar\u00e1 mostrar que hay una probabilidad del 50 por ciento o m\u00e1s de que usted sea perseguido.<\/p>\n<h3>Amparo bajo la Convenci\u00f3n Contra la Tortura (CAT)<\/h3>\n<p>Si usted teme la tortura en su pa\u00eds de origen, usted podr\u00eda califique para un amparo bajo la CAT. Usted debe demostrar que podr\u00eda ser torturado directamente por el gobierno o con la \u201caquiescencia\u201d del gobierno si es regresado a su pa\u00eds de origen. \u201cAquiescencia\u201d generalmente significa que el gobierno est\u00e1 tiene conocimiento de la tortura, pero no intenta pararlo.<\/p>\n","protected":false},"excerpt":{"rendered":"<p>Para solicitar asilo en EE.UU., usted debe estar f\u00edsicamente presente en los EE.UU. o intentar ingresar a EE.UU. a trav\u00e9s de un puerto de entrada formal (frontera o aeropuerto). Tipos de Asilo Hay dos procedimientos para solicitar el asilo en EE.UU. El proceso de asilo afirmativo\u00a0es para personas que no enfrentan\u00a0ninguna forma de proceso de [&hellip;]<\/p>\n","protected":false},"author":1,"featured_media":0,"parent":591,"menu_order":1,"comment_status":"closed","ping_status":"closed","template":"","meta":{"_acf_changed":false,"footnotes":""},"class_list":["post-597","page","type-page","status-publish","hentry"],"acf":[],"_links":{"self":[{"href":"https:\/\/help.unhcr.org\/usa\/es\/wp-json\/wp\/v2\/pages\/597","targetHints":{"allow":["GET"]}}],"collection":[{"href":"https:\/\/help.unhcr.org\/usa\/es\/wp-json\/wp\/v2\/pages"}],"about":[{"href":"https:\/\/help.unhcr.org\/usa\/es\/wp-json\/wp\/v2\/types\/page"}],"author":[{"embeddable":true,"href":"https:\/\/help.unhcr.org\/usa\/es\/wp-json\/wp\/v2\/users\/1"}],"replies":[{"embeddable":true,"href":"https:\/\/help.unhcr.org\/usa\/es\/wp-json\/wp\/v2\/comments?post=597"}],"version-history":[{"count":5,"href":"https:\/\/help.unhcr.org\/usa\/es\/wp-json\/wp\/v2\/pages\/597\/revisions"}],"predecessor-version":[{"id":683,"href":"https:\/\/help.unhcr.org\/usa\/es\/wp-json\/wp\/v2\/pages\/597\/revisions\/683"}],"up":[{"embeddable":true,"href":"https:\/\/help.unhcr.org\/usa\/es\/wp-json\/wp\/v2\/pages\/591"}],"wp:attachment":[{"href":"https:\/\/help.unhcr.org\/usa\/es\/wp-json\/wp\/v2\/media?parent=597"}],"curies":[{"name":"wp","href":"https:\/\/api.w.org\/{rel}","templated":true}]}}