{"id":589,"date":"2017-11-06T14:33:03","date_gmt":"2017-11-06T14:33:03","guid":{"rendered":"http:\/\/help.unhcr.org\/usa\/where-to-seek-help-2\/"},"modified":"2018-05-01T15:42:09","modified_gmt":"2018-05-01T15:42:09","slug":"where-to-seek-help","status":"publish","type":"page","link":"https:\/\/help.unhcr.org\/usa\/es\/where-to-seek-help\/","title":{"rendered":"\u00bfD\u00f3nde buscar asilo?"},"content":{"rendered":"<p>El ACNUR no ofrece consejos legales ni representaci\u00f3n para casos individuales. Para asistencia en EE.UU. recomendamos que consulte con un abogado de inmigraci\u00f3n calificado. Abajo puede encontrar listas de organizaciones sin fines de lucro y proveedores de servicios gratuitos en EE.UU. que asisten a las personas con temas de inmigraci\u00f3n:<\/p>\n<ul>\n<li><a href=\"http:\/\/www.immigrationadvocates.org\/nonprofit\/legaldirectory\/\" target=\"_blank\" rel=\"noopener\">http:\/\/www.immigrationadvocates.org\/nonprofit\/legaldirectory\/<\/a><\/li>\n<li><a href=\"https:\/\/www.justice.gov\/eoir\/list-pro-bono-legal-service-providers-map\" target=\"_blank\" rel=\"noopener\">https:\/\/www.justice.gov\/eoir\/list-pro-bono-legal-service-providers-map<\/a><\/li>\n<li><a href=\"https:\/\/www.immi.org\/info\/FindLegalHelp\" target=\"_blank\" rel=\"noopener\">https:\/\/www.immi.org\/info\/FindLegalHelp<\/a><\/li>\n<li><a href=\"http:\/\/www.unhcr.org\/en-us\/legal-aid-contact-information.html\" target=\"_blank\" rel=\"noopener\">http:\/\/www.unhcr.org\/en-us\/legal-aid-contact-information.html<\/a><\/li>\n<\/ul>\n","protected":false},"excerpt":{"rendered":"<p>El ACNUR no ofrece consejos legales ni representaci\u00f3n para casos individuales. Para asistencia en EE.UU. recomendamos que consulte con un abogado de inmigraci\u00f3n calificado. Abajo puede encontrar listas de organizaciones sin fines de lucro y proveedores de servicios gratuitos en EE.UU. que asisten a las personas con temas de inmigraci\u00f3n: http:\/\/www.immigrationadvocates.org\/nonprofit\/legaldirectory\/ https:\/\/www.justice.gov\/eoir\/list-pro-bono-legal-service-providers-map https:\/\/www.immi.org\/info\/FindLegalHelp http:\/\/www.unhcr.org\/en-us\/legal-aid-contact-information.html<\/p>\n","protected":false},"author":1,"featured_media":0,"parent":0,"menu_order":1,"comment_status":"closed","ping_status":"closed","template":"","meta":{"_acf_changed":false,"footnotes":""},"class_list":["post-589","page","type-page","status-publish","hentry"],"acf":[],"_links":{"self":[{"href":"https:\/\/help.unhcr.org\/usa\/es\/wp-json\/wp\/v2\/pages\/589","targetHints":{"allow":["GET"]}}],"collection":[{"href":"https:\/\/help.unhcr.org\/usa\/es\/wp-json\/wp\/v2\/pages"}],"about":[{"href":"https:\/\/help.unhcr.org\/usa\/es\/wp-json\/wp\/v2\/types\/page"}],"author":[{"embeddable":true,"href":"https:\/\/help.unhcr.org\/usa\/es\/wp-json\/wp\/v2\/users\/1"}],"replies":[{"embeddable":true,"href":"https:\/\/help.unhcr.org\/usa\/es\/wp-json\/wp\/v2\/comments?post=589"}],"version-history":[{"count":2,"href":"https:\/\/help.unhcr.org\/usa\/es\/wp-json\/wp\/v2\/pages\/589\/revisions"}],"predecessor-version":[{"id":830,"href":"https:\/\/help.unhcr.org\/usa\/es\/wp-json\/wp\/v2\/pages\/589\/revisions\/830"}],"wp:attachment":[{"href":"https:\/\/help.unhcr.org\/usa\/es\/wp-json\/wp\/v2\/media?parent=589"}],"curies":[{"name":"wp","href":"https:\/\/api.w.org\/{rel}","templated":true}]}}