{"id":888,"date":"2025-05-13T17:03:15","date_gmt":"2025-05-13T17:03:15","guid":{"rendered":"https:\/\/help.unhcr.org\/uruguay\/?page_id=888"},"modified":"2026-03-16T17:47:47","modified_gmt":"2026-03-16T17:47:47","slug":"acnur-y-organizaciones-socias","status":"publish","type":"page","link":"https:\/\/help.unhcr.org\/uruguay\/solicitar-ayuda\/acnur-y-organizaciones-socias\/","title":{"rendered":"ACNUR y organizaciones socias"},"content":{"rendered":"\n<p>Desde ACNUR, apoyamos de manera subsidiaria a los organismos oficiales de los diferentes niveles de gobierno y establecemos asociaciones con organizaciones de la sociedad civil que brindan servicios de manera directa a las personas refugiadas y migrantes durante su proceso de integraci\u00f3n.<\/p>\n\n\n\n<p class=\"has-text-align-center has-background\" style=\"background-color:#faeb00\"><strong>Todos los servicios brindados por ACNUR y sus agencias socias son gratuitos.<\/strong> <strong>Nadie puede pedirte nada a cambio<\/strong>. <strong>Si algo as\u00ed sucedi\u00f3, es importante reportarlo <a href=\"https:\/\/help.unhcr.org\/uruguay\/contacto\/\" data-type=\"page\" data-id=\"141\">AQU\u00cd<\/a><\/strong><\/p>\n\n\n\n<h3 class=\"wp-block-heading\">ACNUR &#8211; Alto Comisionado de Naciones Unidas para los Refugiados<\/h3>\n\n\n\n<ul class=\"wp-block-list\">\n<li><strong>E-Mail:<\/strong>\u00a0A trav\u00e9s del formulario disponible <a href=\"https:\/\/help.unhcr.org\/uruguay\/contacto\/\"><strong>aqu\u00ed<\/strong><\/a><\/li>\n\n\n\n<li><strong>RR SS: <\/strong>IG: <a href=\"https:\/\/www.instagram.com\/acnurconosur\/\" target=\"_blank\" rel=\"noreferrer noopener\">@acnurconosur \/<\/a> X:<a href=\"https:\/\/x.com\/ACNURConoSur\" target=\"_blank\" rel=\"noreferrer noopener\"> @ACNURConoSur<\/a><\/li>\n\n\n\n<li><strong>Direcci\u00f3n: <\/strong>Ciudad de Buenos Aires, Argentina.<\/li>\n\n\n\n<li><strong>Servicios:<\/strong> informaci\u00f3n y orientaci\u00f3n sobre el proceso de determinaci\u00f3n de la condici\u00f3n de refugiado\/a y referencias a los servicios disponibles.<\/li>\n<\/ul>\n\n\n\n<h3 class=\"wp-block-heading\">SEDHU &#8211; Servicio Ecum\u00e9nico para la Dignidad Humana<\/h3>\n\n\n\n<ul class=\"wp-block-list\">\n<li><strong>Tel\u00e9fono\/WhatsApp:<\/strong> <a href=\"https:\/\/wa.me\/59898624906\" target=\"_blank\" rel=\"noreferrer noopener\">(+598) 9862 4906<\/a><\/li>\n\n\n\n<li><strong>E-mail<\/strong>:\u00a0<a href=\"mailto:info@sedhu.uy\">info@sedhu.uy<\/a><\/li>\n\n\n\n<li><strong>Sitio Web:<\/strong> <a href=\"https:\/\/sedhu.uy\/\" target=\"_blank\" rel=\"noreferrer noopener\">SEDHU<\/a><\/li>\n\n\n\n<li><strong>RR SS: <\/strong>IG: <a href=\"https:\/\/www.instagram.com\/sersedhu\/?hl=es-la\" target=\"_blank\" rel=\"noreferrer noopener\">@sersedhu<\/a><\/li>\n\n\n\n<li><strong>Direcci\u00f3n:<\/strong> Colonia 1569 apto 201, Montevideo<\/li>\n\n\n\n<li><strong>Servicios:\u00a0<\/strong>asistencia legal y social; solicitud de la condici\u00f3n de persona refugiada y\/o ap\u00e1trida.<\/li>\n<\/ul>\n","protected":false},"excerpt":{"rendered":"<p>Desde ACNUR, apoyamos de manera subsidiaria a los organismos oficiales de los diferentes niveles de gobierno y establecemos asociaciones con organizaciones de la sociedad civil que brindan servicios de manera directa a las personas refugiadas y migrantes durante su proceso de integraci\u00f3n. Todos los servicios brindados por ACNUR y sus agencias socias son gratuitos. Nadie [&hellip;]<\/p>\n","protected":false},"author":472,"featured_media":0,"parent":215,"menu_order":0,"comment_status":"closed","ping_status":"closed","template":"","meta":{"_acf_changed":false,"footnotes":""},"class_list":["post-888","page","type-page","status-publish","hentry"],"acf":[],"_links":{"self":[{"href":"https:\/\/help.unhcr.org\/uruguay\/wp-json\/wp\/v2\/pages\/888","targetHints":{"allow":["GET"]}}],"collection":[{"href":"https:\/\/help.unhcr.org\/uruguay\/wp-json\/wp\/v2\/pages"}],"about":[{"href":"https:\/\/help.unhcr.org\/uruguay\/wp-json\/wp\/v2\/types\/page"}],"author":[{"embeddable":true,"href":"https:\/\/help.unhcr.org\/uruguay\/wp-json\/wp\/v2\/users\/472"}],"replies":[{"embeddable":true,"href":"https:\/\/help.unhcr.org\/uruguay\/wp-json\/wp\/v2\/comments?post=888"}],"version-history":[{"count":13,"href":"https:\/\/help.unhcr.org\/uruguay\/wp-json\/wp\/v2\/pages\/888\/revisions"}],"predecessor-version":[{"id":1019,"href":"https:\/\/help.unhcr.org\/uruguay\/wp-json\/wp\/v2\/pages\/888\/revisions\/1019"}],"up":[{"embeddable":true,"href":"https:\/\/help.unhcr.org\/uruguay\/wp-json\/wp\/v2\/pages\/215"}],"wp:attachment":[{"href":"https:\/\/help.unhcr.org\/uruguay\/wp-json\/wp\/v2\/media?parent=888"}],"curies":[{"name":"wp","href":"https:\/\/api.w.org\/{rel}","templated":true}]}}