{"id":514,"date":"2021-09-06T15:46:11","date_gmt":"2021-09-06T15:46:11","guid":{"rendered":"http:\/\/help.unhcr.org\/uruguay\/?page_id=514"},"modified":"2024-10-15T02:57:28","modified_gmt":"2024-10-15T02:57:28","slug":"genero-y-diversidades","status":"publish","type":"page","link":"https:\/\/help.unhcr.org\/uruguay\/genero-y-diversidades\/","title":{"rendered":"G\u00e9nero y diversidades"},"content":{"rendered":"\n<p><strong><mark>Prevenci\u00f3n y protecci\u00f3n contra la violencia sexual y basada en g\u00e9nero<\/mark><\/strong><\/p>\n\n\n\n<p>Las situaciones de aislamiento social forzoso pueden derivar en un aumento de los casos de violencia por motivo de g\u00e9nero. Si tu o alguna persona de tu entorno est\u00e1 viviendo situaciones de violencia por motivos de g\u00e9nero, poderes recibir atenci\u00f3n, contenci\u00f3n y asesoramiento.&nbsp;<\/p>\n\n\n\n<h4 class=\"wp-block-heading\"><strong><mark>Para denunciar situaciones de violencia de g\u00e9nero, accede a los diferentes canales brindados por el Observatorio de Violencia de G\u00e9nero:<\/mark><\/strong><\/h4>\n\n\n\n<p><\/p>\n\n\n\n<ul class=\"wp-block-list\">\n<li><a href=\"https:\/\/www.minterior.gub.uy\/index.php?option=com_content&amp;view=article&amp;id=2956\" target=\"_blank\" rel=\"noreferrer noopener\">0800 5000: recepci\u00f3n de denuncias an\u00f3nimas<\/a>&nbsp;<\/li>\n\n\n\n<li><a href=\"https:\/\/www.minterior.gub.uy\/index.php?option=com_content&amp;view=article&amp;id=2956%22%20%20HYPERLINK%20%22http:\/\/guiaderecursos.mides.gub.uy\/67630\/unidades-especializadas-en-violencia-domestica-y-de-genero-uevdg\" target=\"_blank\" rel=\"noreferrer noopener\">Unidades Especializadas en Violencia Dom\u00e9stica y de G\u00e9nero<\/a>&nbsp;<\/li>\n\n\n\n<li><a href=\"http:\/\/guiaderecursos.mides.gub.uy\/67630\/unidades-especializadas-en-violencia-domestica-y-de-genero-uevdg%22%20%20HYPERLINK%20%22https:\/www.minterior.gub.uy\/index.php\/component\/content\/article?id=4385\" target=\"_blank\" rel=\"noreferrer noopener\">Aplicaci\u00f3n para celulares: 911 Emergencias.<\/a>&nbsp;<\/li>\n\n\n\n<li><a href=\"https:\/\/www.minterior.gub.uy\/index.php\/component\/content\/article?id=4385%22%20%20HYPERLINK%20%22https:\/\/denuncia.minterior.gub.uy\/\" target=\"_blank\" rel=\"noreferrer noopener\">Sistema de denuncia en l\u00ednea.<\/a>&nbsp;<\/li>\n\n\n\n<li><a href=\"https:\/\/denuncia.minterior.gub.uy\/%22%20%20HYPERLINK%20%22http:\/www.fiscalia.gub.uy\/innovaportal\/v\/4513\/1\/innova.front\/fiscalias-de-montevideo.html\" target=\"_blank\" rel=\"noreferrer noopener\">Denuncias en Fiscal\u00edas de Montevideo.<\/a>&nbsp;<\/li>\n\n\n\n<li><a href=\"http:\/\/www.fiscalia.gub.uy\/innovaportal\/v\/4513\/1\/innova.front\/fiscalias-de-montevideo.html%22%20%20HYPERLINK%20%22http:\/www.fiscalia.gub.uy\/innovaportal\/v\/4514\/1\/innova.front\/fiscalias-departamentales.html\" target=\"_blank\" rel=\"noreferrer noopener\">Denuncias en Fiscal\u00edas del interior del pa\u00eds.<\/a>&nbsp;<\/li>\n<\/ul>\n\n\n\n<p><strong>Atenci\u00f3n y consultas<\/strong>&nbsp;<\/p>\n\n\n\n<ul class=\"wp-block-list\">\n<li>0800 4141: servicio telef\u00f3nico de orientaci\u00f3n a mujeres en situaci\u00f3n de violencia&nbsp;&nbsp;<\/li>\n\n\n\n<li><a href=\"https:\/\/www.gub.uy\/tramites\/linea-azul\" target=\"_blank\" rel=\"noreferrer noopener\">L\u00ednea azul: denuncias de violencia en ni\u00f1as, ni\u00f1os y adolescentes<\/a>&nbsp;<\/li>\n\n\n\n<li><a href=\"https:\/\/www.gub.uy\/tramites\/linea-azul%22%20%20HYPERLINK%20%22https:\/www.gub.uy\/tramites\/servicio-atencion-mujeres-situacion-violencia-basada-genero\" target=\"_blank\" rel=\"noreferrer noopener\">Servicio de atenci\u00f3n a mujeres en situaci\u00f3n de violencia basada en g\u00e9nero<\/a>&nbsp;<\/li>\n<\/ul>\n\n\n\n<p><strong><mark>Servicio de atenci\u00f3n a mujeres en situaci\u00f3n de violencia basada en g\u00e9nero:<\/mark><\/strong><\/p>\n\n\n\n<p>Existen servicios en todos los departamentos del pa\u00eds.&nbsp;<\/p>\n\n\n\n<p>Por informaci\u00f3n acerca de cada servicio, lugares y direcciones como as\u00ed\u202ftambi\u00e9n\u202fpara solicitar\u202forientaci\u00f3n y atenci\u00f3n v\u00eda telef\u00f3nica&nbsp;<a href=\"http:\/\/guiaderecursos.mides.gub.uy\/mides\/guiarecurso\/templates\/recurso_puertas.jsp?contentid=27548&amp;amp%20channel=innova.front&amp;amp%20site=1\" target=\"_blank\" rel=\"noreferrer noopener\">hacer clic aqu\u00ed.<\/a>&nbsp; Para m\u00e1s informaci\u00f3n&nbsp;puedes&nbsp;ingresar a la p\u00e1gina web oficial del Observatorio de Violencia de G\u00e9nero, accediendo al siguiente link:&nbsp;<a href=\"https:\/\/www.gub.uy\/observatorio-violencia-genero\" target=\"_blank\" rel=\"noreferrer noopener\">https:\/\/www.gub.uy\/observatorio-violencia-genero<\/a><\/p>\n\n\n\n<p><strong>ACNUR tiene TOLERANCIA CERO contra la explotaci\u00f3n y el abuso sexual perpetrado por parte de trabajadores\/as humanitarios\/as. Para m\u00e1s informaci\u00f3n, por ingresa\u00a0<\/strong><a href=\"https:\/\/help.unhcr.org\/uruguay\/proteccion-contra-la-explotacion-y-el-abuso-sexual\/\" target=\"_blank\" rel=\"noreferrer noopener\"><strong>aqu\u00ed<\/strong><\/a><strong>.<\/strong>\u00a0<\/p>\n\n\n\n<hr class=\"wp-block-separator has-alpha-channel-opacity\" \/>\n\n\n\n<p><strong><mark><strong>Derechos de personas LGBTIQ+: identidad de g\u00e9nero<\/strong><\/mark><\/strong><\/p>\n\n\n\n<p>La Ley Integral para Personas Trans (N\u00ba&nbsp;19.684) consagra distintos derechos, entre los cuales se destacan:&nbsp;<\/p>\n\n\n\n<ul class=\"wp-block-list\">\n<li>Las\u00a0personas trans\u00a0tienen derecho al libre desarrollo de su personalidad\u00a0conforme a\u00a0su\u00a0propia\u00a0identidad de g\u00e9nero y a recibir un trato digno\u00a0libre de discriminaci\u00f3n y estigmatizaci\u00f3n.\u00a0<\/li>\n\n\n\n<li>Toda persona tiene el derecho\u00a0a solicitar la adecuaci\u00f3n de la menci\u00f3n registral de su nombre, sexo, o ambos, cuando los mismos no coincidan con su identidad de g\u00e9nero.\u00a0Ello incluye el derecho\u00a0a que las personas sean identificadas\u00a0de forma que se reconozca plenamente la identidad de g\u00e9nero propia y la consonancia entre esta identidad y el nombre y sexo se\u00f1alado en los documentos identificatorios de la persona.\u00a0<\/li>\n\n\n\n<li>Toda persona tiene derecho a una atenci\u00f3n integral para adecuar su cuerpo a su identidad de g\u00e9nero, incluidos los tratamientos m\u00e9dicos quir\u00fargicos.\u00a0\u00a0<\/li>\n<\/ul>\n\n\n\n<p><strong>COMISI\u00d3N HONORARIA CONTRA EL RACISMO, LA XENOFOBIA Y TODA OTRA FORMA DE DISCRIMINACI\u00d3N<\/strong><\/p>\n\n\n\n<p><strong>Tel\u00e9fono:<\/strong>\u00a0+598\u202f2407 4568\u00a0Int. 205 o 206\u00a0<br><strong>Correo electr\u00f3nico:<\/strong>\u202f<a href=\"mailto:comnodiscriminacion@mec.gub.uy\" target=\"_blank\" rel=\"noreferrer noopener\">comnodiscriminacion@mec.gub.uy\u00a0<br><\/a><strong>Recepci\u00f3n de correspondencia:<\/strong>\u00a0Magallanes 1328\u00a0<br><strong>Atenci\u00f3n al p\u00fablico:<\/strong>\u00a0martes\u202fde 11:00 a 13:00\u00a0horas.\u00a0<\/p>\n\n\n\n<hr class=\"wp-block-separator has-alpha-channel-opacity\" \/>\n\n\n\n<p><strong><mark><strong><strong>Tarjeta Uruguay Social\u00a0(TUS)\u00a0para Personas Trans<\/strong><\/strong><\/mark><\/strong><strong>\u00a0\u00a0<\/strong><\/p>\n\n\n\n<p>Como reconocimiento a la situaci\u00f3n de vulnerabilidad social de las personas trans (transexuales, travestis y transg\u00e9nero), desde setiembre de 2012 se otorga una tarjeta a las personas trans que la soliciten, sin excepci\u00f3n.&nbsp;<\/p>\n\n\n\n<p>El monto a acreditarse es el equivalente al de los hogares con un menor a cargo. Las solicitudes podr\u00e1n realizarse a trav\u00e9s de las Oficinas Territoriales en todo el pa\u00eds&nbsp;(<a href=\"http:\/\/www.mides.gub.uy\/oficinas\" target=\"_blank\" rel=\"noreferrer noopener\">www.mides.gub.uy\/oficinas<\/a>).&nbsp;&nbsp;<\/p>\n","protected":false},"excerpt":{"rendered":"<p>Prevenci\u00f3n y protecci\u00f3n contra la violencia sexual y basada en g\u00e9nero Las situaciones de aislamiento social forzoso pueden derivar en un aumento de los casos de violencia por motivo de g\u00e9nero. Si tu o alguna persona de tu entorno est\u00e1 viviendo situaciones de violencia por motivos de g\u00e9nero, poderes recibir atenci\u00f3n, contenci\u00f3n y asesoramiento.&nbsp; Para [&hellip;]<\/p>\n","protected":false},"author":122,"featured_media":0,"parent":0,"menu_order":8,"comment_status":"closed","ping_status":"closed","template":"page-templates\/listing_page.php","meta":{"_acf_changed":false,"footnotes":""},"class_list":["post-514","page","type-page","status-publish","hentry"],"acf":[],"_links":{"self":[{"href":"https:\/\/help.unhcr.org\/uruguay\/wp-json\/wp\/v2\/pages\/514","targetHints":{"allow":["GET"]}}],"collection":[{"href":"https:\/\/help.unhcr.org\/uruguay\/wp-json\/wp\/v2\/pages"}],"about":[{"href":"https:\/\/help.unhcr.org\/uruguay\/wp-json\/wp\/v2\/types\/page"}],"author":[{"embeddable":true,"href":"https:\/\/help.unhcr.org\/uruguay\/wp-json\/wp\/v2\/users\/122"}],"replies":[{"embeddable":true,"href":"https:\/\/help.unhcr.org\/uruguay\/wp-json\/wp\/v2\/comments?post=514"}],"version-history":[{"count":9,"href":"https:\/\/help.unhcr.org\/uruguay\/wp-json\/wp\/v2\/pages\/514\/revisions"}],"predecessor-version":[{"id":766,"href":"https:\/\/help.unhcr.org\/uruguay\/wp-json\/wp\/v2\/pages\/514\/revisions\/766"}],"wp:attachment":[{"href":"https:\/\/help.unhcr.org\/uruguay\/wp-json\/wp\/v2\/media?parent=514"}],"curies":[{"name":"wp","href":"https:\/\/api.w.org\/{rel}","templated":true}]}}