{"id":5,"date":"2017-11-24T16:37:20","date_gmt":"2017-11-24T16:37:20","guid":{"rendered":"http:\/\/help.unhcr.org\/uruguay\/?page_id=5"},"modified":"2026-03-16T17:44:53","modified_gmt":"2026-03-16T17:44:53","slug":"bienvenido-a","status":"publish","type":"page","link":"https:\/\/help.unhcr.org\/uruguay\/","title":{"rendered":"\u00a1Bienvenida y bienvenido!"},"content":{"rendered":"\n<p>ACNUR desarroll\u00f3 este sitio para brindar informaci\u00f3n a las personas con necesidades de protecci\u00f3n internacional en Argentina. Aqu\u00ed encontrar\u00e1s informaci\u00f3n sobre los siguientes temas:<\/p>\n\n\n\n<ul id=\"block-9618604a-9df4-43ce-b5df-42e6080e8f90\" class=\"wp-block-list\">\n<li><a href=\"https:\/\/help.unhcr.org\/uruguay\/solicitar-ayuda\/\">D\u00f3nde encontrar ayuda<\/a><\/li>\n\n\n\n<li><a href=\"https:\/\/help.unhcr.org\/uruguay\/como-solicitar-la-condicion-de-refugiado\/\" target=\"_blank\" rel=\"noreferrer noopener\">C\u00f3mo solicitar refugio<\/a><\/li>\n\n\n\n<li><a href=\"https:\/\/help.unhcr.org\/uruguay\/reunificaciones-familiares\/\" target=\"_blank\" rel=\"noreferrer noopener\">Reunificaci\u00f3n familiar<\/a>\u00a0<\/li>\n\n\n\n<li><a href=\"https:\/\/help.unhcr.org\/uruguay\/como-solicitar-la-condicion-de-apatrida-en-uruguay\/\" target=\"_blank\" rel=\"noreferrer noopener\">Apatridia&nbsp;<\/a><\/li>\n\n\n\n<li><a href=\"https:\/\/help.unhcr.org\/uruguay\/acceso-a-derechos-en-uruguay\/\" target=\"_blank\" rel=\"noreferrer noopener\">Acceso a derechos<\/a><\/li>\n\n\n\n<li><a href=\"https:\/\/help.unhcr.org\/uruguay\/proteccion-contra-la-explotacion-y-el-abuso-sexual\/\" target=\"_blank\" rel=\"noreferrer noopener\">Protecci\u00f3n contra la explotaci\u00f3n y el abuso sexual&nbsp;<\/a><\/li>\n\n\n\n<li><a rel=\"noreferrer noopener\" href=\"https:\/\/help.unhcr.org\/uruguay\/como-presentar-quejas-o-sugerencias\/\" target=\"_blank\">\u00bfC\u00f3mo presentar quejas o sugerencias?&nbsp;<\/a><\/li>\n\n\n\n<li><a rel=\"noreferrer noopener\" href=\"https:\/\/help.unhcr.org\/uruguay\/contacto\/\" target=\"_blank\">Contacto<\/a><\/li>\n<\/ul>\n\n\n\n<p id=\"block-51d6d6cd-a377-4baa-8b0d-ae07c7d3b868\">Este sitio web se actualiza regularmente.<\/p>\n\n\n\n<p>Para preguntas relacionadas con\u00a0<strong>vacantes laborales en el ACNUR<\/strong>, pod\u00e9s\u00a0<a href=\"https:\/\/www.acnur.org\/oportunidades-de-trabajo\" target=\"_blank\" rel=\"noreferrer noopener\"><strong>visitar el sitio web aqu\u00ed<\/strong><\/a>.<\/p>\n\n\n\n<p><\/p>\n","protected":false},"excerpt":{"rendered":"<p>ACNUR desarroll\u00f3 este sitio para brindar informaci\u00f3n a las personas con necesidades de protecci\u00f3n internacional en Argentina. Aqu\u00ed encontrar\u00e1s informaci\u00f3n sobre los siguientes temas: Este sitio web se actualiza regularmente. Para preguntas relacionadas con\u00a0vacantes laborales en el ACNUR, pod\u00e9s\u00a0visitar el sitio web aqu\u00ed.<\/p>\n","protected":false},"author":1,"featured_media":0,"parent":0,"menu_order":0,"comment_status":"closed","ping_status":"closed","template":"","meta":{"_acf_changed":false,"footnotes":""},"class_list":["post-5","page","type-page","status-publish","hentry"],"acf":[],"_links":{"self":[{"href":"https:\/\/help.unhcr.org\/uruguay\/wp-json\/wp\/v2\/pages\/5","targetHints":{"allow":["GET"]}}],"collection":[{"href":"https:\/\/help.unhcr.org\/uruguay\/wp-json\/wp\/v2\/pages"}],"about":[{"href":"https:\/\/help.unhcr.org\/uruguay\/wp-json\/wp\/v2\/types\/page"}],"author":[{"embeddable":true,"href":"https:\/\/help.unhcr.org\/uruguay\/wp-json\/wp\/v2\/users\/1"}],"replies":[{"embeddable":true,"href":"https:\/\/help.unhcr.org\/uruguay\/wp-json\/wp\/v2\/comments?post=5"}],"version-history":[{"count":66,"href":"https:\/\/help.unhcr.org\/uruguay\/wp-json\/wp\/v2\/pages\/5\/revisions"}],"predecessor-version":[{"id":1018,"href":"https:\/\/help.unhcr.org\/uruguay\/wp-json\/wp\/v2\/pages\/5\/revisions\/1018"}],"wp:attachment":[{"href":"https:\/\/help.unhcr.org\/uruguay\/wp-json\/wp\/v2\/media?parent=5"}],"curies":[{"name":"wp","href":"https:\/\/api.w.org\/{rel}","templated":true}]}}