{"id":491,"date":"2021-09-06T14:29:12","date_gmt":"2021-09-06T14:29:12","guid":{"rendered":"http:\/\/help.unhcr.org\/uruguay\/?page_id=491"},"modified":"2024-10-15T02:56:30","modified_gmt":"2024-10-15T02:56:30","slug":"reunificaciones-familiares","status":"publish","type":"page","link":"https:\/\/help.unhcr.org\/uruguay\/reunificaciones-familiares\/","title":{"rendered":"Reunificaci\u00f3n familiar"},"content":{"rendered":"\n<p><strong><mark>Reunificaci\u00f3n familiar de personas reconocidas como refugiadas en Uruguay<\/mark><\/strong><\/p>\n\n\n\n<p>La reunificaci\u00f3n familiar en el pa\u00eds de asilo es&nbsp;un derecho de las personas refugiadas y, representa un mecanismo para garantizar&nbsp;el&nbsp;<strong>derecho a la vida familiar y la unidad familiar<\/strong>&nbsp;de las&nbsp;personas refugiadas.&nbsp;<\/p>\n\n\n\n<p>El ACNUR promueve la reunificaci\u00f3n familiar para proteger y preservar esta unidad fundamental de la sociedad y especialmente para brindar protecci\u00f3n a los ni\u00f1os bajo la tutela de sus padres u otros adultos relacionados.&nbsp;<\/p>\n\n\n\n<p>La legislaci\u00f3n uruguaya reconoce la reunificaci\u00f3n familiar como un derecho de&nbsp;las personas refugiadas. Es por ello que en Uruguay las personas que poseen el estatuto de refugiadas pueden solicitar reunirse con&nbsp;su&nbsp;c\u00f3nyuge, concubino e hijos, as\u00ed como a cualquier otro pariente por consanguinidad hasta el cuarto grado o afinidad hasta el segundo grado&nbsp;que se encuentren en el exterior.&nbsp;<\/p>\n\n\n\n<p><strong>El\u00a0<a href=\"https:\/\/www.impo.com.uy\/bases\/leyes\/18076-2006\/21\">Art\u00edculo 21 de la Ley 18.076<\/a>\u00a0establece que la condici\u00f3n de refugiado\/a le ser\u00e1 reconocida a familiares:<\/strong><\/p>\n\n\n\n<p><em>(Derecho a la reunificaci\u00f3n familiar).- La reunificaci\u00f3n familiar es un derecho del refugiado. La condici\u00f3n de refugiado, a solicitud de \u00e9ste, le ser\u00e1 reconocida al c\u00f3nyuge, concubino e hijos, as\u00ed como a cualquier otro pariente por consanguinidad hasta el cuarto grado o afinidad hasta el segundo grado, salvo que a su respecto le sea aplicable una cl\u00e1usula de exclusi\u00f3n o de cesaci\u00f3n.<\/em><\/p>\n\n\n\n<p>Si ya has sido reconocido\/a como refugiado\/a, cont\u00e1ctate&nbsp;con&nbsp;la CORE a trav\u00e9s de&nbsp;<a href=\"mailto:secretaria.core@mrree.gub.uy\" target=\"_blank\" rel=\"noreferrer noopener\">secretaria.core@mrree.gub.uy<\/a>&nbsp;o&nbsp;<a href=\"mailto:elegibilidad@sedhu.uy\" target=\"_blank\" rel=\"noreferrer noopener\">elegibilidad@sedhu.uy<\/a>,&nbsp;quienes una vez que reciban tu correo, te enviaran por el mismo medio el formulario que deber\u00e1s completar.&nbsp;&nbsp;<\/p>\n\n\n\n<p>Por correo electr\u00f3nico, deber\u00e1s acompa\u00f1ar el formulario de inicio de la solicitud que te enviar\u00e1&nbsp;la&nbsp;CORE junto con:&nbsp;&nbsp;<\/p>\n\n\n\n<ul class=\"wp-block-list\">\n<li>Copia de tu\u202fdocumento de identidad\u00a0de refugiado\u00a0vigente de ambos lados.\u00a0<\/li>\n\n\n\n<li>Copia del\u00a0documento de identidad de tu familiar a reunificar.\u00a0<\/li>\n\n\n\n<li>Copia de documentos que\u00a0acrediten el v\u00ednculo familiar.\u00a0<\/li>\n\n\n\n<li>Formulario de\u00a0solicitud de\u00a0reunificaci\u00f3n familiar completo (adjunto).\u00a0<\/li>\n<\/ul>\n\n\n\n<p><strong>IMPORTANTE:<\/strong>&nbsp;<\/p>\n\n\n\n<ul class=\"wp-block-list\">\n<li>El tr\u00e1mite de la solicitud es totalmente gratuito y personal, no requiere gestores.\u00a0<\/li>\n\n\n\n<li>Para presentar la solicitud,\u00a0debes encontrarte\u00a0en territorio uruguayo (por ejemplo, no es posible presentar la solicitud ante un Consulado uruguayo en otro pa\u00eds).\u00a0<\/li>\n<\/ul>\n\n\n\n<p>Posteriormente,&nbsp;la CORE evaluar\u00e1 tu&nbsp;solicitud de reunificaci\u00f3n familiar.&nbsp;En caso&nbsp;en&nbsp;que la misma sea aprobada, tus familiares tambi\u00e9n obtendr\u00e1n el estatuto de persona refugiada en Uruguay.&nbsp;<\/p>\n\n\n\n<p><\/p>\n","protected":false},"excerpt":{"rendered":"<p>Reunificaci\u00f3n familiar de personas reconocidas como refugiadas en Uruguay La reunificaci\u00f3n familiar en el pa\u00eds de asilo es&nbsp;un derecho de las personas refugiadas y, representa un mecanismo para garantizar&nbsp;el&nbsp;derecho a la vida familiar y la unidad familiar&nbsp;de las&nbsp;personas refugiadas.&nbsp; El ACNUR promueve la reunificaci\u00f3n familiar para proteger y preservar esta unidad fundamental de la sociedad [&hellip;]<\/p>\n","protected":false},"author":122,"featured_media":0,"parent":0,"menu_order":6,"comment_status":"closed","ping_status":"closed","template":"","meta":{"_acf_changed":false,"footnotes":""},"class_list":["post-491","page","type-page","status-publish","hentry"],"acf":[],"_links":{"self":[{"href":"https:\/\/help.unhcr.org\/uruguay\/wp-json\/wp\/v2\/pages\/491","targetHints":{"allow":["GET"]}}],"collection":[{"href":"https:\/\/help.unhcr.org\/uruguay\/wp-json\/wp\/v2\/pages"}],"about":[{"href":"https:\/\/help.unhcr.org\/uruguay\/wp-json\/wp\/v2\/types\/page"}],"author":[{"embeddable":true,"href":"https:\/\/help.unhcr.org\/uruguay\/wp-json\/wp\/v2\/users\/122"}],"replies":[{"embeddable":true,"href":"https:\/\/help.unhcr.org\/uruguay\/wp-json\/wp\/v2\/comments?post=491"}],"version-history":[{"count":12,"href":"https:\/\/help.unhcr.org\/uruguay\/wp-json\/wp\/v2\/pages\/491\/revisions"}],"predecessor-version":[{"id":764,"href":"https:\/\/help.unhcr.org\/uruguay\/wp-json\/wp\/v2\/pages\/491\/revisions\/764"}],"wp:attachment":[{"href":"https:\/\/help.unhcr.org\/uruguay\/wp-json\/wp\/v2\/media?parent=491"}],"curies":[{"name":"wp","href":"https:\/\/api.w.org\/{rel}","templated":true}]}}