{"id":475,"date":"2021-09-06T12:54:56","date_gmt":"2021-09-06T12:54:56","guid":{"rendered":"http:\/\/help.unhcr.org\/uruguay\/?page_id=475"},"modified":"2024-10-15T02:56:05","modified_gmt":"2024-10-15T02:56:05","slug":"como-solicitar-la-condicion-de-apatrida-en-uruguay","status":"publish","type":"page","link":"https:\/\/help.unhcr.org\/uruguay\/como-solicitar-la-condicion-de-apatrida-en-uruguay\/","title":{"rendered":"Apatridia"},"content":{"rendered":"\n<p>La definici\u00f3n legal internacional de ap\u00e1trida es&nbsp;<strong>\u201cuna persona que no es reconocida por ning\u00fan pa\u00eds como ciudadano conforme a su legislaci\u00f3n\u201d<\/strong>. En t\u00e9rminos simples, esto significa que una persona ap\u00e1trida no tiene la nacionalidad de ning\u00fan pa\u00eds. Algunas personas nacen en esa condici\u00f3n, pero otras pueden convertirse en ap\u00e1tridas.&nbsp;<\/p>\n\n\n\n<p>La apatridia puede ocurrir por varias razones, incluida el no registro de nacimientos, la discriminaci\u00f3n contra determinados grupos \u00e9tnicos o religiosos, o por motivos de g\u00e9nero; la aparici\u00f3n de nuevos Estados y las transferencias de territorio entre los Estados existentes; y vac\u00edos en las leyes de nacionalidad<\/p>\n\n\n\n<p>Cualquiera que sea la causa,<strong>&nbsp;la apatridia tiene graves consecuencias para el acceso a derechos y servicios de las personas<\/strong>.&nbsp;<\/p>\n\n\n\n<hr class=\"wp-block-separator has-alpha-channel-opacity\" \/>\n\n\n\n<p><strong><mark>\u00bfQu\u00e9 hace ACNUR en Uruguay en relaci\u00f3n con la prevenci\u00f3n de la apatridia y protecci\u00f3n de personas ap\u00e1tridas?<\/mark><\/strong><\/p>\n\n\n\n<p>En el a\u00f1o 2001, la Rep\u00fablica Oriental del Uruguay adhiri\u00f3 a la Convenci\u00f3n para Reducir los Casos de Apatridia de 1961 y en 2004 a la Convenci\u00f3n sobre el Estatuto de los Ap\u00e1tridas de 1954 Con esta decisi\u00f3n, Uruguay, se sum\u00f3 a los pa\u00edses l\u00edderes en el proceso de convertir al Sur de Am\u00e9rica Latina en la primera regi\u00f3n del mundo en erradicar la apatridia.&nbsp;<\/p>\n\n\n\n<p>&nbsp;La Ley de Reconocimiento y Protecci\u00f3n al Ap\u00e1trida&nbsp;fue adoptada en el a\u00f1o 2018 y&nbsp;constituye un importante avance regional, que da seguimiento al compromiso asumido por los pa\u00edses de Am\u00e9rica Latina y el Caribe en el marco del\u202f<a href=\"https:\/\/www.acnur.org\/5b5100c04\">Plan de Acci\u00f3n de Brasil<\/a>\u202fde 2014. En este Plan, la regi\u00f3n se propone erradicar la apatridia antes de 2024.<\/p>\n\n\n\n<hr class=\"wp-block-separator has-alpha-channel-opacity\" \/>\n\n\n\n<p><strong><mark>\u00bfC\u00f3mo solicitar la condici\u00f3n de ap\u00e1trida en Uruguay?<\/mark><\/strong><\/p>\n\n\n\n<p>La Ley General de Reconocimiento y Protecci\u00f3n de las Personas Ap\u00e1tridas&nbsp;N\u00b0&nbsp;19.682 design\u00f3 a Comisi\u00f3n de Refugiados (CORE) como \u00f3rgano competente para la determinaci\u00f3n de la condici\u00f3n de apatridia. Es un organismo estatal que funciona en el \u00e1mbito del Ministerio de Relaciones Exteriores integrado por representantes del Ministerio de Relaciones Exteriores, la Direcci\u00f3n Nacional de Migraci\u00f3n, la Universidad de la Rep\u00fablica, un representante del Congreso Nacional, una organizaci\u00f3n no gubernamental sin fines de lucro y el ACNUR, que participa con voz,&nbsp;pero sin voto.&nbsp;<\/p>\n\n\n\n<p>No es posible iniciar el tr\u00e1mite si la persona se encuentra fuera del territorio uruguayo. Es poskble solicitar el reconocimiento de la condici\u00f3n de ap\u00e1trida en la frontera de Uruguay ante las autoridades migratorias.<\/p>\n\n\n\n<p>Para mayor informaci\u00f3n, tambi\u00e9n puedes&nbsp;consultar:&nbsp;<\/p>\n\n\n\n<p><strong>ACNUR<\/strong><br><a href=\"https:\/\/help.unhcr.org\/uruguay\/contacto\/\"><strong>A trav\u00e9s del formulario disponible aqu\u00ed.<\/strong><\/a><\/p>\n\n\n\n<p><\/p>\n\n\n\n<hr class=\"wp-block-separator has-alpha-channel-opacity\" \/>\n\n\n\n<p><\/p>\n\n\n\n<p><strong><mark>Informaci\u00f3n sobre el procedimiento de determinaci\u00f3n de la condici\u00f3n de ap\u00e1trida<\/mark><\/strong><\/p>\n\n\n\n<p><strong>COMISI\u00d3N DE REFUGIADOS (CORE) DEL MINISTERIO DE RELACIONES EXTERIORES DE URUGUAY<\/strong><br><strong>Correo electr\u00f3nico:<\/strong>\u202f<a href=\"mailto:secretaria.core@mrree.gub.uy\">secretaria.core@mrree.gub.uy<\/a>&nbsp;<\/p>\n\n\n\n<p><strong>SERVICIO ECUM\u00c9NICO PARA LA DIGNIDAD HUMANA (SEDHU)<\/strong><br><strong>Direcci\u00f3n:<\/strong> Colonia 1569 apto 201, Montevideo<br><strong>Tel\u00e9fono\/ WhatsApp:<\/strong>&nbsp;<a href=\"mailto:info@sedhu.uy\">(+598) 98 624 906<\/a><br><strong>Correo electr\u00f3nico<\/strong>:&nbsp;<a href=\"mailto:info@sedhu.uy\">info@sedhu.uy<\/a><br><strong>Sitio web:<\/strong> <a href=\"https:\/\/sedhu.uy\/\">https:\/\/sedhu.uy\/<\/a><\/p>\n","protected":false},"excerpt":{"rendered":"<p>La definici\u00f3n legal internacional de ap\u00e1trida es&nbsp;\u201cuna persona que no es reconocida por ning\u00fan pa\u00eds como ciudadano conforme a su legislaci\u00f3n\u201d. En t\u00e9rminos simples, esto significa que una persona ap\u00e1trida no tiene la nacionalidad de ning\u00fan pa\u00eds. Algunas personas nacen en esa condici\u00f3n, pero otras pueden convertirse en ap\u00e1tridas.&nbsp; La apatridia puede ocurrir por varias [&hellip;]<\/p>\n","protected":false},"author":122,"featured_media":0,"parent":0,"menu_order":5,"comment_status":"closed","ping_status":"closed","template":"page-templates\/sectioned.php","meta":{"_acf_changed":false,"footnotes":""},"class_list":["post-475","page","type-page","status-publish","hentry"],"acf":[],"_links":{"self":[{"href":"https:\/\/help.unhcr.org\/uruguay\/wp-json\/wp\/v2\/pages\/475","targetHints":{"allow":["GET"]}}],"collection":[{"href":"https:\/\/help.unhcr.org\/uruguay\/wp-json\/wp\/v2\/pages"}],"about":[{"href":"https:\/\/help.unhcr.org\/uruguay\/wp-json\/wp\/v2\/types\/page"}],"author":[{"embeddable":true,"href":"https:\/\/help.unhcr.org\/uruguay\/wp-json\/wp\/v2\/users\/122"}],"replies":[{"embeddable":true,"href":"https:\/\/help.unhcr.org\/uruguay\/wp-json\/wp\/v2\/comments?post=475"}],"version-history":[{"count":28,"href":"https:\/\/help.unhcr.org\/uruguay\/wp-json\/wp\/v2\/pages\/475\/revisions"}],"predecessor-version":[{"id":1023,"href":"https:\/\/help.unhcr.org\/uruguay\/wp-json\/wp\/v2\/pages\/475\/revisions\/1023"}],"wp:attachment":[{"href":"https:\/\/help.unhcr.org\/uruguay\/wp-json\/wp\/v2\/media?parent=475"}],"curies":[{"name":"wp","href":"https:\/\/api.w.org\/{rel}","templated":true}]}}