{"id":215,"date":"2020-03-25T18:48:25","date_gmt":"2020-03-25T18:48:25","guid":{"rendered":"http:\/\/help.unhcr.org\/uruguay\/?page_id=215"},"modified":"2025-05-13T17:46:50","modified_gmt":"2025-05-13T17:46:50","slug":"solicitar-ayuda","status":"publish","type":"page","link":"https:\/\/help.unhcr.org\/uruguay\/solicitar-ayuda\/","title":{"rendered":"D\u00f3nde encontrar ayuda"},"content":{"rendered":"\n<p>Uruguay es un pa\u00eds unitario, dividido en 19 departamentos. Cada departamento tiene su propia administraci\u00f3n, pero todos est\u00e1n reunidos bajo un gobierno nacional com\u00fan. La zona m\u00e1s poblada es el \u00e1rea metropolitana de Montevideo, que incluye la ciudad capital, Montevideo, y zonas urbanas de los departamentos de Canelones y San Jos\u00e9.<\/p>\n\n\n\n<p>Para conocer algunas caracter\u00edsticas del pa\u00eds como su territorio, sus departamentos, el clima, la moneda, su poblaci\u00f3n, puedes visitar <a href=\"https:\/\/uruguay.uy\/vivir\" target=\"_blank\" rel=\"noreferrer noopener\">Uruguay<\/a>.<\/p>\n\n\n\n<p>En el punto del pa\u00eds donde te encuentres, puedes recurrir a distintas instituciones p\u00fablicas y organizaciones de la sociedad civil que brindan orientaci\u00f3n y apoyo a las personas refugiadas y migrantes.\u00a0<br><br><br><\/p>\n","protected":false},"excerpt":{"rendered":"<p>Uruguay es un pa\u00eds unitario, dividido en 19 departamentos. Cada departamento tiene su propia administraci\u00f3n, pero todos est\u00e1n reunidos bajo un gobierno nacional com\u00fan. La zona m\u00e1s poblada es el \u00e1rea metropolitana de Montevideo, que incluye la ciudad capital, Montevideo, y zonas urbanas de los departamentos de Canelones y San Jos\u00e9. Para conocer algunas caracter\u00edsticas [&hellip;]<\/p>\n","protected":false},"author":74,"featured_media":0,"parent":0,"menu_order":3,"comment_status":"closed","ping_status":"closed","template":"page-templates\/listing_page.php","meta":{"_acf_changed":false,"footnotes":""},"class_list":["post-215","page","type-page","status-publish","hentry"],"acf":[],"_links":{"self":[{"href":"https:\/\/help.unhcr.org\/uruguay\/wp-json\/wp\/v2\/pages\/215","targetHints":{"allow":["GET"]}}],"collection":[{"href":"https:\/\/help.unhcr.org\/uruguay\/wp-json\/wp\/v2\/pages"}],"about":[{"href":"https:\/\/help.unhcr.org\/uruguay\/wp-json\/wp\/v2\/types\/page"}],"author":[{"embeddable":true,"href":"https:\/\/help.unhcr.org\/uruguay\/wp-json\/wp\/v2\/users\/74"}],"replies":[{"embeddable":true,"href":"https:\/\/help.unhcr.org\/uruguay\/wp-json\/wp\/v2\/comments?post=215"}],"version-history":[{"count":77,"href":"https:\/\/help.unhcr.org\/uruguay\/wp-json\/wp\/v2\/pages\/215\/revisions"}],"predecessor-version":[{"id":908,"href":"https:\/\/help.unhcr.org\/uruguay\/wp-json\/wp\/v2\/pages\/215\/revisions\/908"}],"wp:attachment":[{"href":"https:\/\/help.unhcr.org\/uruguay\/wp-json\/wp\/v2\/media?parent=215"}],"curies":[{"name":"wp","href":"https:\/\/api.w.org\/{rel}","templated":true}]}}