{"id":1063,"date":"2026-05-02T23:14:07","date_gmt":"2026-05-02T23:14:07","guid":{"rendered":"https:\/\/help.unhcr.org\/uruguay\/?page_id=1063"},"modified":"2026-05-04T00:58:33","modified_gmt":"2026-05-04T00:58:33","slug":"empleo","status":"publish","type":"page","link":"https:\/\/help.unhcr.org\/uruguay\/acceso-a-derechos-en-uruguay\/empleo\/","title":{"rendered":"Empleo"},"content":{"rendered":"\n<p>Si&nbsp;eres&nbsp;solicitante de&nbsp;la condici\u00f3n de refugiado\/a, refugiado\/a o migrante con estatuto regularizado o en tr\u00e1mite,&nbsp;tienes&nbsp;derecho a trabajar en Uruguay.<\/p>\n\n\n\n<p>Si&nbsp;eres&nbsp;solicitante de&nbsp;la condici\u00f3n de refugiado\/a,&nbsp;refugiado\/a o&nbsp;migrante&nbsp;con estatuto regularizado o en tr\u00e1mite,&nbsp;o si&nbsp;eres&nbsp;empleador\/A&nbsp;y quieres&nbsp;conocer las condiciones de contrataci\u00f3n,&nbsp;puedes ingresar&nbsp;en la p\u00e1gina del<a href=\"https:\/\/www.gub.uy\/ministerio-trabajo-seguridad-social\/politicas-y-gestion\/contratacion-trabajadores-extranjeros-bajo-regimen-dependencia-laboral?fbclid=IwAR2gbRw0M1v0ZtZzedzO0bgVXbGXuEYkQDpgC0QcrWMnd3KJIvLsBxzAiGw\" target=\"_blank\" rel=\"noreferrer noopener\">&nbsp;Ministerio de Trabajo y Seguridad Social&nbsp;<\/a>para encontrar m\u00e1s informaci\u00f3n sobre la inserci\u00f3n en el mercado formal.<\/p>\n","protected":false},"excerpt":{"rendered":"<p>Si&nbsp;eres&nbsp;solicitante de&nbsp;la condici\u00f3n de refugiado\/a, refugiado\/a o migrante con estatuto regularizado o en tr\u00e1mite,&nbsp;tienes&nbsp;derecho a trabajar en Uruguay. Si&nbsp;eres&nbsp;solicitante de&nbsp;la condici\u00f3n de refugiado\/a,&nbsp;refugiado\/a o&nbsp;migrante&nbsp;con estatuto regularizado o en tr\u00e1mite,&nbsp;o si&nbsp;eres&nbsp;empleador\/A&nbsp;y quieres&nbsp;conocer las condiciones de contrataci\u00f3n,&nbsp;puedes ingresar&nbsp;en la p\u00e1gina del&nbsp;Ministerio de Trabajo y Seguridad Social&nbsp;para encontrar m\u00e1s informaci\u00f3n sobre la inserci\u00f3n en el mercado formal.<\/p>\n","protected":false},"author":472,"featured_media":0,"parent":243,"menu_order":0,"comment_status":"closed","ping_status":"closed","template":"page-templates\/sectioned.php","meta":{"_acf_changed":false,"footnotes":""},"class_list":["post-1063","page","type-page","status-publish","hentry"],"acf":[],"_links":{"self":[{"href":"https:\/\/help.unhcr.org\/uruguay\/wp-json\/wp\/v2\/pages\/1063","targetHints":{"allow":["GET"]}}],"collection":[{"href":"https:\/\/help.unhcr.org\/uruguay\/wp-json\/wp\/v2\/pages"}],"about":[{"href":"https:\/\/help.unhcr.org\/uruguay\/wp-json\/wp\/v2\/types\/page"}],"author":[{"embeddable":true,"href":"https:\/\/help.unhcr.org\/uruguay\/wp-json\/wp\/v2\/users\/472"}],"replies":[{"embeddable":true,"href":"https:\/\/help.unhcr.org\/uruguay\/wp-json\/wp\/v2\/comments?post=1063"}],"version-history":[{"count":4,"href":"https:\/\/help.unhcr.org\/uruguay\/wp-json\/wp\/v2\/pages\/1063\/revisions"}],"predecessor-version":[{"id":1093,"href":"https:\/\/help.unhcr.org\/uruguay\/wp-json\/wp\/v2\/pages\/1063\/revisions\/1093"}],"up":[{"embeddable":true,"href":"https:\/\/help.unhcr.org\/uruguay\/wp-json\/wp\/v2\/pages\/243"}],"wp:attachment":[{"href":"https:\/\/help.unhcr.org\/uruguay\/wp-json\/wp\/v2\/media?parent=1063"}],"curies":[{"name":"wp","href":"https:\/\/api.w.org\/{rel}","templated":true}]}}