{"id":1061,"date":"2026-05-02T23:13:38","date_gmt":"2026-05-02T23:13:38","guid":{"rendered":"https:\/\/help.unhcr.org\/uruguay\/?page_id=1061"},"modified":"2026-05-04T00:58:04","modified_gmt":"2026-05-04T00:58:04","slug":"salud","status":"publish","type":"page","link":"https:\/\/help.unhcr.org\/uruguay\/acceso-a-derechos-en-uruguay\/salud\/","title":{"rendered":"Salud"},"content":{"rendered":"\n<p>Si&nbsp;eres&nbsp;solicitante de&nbsp;la condici\u00f3n de refugiado\/a, refugiado\/a o migrante, ingresa&nbsp;<a href=\"http:\/\/afiliaciones.asse.com.uy\/prestaciones_detail?id=P-5-extranjeros&amp;fbclid=IwAR1Nuhs0j6i-0SjSMpvxS4KjSZNuCuU53VZu8Wgw-QXwAXmsK6k9tRewMk4\">aqu\u00ed<\/a>&nbsp;para encontrar mayor informaci\u00f3n sobre el acceso al sistema de salud p\u00fablica que ofrece la&nbsp;<a href=\"https:\/\/www.asse.com.uy\/contenido\/Mision-Vision-y-Valores-2113\">Administraci\u00f3n de los Servicios de Salud del Estado (ASSE)<\/a><\/p>\n\n\n\n<p><strong>ADMINISTRACI\u00d3N DE SERVICIOS DE SALUD DEL ESTADO (ASSE)<\/strong><br><strong>Tel\u00e9fono:&nbsp;<\/strong>0800 2773<br><strong>Direcci\u00f3n<\/strong>: Cerro Largo 1816 Montevideo<br><strong>Horario de atenci\u00f3n<\/strong>: Lunes a viernes de 9:00 a 17:00&nbsp;hs.<br><strong>Correo electr\u00f3nico<\/strong>:&nbsp;<a href=\"mailto:atencionalusuario@asse.com.uy\">atencionalusuario@asse.com.uy<\/a><\/p>\n\n\n\n<p><\/p>\n","protected":false},"excerpt":{"rendered":"<p>Si&nbsp;eres&nbsp;solicitante de&nbsp;la condici\u00f3n de refugiado\/a, refugiado\/a o migrante, ingresa&nbsp;aqu\u00ed&nbsp;para encontrar mayor informaci\u00f3n sobre el acceso al sistema de salud p\u00fablica que ofrece la&nbsp;Administraci\u00f3n de los Servicios de Salud del Estado (ASSE) ADMINISTRACI\u00d3N DE SERVICIOS DE SALUD DEL ESTADO (ASSE)Tel\u00e9fono:&nbsp;0800 2773Direcci\u00f3n: Cerro Largo 1816 MontevideoHorario de atenci\u00f3n: Lunes a viernes de 9:00 a 17:00&nbsp;hs.Correo electr\u00f3nico:&nbsp;atencionalusuario@asse.com.uy<\/p>\n","protected":false},"author":472,"featured_media":0,"parent":243,"menu_order":0,"comment_status":"closed","ping_status":"closed","template":"page-templates\/sectioned.php","meta":{"_acf_changed":false,"footnotes":""},"class_list":["post-1061","page","type-page","status-publish","hentry"],"acf":[],"_links":{"self":[{"href":"https:\/\/help.unhcr.org\/uruguay\/wp-json\/wp\/v2\/pages\/1061","targetHints":{"allow":["GET"]}}],"collection":[{"href":"https:\/\/help.unhcr.org\/uruguay\/wp-json\/wp\/v2\/pages"}],"about":[{"href":"https:\/\/help.unhcr.org\/uruguay\/wp-json\/wp\/v2\/types\/page"}],"author":[{"embeddable":true,"href":"https:\/\/help.unhcr.org\/uruguay\/wp-json\/wp\/v2\/users\/472"}],"replies":[{"embeddable":true,"href":"https:\/\/help.unhcr.org\/uruguay\/wp-json\/wp\/v2\/comments?post=1061"}],"version-history":[{"count":4,"href":"https:\/\/help.unhcr.org\/uruguay\/wp-json\/wp\/v2\/pages\/1061\/revisions"}],"predecessor-version":[{"id":1092,"href":"https:\/\/help.unhcr.org\/uruguay\/wp-json\/wp\/v2\/pages\/1061\/revisions\/1092"}],"up":[{"embeddable":true,"href":"https:\/\/help.unhcr.org\/uruguay\/wp-json\/wp\/v2\/pages\/243"}],"wp:attachment":[{"href":"https:\/\/help.unhcr.org\/uruguay\/wp-json\/wp\/v2\/media?parent=1061"}],"curies":[{"name":"wp","href":"https:\/\/api.w.org\/{rel}","templated":true}]}}