{"id":914,"date":"2020-04-17T15:32:56","date_gmt":"2020-04-17T15:32:56","guid":{"rendered":"http:\/\/help.unhcr.org\/ukraine\/?page_id=914"},"modified":"2020-04-17T15:32:56","modified_gmt":"2020-04-17T15:32:56","slug":"definition-de-lieu-public","status":"publish","type":"page","link":"https:\/\/help.unhcr.org\/ukraine\/fr\/covid-19-2\/definition-de-lieu-public\/","title":{"rendered":"D\u00e9finition de lieu public"},"content":{"rendered":"\n<p>Lieu public: o\u00f9 porter un masque Pour ex\u00e9cuter l&rsquo;ordre du Premier ministre ukrainien, le minist\u00e8re de la Sant\u00e9 fournit des explications sur ce qu&rsquo;est un \u00ablieu public\u00bb, o\u00f9 il est n\u00e9cessaire de porter un masque ou un respirateur, suite \u00e0 la propagation de l\u2019infection \u00e0 coronavirus conform\u00e9ment au r\u00e8glement #211. Un lieu public est tout ou partie, d&rsquo;un b\u00e2timent, d&rsquo;une structure qui est accessible ou ouverte au public librement, ou sur invitation, ou contre paiement, en permanence, p\u00e9riodiquement ou de temps en temps, y compris les porches, ainsi que les passages souterrains, les stades. C\u2019est aussi: &#8211; ascenseurs et t\u00e9l\u00e9phones publics; &#8211; locaux et territoire des \u00e9tablissements de sant\u00e9; &#8211; locaux et territoire des \u00e9tablissements d&rsquo;enseignement et des \u00e9tablissements d&rsquo;\u00e9ducation physique et sportive; &#8211; terrains de jeux; locaux et territoire des installations sportives, les installations de conditionnement physique et des \u00e9tablissements d&rsquo;\u00e9ducation physique et sportive; &#8211; entr\u00e9es d&rsquo;immeubles r\u00e9sidentiels; &#8211; passages souterrains; &#8211; les transports publics, utilis\u00e9s pour transporter des passagers; &#8211; locaux des \u00e9tablissements de restauration; &#8211; locaux d&rsquo;installations culturelles; &#8211; locaux des autorit\u00e9s de l&rsquo;\u00c9tat et des gouvernements locaux, d&rsquo;autres institutions de l&rsquo;\u00c9tat; &#8211; Arr\u00eats d\u00e9di\u00e9s aux v\u00e9hicules de transport. Les lieux publics sont \u00e9galement d\u00e9finis \u00e0 l&rsquo;article 178 du code: &#8211; les rues &#8211; installations sportives ferm\u00e9es, &#8211; places, parcs, &#8211; tous les types de transports publics (y compris les transports de liaisons internationales). La liste des lieux publics peut \u00eatre \u00e9largie par les autorit\u00e9s locales. \u00c0 Kiev, la liste des lieux publics est d\u00e9termin\u00e9e par arr\u00eat\u00e9 du superviseur de la gestion des situations d\u2019urgences de l&rsquo;organe ex\u00e9cutif du conseil municipal de Kiev le 05-04-2020 #12. Selon l&rsquo;ordonnance, les lieux publics comprennent \u00e9galement les arr\u00eats de transports en commun et une zone de 50 m\u00e8tres autour d&rsquo;eux; les \u00e9glises et la zone de 50 m\u00e8tres qui les entoure; les institutions commerciales ferm\u00e9es et ouvertes, en particulier les galeries marchandes et les march\u00e9s; les cin\u00e9mas et leurs environs. Par cons\u00e9quent, nous vous recommandons fortement de porter un masque dans la rue, car \u00e0 tout moment vous pouvez \u00eatre sur le territoire qui rel\u00e8ve de la d\u00e9finition de &laquo;&nbsp;lieu public&nbsp;&raquo;. Le minist\u00e8re de la Sant\u00e9 de l&rsquo;Ukraine appelle \u00e0 rester \u00e0 la maison et au respect des r\u00e8gles de la quarantaine. <\/p>\n","protected":false},"excerpt":{"rendered":"<p>Lieu public: o\u00f9 porter un masque Pour ex\u00e9cuter l&rsquo;ordre du Premier ministre ukrainien, le minist\u00e8re de la Sant\u00e9 fournit des explications sur ce qu&rsquo;est un \u00ablieu public\u00bb, o\u00f9 il est n\u00e9cessaire de porter un masque ou un respirateur, suite \u00e0 la propagation de l\u2019infection \u00e0 coronavirus conform\u00e9ment au r\u00e8glement #211. Un lieu public est tout [&hellip;]<\/p>\n","protected":false},"author":96,"featured_media":0,"parent":888,"menu_order":1,"comment_status":"closed","ping_status":"closed","template":"","meta":{"_acf_changed":false,"footnotes":""},"class_list":["post-914","page","type-page","status-publish","hentry"],"acf":[],"_links":{"self":[{"href":"https:\/\/help.unhcr.org\/ukraine\/fr\/wp-json\/wp\/v2\/pages\/914","targetHints":{"allow":["GET"]}}],"collection":[{"href":"https:\/\/help.unhcr.org\/ukraine\/fr\/wp-json\/wp\/v2\/pages"}],"about":[{"href":"https:\/\/help.unhcr.org\/ukraine\/fr\/wp-json\/wp\/v2\/types\/page"}],"author":[{"embeddable":true,"href":"https:\/\/help.unhcr.org\/ukraine\/fr\/wp-json\/wp\/v2\/users\/96"}],"replies":[{"embeddable":true,"href":"https:\/\/help.unhcr.org\/ukraine\/fr\/wp-json\/wp\/v2\/comments?post=914"}],"version-history":[{"count":1,"href":"https:\/\/help.unhcr.org\/ukraine\/fr\/wp-json\/wp\/v2\/pages\/914\/revisions"}],"predecessor-version":[{"id":915,"href":"https:\/\/help.unhcr.org\/ukraine\/fr\/wp-json\/wp\/v2\/pages\/914\/revisions\/915"}],"up":[{"embeddable":true,"href":"https:\/\/help.unhcr.org\/ukraine\/fr\/wp-json\/wp\/v2\/pages\/888"}],"wp:attachment":[{"href":"https:\/\/help.unhcr.org\/ukraine\/fr\/wp-json\/wp\/v2\/media?parent=914"}],"curies":[{"name":"wp","href":"https:\/\/api.w.org\/{rel}","templated":true}]}}