{"id":575,"date":"2018-08-07T09:03:40","date_gmt":"2018-08-07T09:03:40","guid":{"rendered":"http:\/\/help.unhcr.org\/ukraine\/?page_id=575"},"modified":"2025-06-04T09:45:06","modified_gmt":"2025-06-04T09:45:06","slug":"a-propos-du-hcr-en-ukraine","status":"publish","type":"page","link":"https:\/\/help.unhcr.org\/ukraine\/fr\/a-propos-du-hcr-en-ukraine\/","title":{"rendered":"A propos du HCR en Ukraine"},"content":{"rendered":"<p>L&rsquo;Agence des Nations Unies pour les r\u00e9fugi\u00e9s a \u00e9tabli une pr\u00e9sence en Ukraine en 1994. En 2002, l&rsquo;Ukraine a ratifi\u00e9 la Convention de 1951 relative au statut des r\u00e9fugi\u00e9s et son Protocole de 1967. En 2011, l&rsquo;Ukraine a adopt\u00e9 une loi r\u00e9glementant le traitement des r\u00e9fugi\u00e9s et autres personnes relevant de sa comp\u00e9tence. En 2013, l&rsquo;Ukraine a ratifi\u00e9 deux conventions des Nations Unies relatives au statut des apatrides (1954) et \u00e0 la r\u00e9duction des cas d&rsquo;apatridie (1961). Le r\u00f4le du HCR en Ukraine est de conseiller et d&rsquo;assister le Gouvernement ainsi que de surveiller la mise en \u0153uvre des responsabilit\u00e9s internationales du pays en mati\u00e8re de protection des r\u00e9fugi\u00e9s.<\/p>\n<p><strong>Les principales directions des activit\u00e9s du HCR sont:<\/strong><\/p>\n<ul>\n<li>Plaidoyer pour un syst\u00e8me d&rsquo;asile efficace et une l\u00e9gislation conforme aux normes \u00a0\u00a0\u00a0internationales<\/li>\n<li>Assurer la protection de toutes les personnes relevant de sa comp\u00e9tence<\/li>\n<li>Parrainer l&rsquo;autosuffisance, l&rsquo;int\u00e9gration locale et l&rsquo;assistance au rapatriement volontaire<\/li>\n<li>Cr\u00e9er un espace humanitaire pour les d\u00e9plac\u00e9s internes et les demandeurs d&rsquo;asile dans le contexte des mouvements migratoires mixtes<\/li>\n<li>Combattre et pr\u00e9venir l&rsquo;apatridie<\/li>\n<li>Assistance aux r\u00e9fugi\u00e9s, aux demandeurs d&rsquo;asile et aux personnes d\u00e9plac\u00e9es les plus vuln\u00e9rables<\/li>\n<li>Formation \u00e0 l&rsquo;intention des fonctionnaires et des organisations de la soci\u00e9t\u00e9 civile impliqu\u00e9s dans la protection des r\u00e9fugi\u00e9s et des personnes d\u00e9plac\u00e9es<\/li>\n<li>Activit\u00e9s de plaidoyer visant \u00e0 renforcer la protection des r\u00e9fugi\u00e9s et \u00e0 lutter contre le racisme et la x\u00e9nophobie<\/li>\n<\/ul>\n<p><strong>Haut Commissariat des Nations Unies pour les r\u00e9fugi\u00e9s (HCR)<br \/>\n<\/strong><strong>Repr\u00e9sentation en Ukraine:<\/strong><\/p>\n<p><strong>Adresse:<\/strong> Kiev, Ukraine &#8211; <strong>temporairement ferm\u00e9<\/strong><br \/>\n<strong>\u0422\u00e9l\u00e9phone:<\/strong> +38 (044) 288 97 10<br \/>\n<strong>Fax:<\/strong> +38 (044) 288 98 50<br \/>\n<strong>E-mail:<\/strong> <a href=\"mailto:ukrki@unhcr.org\">ukrki@unhcr.org<\/a><br \/>\n<strong>Site web:<\/strong>\u00a0<a href=\"http:\/\/www.unhcr.org.ua\/\" target=\"_blank\" rel=\"noopener noreferrer\">www.unhcr.org.ua<\/a><br \/>\n<strong>Facebook:<\/strong>\u00a0<a href=\"https:\/\/www.facebook.com\/UNHCRKyiv\/\" target=\"_blank\" rel=\"noopener noreferrer\">@UNHCRKyiv<\/a><br \/>\n<strong>Twitter:<\/strong>\u00a0<a href=\"https:\/\/twitter.com\/UNHCRUkraine\" target=\"_blank\" rel=\"noopener noreferrer\">@unhcrukraine<\/a><\/p>\n<p><a href=\"https:\/\/help.unhcr.org\/ukraine\/wp-content\/uploads\/sites\/36\/2021\/08\/Bi-annual-fact-sheet-2021-02-Ukraine_FINAL.pdf\" target=\"_blank\" rel=\"noopener noreferrer\">Fiche d&rsquo;information pays<\/a>\u00a0(en anglais)<\/p>\n<p><a href=\"https:\/\/help.unhcr.org\/ukraine\/wp-content\/uploads\/sites\/36\/2021\/08\/2021-03-UNHCR-UKRAINE-Refugee-and-Asylum-Seekers-Update_FINAL-1.pdf\" target=\"_blank\" rel=\"noopener noreferrer\">Mise \u00e0 jour sur les r\u00e9fugi\u00e9s et les demandeurs d&rsquo;asile<\/a>\u00a0(en anglais)<\/p>\n","protected":false},"excerpt":{"rendered":"<p>L&rsquo;Agence des Nations Unies pour les r\u00e9fugi\u00e9s a \u00e9tabli une pr\u00e9sence en Ukraine en 1994. En 2002, l&rsquo;Ukraine a ratifi\u00e9 la Convention de 1951 relative au statut des r\u00e9fugi\u00e9s et son Protocole de 1967. En 2011, l&rsquo;Ukraine a adopt\u00e9 une loi r\u00e9glementant le traitement des r\u00e9fugi\u00e9s et autres personnes relevant de sa comp\u00e9tence. En 2013, [&hellip;]<\/p>\n","protected":false},"author":1,"featured_media":0,"parent":0,"menu_order":14,"comment_status":"closed","ping_status":"closed","template":"","meta":{"_acf_changed":false,"footnotes":""},"class_list":["post-575","page","type-page","status-publish","hentry"],"acf":[],"_links":{"self":[{"href":"https:\/\/help.unhcr.org\/ukraine\/fr\/wp-json\/wp\/v2\/pages\/575","targetHints":{"allow":["GET"]}}],"collection":[{"href":"https:\/\/help.unhcr.org\/ukraine\/fr\/wp-json\/wp\/v2\/pages"}],"about":[{"href":"https:\/\/help.unhcr.org\/ukraine\/fr\/wp-json\/wp\/v2\/types\/page"}],"author":[{"embeddable":true,"href":"https:\/\/help.unhcr.org\/ukraine\/fr\/wp-json\/wp\/v2\/users\/1"}],"replies":[{"embeddable":true,"href":"https:\/\/help.unhcr.org\/ukraine\/fr\/wp-json\/wp\/v2\/comments?post=575"}],"version-history":[{"count":11,"href":"https:\/\/help.unhcr.org\/ukraine\/fr\/wp-json\/wp\/v2\/pages\/575\/revisions"}],"predecessor-version":[{"id":2509,"href":"https:\/\/help.unhcr.org\/ukraine\/fr\/wp-json\/wp\/v2\/pages\/575\/revisions\/2509"}],"wp:attachment":[{"href":"https:\/\/help.unhcr.org\/ukraine\/fr\/wp-json\/wp\/v2\/media?parent=575"}],"curies":[{"name":"wp","href":"https:\/\/api.w.org\/{rel}","templated":true}]}}