{"id":565,"date":"2018-08-06T15:00:11","date_gmt":"2018-08-06T15:00:11","guid":{"rendered":"http:\/\/help.unhcr.org\/ukraine\/solutions-a-long-terme-pour-les-refugies\/resettlement\/"},"modified":"2019-07-29T09:54:19","modified_gmt":"2019-07-29T09:54:19","slug":"resettlement","status":"publish","type":"page","link":"https:\/\/help.unhcr.org\/ukraine\/fr\/solutions-a-long-terme-pour-les-refugies\/resettlement\/","title":{"rendered":"R\u00e9installation"},"content":{"rendered":"<p>La r\u00e9installation, l&rsquo;int\u00e9gration sur place et le rapatriement librement consenti sont les trois solutions durables que le HCR s&rsquo;efforce de r\u00e9aliser. La r\u00e9installation est g\u00e9n\u00e9ralement fournie par le HCR aux r\u00e9fugi\u00e9s les plus vuln\u00e9rables. <strong>Moins de 1% de tous les r\u00e9fugi\u00e9s dans le monde sont r\u00e9install\u00e9s.<\/strong><\/p>\n<p>&nbsp;<\/p>\n<p><strong>La r\u00e9installation n&rsquo;est pas un droit et aucune obligation ne p\u00e8se sur les pays quant \u00e0 l\u2019acceptation des demandes de r\u00e9installation du r\u00e9fugi\u00e9.<\/strong> <em>Cela d\u00e9pend\u00a0<\/em>:<\/p>\n<ul>\n<li>Des politiques des pays de r\u00e9installation;<\/li>\n<li>Des crit\u00e8res d&rsquo;admission des pays de r\u00e9installation;<\/li>\n<li>De la situation de l&rsquo;individu.<br \/>\n<em><strong>Des perspectives de r\u00e9installation des r\u00e9fugi\u00e9s en Ukraine en 2019:<\/strong><\/em><\/li>\n<\/ul>\n<p>&nbsp;<\/p>\n<p>En comparaison avec d\u2019autres pays d\u2019accueil, la population de r\u00e9fugi\u00e9s vivant en Ukraine est tr\u00e8s r\u00e9duite. Les conditions d&rsquo;int\u00e9gration sont \u00e9galement consid\u00e9r\u00e9es favorables \u00e0 de nombreux \u00e9gards en Ukraine par les pays de r\u00e9installation qui, pour cette raison, <strong>n&rsquo;ouvrent pas de quotas de soumission par le HCR en Ukraine.<\/strong><\/p>\n<p>&nbsp;<\/p>\n<p>En cons\u00e9quence, le HCR en Ukraine a d\u00e9cid\u00e9 d&rsquo;adapter sa strat\u00e9gie et d&rsquo;intensifier ses efforts pour soutenir l&rsquo;int\u00e9gration des r\u00e9fugi\u00e9s en Ukraine et de consacrer plus de ressources aux activit\u00e9s d\u2019assistance aux demandeurs d&rsquo;asile et aux r\u00e9fugi\u00e9s dans les domaines de l&rsquo;autonomie et de l&rsquo;int\u00e9gration locale en Ukraine <a href=\"https:\/\/help.unhcr.org\/ukraine\/fr\/solutions-a-long-terme-pour-les-refugies\/integration-locale\/\">(<strong>les d\u00e9tails peuvent \u00eatre consulter ici)<\/strong><\/a>.<\/p>\n<p>&nbsp;<\/p>\n<p>Le HCR en Ukraine continuera d&rsquo;assurer la r\u00e9installation d&rsquo;un tr\u00e8s petit nombre de r\u00e9fugi\u00e9s en Ukraine. La r\u00e9installation sera utilis\u00e9e comme un outil de protection pour les personnes confront\u00e9es \u00e0 des risques graves qui ne peuvent trouver de d\u00e9nouement en Ukraine, avec une priorit\u00e9 accord\u00e9e aux femmes en danger. Les informations sur la r\u00e9installation et les crit\u00e8res de qualification sont disponibles publiquement et les r\u00e9ponses aux questions fr\u00e9quemment pos\u00e9es sont disponibles <a href=\"https:\/\/www.unhcr.org\/protection\/resettlement\/4ac0873d6\/frequently-asked-questions-resettlement.html\"><strong>\u00e0 l&rsquo;adresse suivante<\/strong><\/a>.<\/p>\n<p>&nbsp;<\/p>\n<p>Le HCR identifiera directement les cas potentiels \u00e0 consid\u00e9rer pour la r\u00e9installation; l&rsquo;identification n\u2019est pas tributaire des potentiels candidatures. Le HCR dispose d&rsquo;informations compl\u00e8tes sur la situation juridique et sociale des demandeurs d&rsquo;asile et des r\u00e9fugi\u00e9s. Ceux-ci sont d\u00e9j\u00e0 enregistr\u00e9s aupr\u00e8s de nous en Ukraine et b\u00e9n\u00e9ficient d&rsquo;une assistance juridique et sociale de la part de ses organisations partenaires en Ukraine. <strong>Si vous \u00eates s\u00e9lectionn\u00e9s aux fins de r\u00e9installation, le HCR vous contactera.<\/strong><\/p>\n<p>&nbsp;<\/p>\n<p>Les demandeurs d&rsquo;asile et les r\u00e9fugi\u00e9s peuvent toujours adresser des lettres au HCR ou \u00e0 ses partenaires pour les informer de leurs situations respectives. Les informations fournies seront d\u00fbment prises en compte, consign\u00e9es et incluses dans le dossier physique de chaque personne. En fonction de notre \u00e9valuation de votre situation, votre dossier sera communiqu\u00e9 \u00e0 qui de droit, pour le suivi n\u00e9cessaire dans le respect de la politique de protection des donn\u00e9es du HCR.<\/p>\n<p>Toutefois, veuillez noter que le HCR ne sera pas en mesure de r\u00e9pondre \u00e0 toutes les demandes de r\u00e9installation.<\/p>\n<p>&nbsp;<\/p>\n<p>Pour les r\u00e9fugi\u00e9s dont le cas a d\u00e9j\u00e0 \u00e9t\u00e9 identifi\u00e9 \/ soumis \u00e0 la r\u00e9installation par le pass\u00e9, le HCR en Ukraine assurera le suivi de votre cas et vous informera directement de tout changement \u00e9ventuel.<\/p>\n<p>&nbsp;<\/p>\n<p>&nbsp;<\/p>\n<p>Toute personne qui offre des services de r\u00e9installation ou des documents de voyage contre de l&rsquo;argent ou des faveurs commet une fraude et enfreint la loi. <strong>L&rsquo;aide \u00e0 la r\u00e9installation est gratuite et toute information sur les personnes offrant une assistance en \u00e9change d&rsquo;argent ou de faveur doit \u00eatre imm\u00e9diatement communiqu\u00e9e au HCR \u00e0 l&rsquo;aide de notre m\u00e9canisme de plainte.<\/strong><\/p>\n<p>Vous pouvez le faire en personne, pendant les jours \/ heures ouvrables (09h00-18h00); en \u00e9crivant \/ d\u00e9posant votre lettre dans la bo\u00eete aux lettres du HCR devant nos bureaux situ\u00e9s au 16, rue Lavrska, Kiev, 01015, Ukraine; ou par email: <a href=\"mailto:ukrki@unhcr.org\">ukrki@unhcr.org<\/a><\/p>\n<p>Trouvez <a href=\"https:\/\/help.unhcr.org\/ukraine\/fr\/complaints\/\"><strong>ici<\/strong><\/a> plus de d\u00e9tails sur le m\u00e9canisme de plainte du HCR.<\/p>\n","protected":false},"excerpt":{"rendered":"<p>La r\u00e9installation, l&rsquo;int\u00e9gration sur place et le rapatriement librement consenti sont les trois solutions durables que le HCR s&rsquo;efforce de r\u00e9aliser. La r\u00e9installation est g\u00e9n\u00e9ralement fournie par le HCR aux r\u00e9fugi\u00e9s les plus vuln\u00e9rables. Moins de 1% de tous les r\u00e9fugi\u00e9s dans le monde sont r\u00e9install\u00e9s. &nbsp; La r\u00e9installation n&rsquo;est pas un droit et aucune [&hellip;]<\/p>\n","protected":false},"author":1,"featured_media":0,"parent":451,"menu_order":2,"comment_status":"closed","ping_status":"closed","template":"","meta":{"_acf_changed":false,"footnotes":""},"class_list":["post-565","page","type-page","status-publish","hentry"],"acf":[],"_links":{"self":[{"href":"https:\/\/help.unhcr.org\/ukraine\/fr\/wp-json\/wp\/v2\/pages\/565","targetHints":{"allow":["GET"]}}],"collection":[{"href":"https:\/\/help.unhcr.org\/ukraine\/fr\/wp-json\/wp\/v2\/pages"}],"about":[{"href":"https:\/\/help.unhcr.org\/ukraine\/fr\/wp-json\/wp\/v2\/types\/page"}],"author":[{"embeddable":true,"href":"https:\/\/help.unhcr.org\/ukraine\/fr\/wp-json\/wp\/v2\/users\/1"}],"replies":[{"embeddable":true,"href":"https:\/\/help.unhcr.org\/ukraine\/fr\/wp-json\/wp\/v2\/comments?post=565"}],"version-history":[{"count":4,"href":"https:\/\/help.unhcr.org\/ukraine\/fr\/wp-json\/wp\/v2\/pages\/565\/revisions"}],"predecessor-version":[{"id":832,"href":"https:\/\/help.unhcr.org\/ukraine\/fr\/wp-json\/wp\/v2\/pages\/565\/revisions\/832"}],"up":[{"embeddable":true,"href":"https:\/\/help.unhcr.org\/ukraine\/fr\/wp-json\/wp\/v2\/pages\/451"}],"wp:attachment":[{"href":"https:\/\/help.unhcr.org\/ukraine\/fr\/wp-json\/wp\/v2\/media?parent=565"}],"curies":[{"name":"wp","href":"https:\/\/api.w.org\/{rel}","templated":true}]}}