{"id":552,"date":"2018-08-06T14:44:40","date_gmt":"2018-08-06T14:44:40","guid":{"rendered":"http:\/\/help.unhcr.org\/ukraine\/complaints-2\/"},"modified":"2023-06-23T07:14:24","modified_gmt":"2023-06-23T07:14:24","slug":"complaints","status":"publish","type":"page","link":"https:\/\/help.unhcr.org\/ukraine\/fr\/complaints\/","title":{"rendered":"D\u00e9poser une plainte"},"content":{"rendered":"<h3>Comment se plaindre du HCR et de ses partenaires?<\/h3>\n<p><strong>Si vous avez des plaintes et \/ ou suggestions&nbsp;<\/strong>sur le travail du HCR ou de ses partenaires, veuillez l&rsquo;envoyer par \u00e9crit \u00e0:<\/p>\n<ul>\n<li>Par courrier: 16, rue Lavrska, Kiev, 01015, Ukraine<\/li>\n<li>Apporter en personne pendant les jours ouvrables (de 9h00 \u00e0 18h00)<\/li>\n<li>D\u00e9posez votre lettre dans la bo\u00eete aux lettres du HCR en face de nos bureaux: <a href=\"http:\/\/www.unhcr.org\/ua\/en\/contact-us\" target=\"_blank\" rel=\"noopener\">www.unhcr.org.ua\/contacts<\/a>&nbsp;par courriel: <a href=\"mailto:ukrki@unhcr.org\">ukrki@unhcr.org<\/a><\/li>\n<\/ul>\n<p>Toutes les informations sont trait\u00e9es CONFIDENTIELLEMENT. Si vous souhaitez une r\u00e9ponse, s&rsquo;il vous pla\u00eet laissez vos coordonn\u00e9es.<\/p>\n","protected":false},"excerpt":{"rendered":"<p>Comment se plaindre du HCR et de ses partenaires? Si vous avez des plaintes et \/ ou suggestions&nbsp;sur le travail du HCR ou de ses partenaires, veuillez l&rsquo;envoyer par \u00e9crit \u00e0: Par courrier: 16, rue Lavrska, Kiev, 01015, Ukraine Apporter en personne pendant les jours ouvrables (de 9h00 \u00e0 18h00) D\u00e9posez votre lettre dans la [&hellip;]<\/p>\n","protected":false},"author":1,"featured_media":0,"parent":0,"menu_order":12,"comment_status":"closed","ping_status":"closed","template":"","meta":{"_acf_changed":false,"footnotes":""},"class_list":["post-552","page","type-page","status-publish","hentry"],"acf":[],"_links":{"self":[{"href":"https:\/\/help.unhcr.org\/ukraine\/fr\/wp-json\/wp\/v2\/pages\/552","targetHints":{"allow":["GET"]}}],"collection":[{"href":"https:\/\/help.unhcr.org\/ukraine\/fr\/wp-json\/wp\/v2\/pages"}],"about":[{"href":"https:\/\/help.unhcr.org\/ukraine\/fr\/wp-json\/wp\/v2\/types\/page"}],"author":[{"embeddable":true,"href":"https:\/\/help.unhcr.org\/ukraine\/fr\/wp-json\/wp\/v2\/users\/1"}],"replies":[{"embeddable":true,"href":"https:\/\/help.unhcr.org\/ukraine\/fr\/wp-json\/wp\/v2\/comments?post=552"}],"version-history":[{"count":5,"href":"https:\/\/help.unhcr.org\/ukraine\/fr\/wp-json\/wp\/v2\/pages\/552\/revisions"}],"predecessor-version":[{"id":1960,"href":"https:\/\/help.unhcr.org\/ukraine\/fr\/wp-json\/wp\/v2\/pages\/552\/revisions\/1960"}],"wp:attachment":[{"href":"https:\/\/help.unhcr.org\/ukraine\/fr\/wp-json\/wp\/v2\/media?parent=552"}],"curies":[{"name":"wp","href":"https:\/\/api.w.org\/{rel}","templated":true}]}}