{"id":453,"date":"2018-08-01T13:01:18","date_gmt":"2018-08-01T13:01:18","guid":{"rendered":"http:\/\/help.unhcr.org\/ukraine\/?page_id=453"},"modified":"2025-06-04T09:26:46","modified_gmt":"2025-06-04T09:26:46","slug":"integration-locale","status":"publish","type":"page","link":"https:\/\/help.unhcr.org\/ukraine\/fr\/solutions-a-long-terme-pour-les-refugies\/integration-locale\/","title":{"rendered":"Int\u00e9gration locale"},"content":{"rendered":"<p><strong>L&rsquo;int\u00e9gration locale<\/strong> est l&rsquo;une des solutions durables les plus r\u00e9alistes disponibles pour les r\u00e9fugi\u00e9s en Ukraine. Les domaines cl\u00e9s o\u00f9 le HCR en Ukraine cherche \u00e0 faciliter l&rsquo;int\u00e9gration locale sont:<\/p>\n<ul>\n<li>Plaidoyer (pour rationaliser le cadre l\u00e9gislatif et cr\u00e9er un environnement de protection favorable pour permettre l&rsquo;int\u00e9gration socio-\u00e9conomique des r\u00e9fugi\u00e9s);<\/li>\n<li><a href=\"https:\/\/help.unhcr.org\/ukraine\/fr\/programmes-de-soutien\/gagner-sa-vie\/\">D\u00e9veloppement des entreprises<\/a> (subventions d&rsquo;autosuffisance pour le travail ind\u00e9pendant);<\/li>\n<li><a href=\"https:\/\/help.unhcr.org\/ukraine\/fr\/programmes-de-soutien\/gagner-sa-vie\/\">Formation professionnelle<\/a> (aide \u00e0 la formation professionnelle);<\/li>\n<li><a href=\"https:\/\/help.unhcr.org\/ukraine\/fr\/programmes-de-soutien\/gagner-sa-vie\/\">Emploi<\/a> (aide \u00e0 la recherche d&#8217;emploi et collaboration avec les centres pour l&#8217;emploi);<\/li>\n<li>Apprentissage de la langue ukrainienne;<\/li>\n<li>\u00c9ducation (soutien limit\u00e9 \u00e0 l&rsquo;enseignement sup\u00e9rieur gr\u00e2ce aux bourses DAFI). Le prochain appel \u00e0 candidatures sera annonc\u00e9 en ao\u00fbt;<\/li>\n<li>Soutien aux initiatives communautaires.<\/li>\n<\/ul>\n<p>Dans ses efforts pour promouvoir l&rsquo;int\u00e9gration locale, <strong>le HCR Ukraine coop\u00e8re<\/strong> avec les autorit\u00e9s de l&rsquo;\u00c9tat et diff\u00e9rents minist\u00e8res <strong>pour assurer des conditions favorables \u00e0 l&rsquo;int\u00e9gration locale.<\/strong><\/p>\n<p>Par l&rsquo;interm\u00e9diaire de ses partenaires, le HCR organise <strong>des cours de langue et d&rsquo;informatique<\/strong> pour les d\u00e9butants. Les partenaires fournissent des informations sur l&rsquo;horaire et l&rsquo;inscription dans leurs emplacements respectifs.<\/p>\n<p>Le HCR et ses partenaires <strong>soutiennent plusieurs programmes visant \u00e0 aider les r\u00e9fugi\u00e9s<\/strong> <strong>et les demandeurs d&rsquo;asile dans l&rsquo;int\u00e9gration locale et l&rsquo;autosuffisance. <\/strong>Veuillez-vous reporter \u00e0 la section sur les <a href=\"https:\/\/help.unhcr.org\/ukraine\/fr\/programmes-de-soutien\/\">programmes de soutien<\/a>.<\/p>\n<p>Le HCR et ses partenaires soutiennent <strong>les initiatives de soutien communautaire<\/strong>, qui comprennent une s\u00e9rie d&rsquo;activit\u00e9s con\u00e7ues pour mobiliser et autonomiser les communaut\u00e9s de r\u00e9fugi\u00e9s. Ces initiatives s&rsquo;appuient sur l&rsquo;\u00e9ducation, les comp\u00e9tences et les capacit\u00e9s des populations affect\u00e9es et visent \u00e0 renforcer leurs aptitudes \u00e0 organiser des interventions d&rsquo;urgence, \u00e0 se prot\u00e9ger et \u00e0 identifier des solutions. Si votre communaut\u00e9 a besoin d&rsquo;apprendre certaines comp\u00e9tences sur un sujet particulier qui vous permettraient de devenir plus autonome, le HCR peut soutenir votre communaut\u00e9 par la formation et l&rsquo;acquisition de comp\u00e9tences. Pour les r\u00e9fugi\u00e9s et les demandeurs d&rsquo;asile en particulier, cela pourrait \u00e9galement inclure des activit\u00e9s communautaires dans le domaine de la sant\u00e9 mentale et du soutien psychosocial. Une initiative de soutien communautaire n&rsquo;implique pas l&rsquo;achat d&rsquo;\u00e9quipement ou de fournitures ou la r\u00e9paration de locaux. Pour plus de d\u00e9tails, veuillez vous adresser aux <a href=\"https:\/\/help.unhcr.org\/ukraine\/fr\/ou-trouver-de-laide-en-ukraine\/organisations-partenaires-du-hcr\/\">partenaires du HCR<\/a> dans les lieux respectifs ou au HCR au +38 (044) 288 97 10 les mercredis de 10h00 \u00e0 16h30.<\/p>\n","protected":false},"excerpt":{"rendered":"<p>L&rsquo;int\u00e9gration locale est l&rsquo;une des solutions durables les plus r\u00e9alistes disponibles pour les r\u00e9fugi\u00e9s en Ukraine. Les domaines cl\u00e9s o\u00f9 le HCR en Ukraine cherche \u00e0 faciliter l&rsquo;int\u00e9gration locale sont: Plaidoyer (pour rationaliser le cadre l\u00e9gislatif et cr\u00e9er un environnement de protection favorable pour permettre l&rsquo;int\u00e9gration socio-\u00e9conomique des r\u00e9fugi\u00e9s); D\u00e9veloppement des entreprises (subventions d&rsquo;autosuffisance pour [&hellip;]<\/p>\n","protected":false},"author":1,"featured_media":0,"parent":451,"menu_order":0,"comment_status":"closed","ping_status":"closed","template":"","meta":{"_acf_changed":false,"footnotes":""},"class_list":["post-453","page","type-page","status-publish","hentry"],"acf":[],"_links":{"self":[{"href":"https:\/\/help.unhcr.org\/ukraine\/fr\/wp-json\/wp\/v2\/pages\/453","targetHints":{"allow":["GET"]}}],"collection":[{"href":"https:\/\/help.unhcr.org\/ukraine\/fr\/wp-json\/wp\/v2\/pages"}],"about":[{"href":"https:\/\/help.unhcr.org\/ukraine\/fr\/wp-json\/wp\/v2\/types\/page"}],"author":[{"embeddable":true,"href":"https:\/\/help.unhcr.org\/ukraine\/fr\/wp-json\/wp\/v2\/users\/1"}],"replies":[{"embeddable":true,"href":"https:\/\/help.unhcr.org\/ukraine\/fr\/wp-json\/wp\/v2\/comments?post=453"}],"version-history":[{"count":3,"href":"https:\/\/help.unhcr.org\/ukraine\/fr\/wp-json\/wp\/v2\/pages\/453\/revisions"}],"predecessor-version":[{"id":2507,"href":"https:\/\/help.unhcr.org\/ukraine\/fr\/wp-json\/wp\/v2\/pages\/453\/revisions\/2507"}],"up":[{"embeddable":true,"href":"https:\/\/help.unhcr.org\/ukraine\/fr\/wp-json\/wp\/v2\/pages\/451"}],"wp:attachment":[{"href":"https:\/\/help.unhcr.org\/ukraine\/fr\/wp-json\/wp\/v2\/media?parent=453"}],"curies":[{"name":"wp","href":"https:\/\/api.w.org\/{rel}","templated":true}]}}