{"id":442,"date":"2018-08-01T12:53:34","date_gmt":"2018-08-01T12:53:34","guid":{"rendered":"http:\/\/help.unhcr.org\/ukraine\/?page_id=442"},"modified":"2018-08-07T09:49:12","modified_gmt":"2018-08-07T09:49:12","slug":"assistance-sociale","status":"publish","type":"page","link":"https:\/\/help.unhcr.org\/ukraine\/fr\/programmes-de-soutien\/assistance-sociale\/","title":{"rendered":"Assistance sociale"},"content":{"rendered":"<h3>L\u2019assistance du gouvernement de l&rsquo;Ukraine<\/h3>\n<p>Le gouvernement offre aux demandeurs d&rsquo;asile trois centres d&rsquo;h\u00e9bergement temporaire (<a href=\"https:\/\/dmsu.gov.ua\/en-home.html\" target=\"_blank\" rel=\"noopener\">CHT<\/a>) dans les r\u00e9gions de Kiev, d&rsquo;Odessa et de Zakarpattia. Apr\u00e8s avoir re\u00e7u un certificat d&rsquo;asile pendant six mois, les demandeurs d&rsquo;asile peuvent soumettre une demande d&rsquo;h\u00e9bergement CHT au m\u00eame d\u00e9partement r\u00e9gional du service national de migration o\u00f9 ils ont d\u00e9j\u00e0 pr\u00e9sent\u00e9 leur demande d&rsquo;asile. En cas de d\u00e9cision positive, un demandeur d&rsquo;asile effectuera un examen m\u00e9dical apr\u00e8s avoir \u00e9t\u00e9 r\u00e9f\u00e9r\u00e9 par le Service national des migrations. Un demandeur d&rsquo;asile peut rester dans un centre d\u2019h\u00e9bergement temporaire pendant que sa demande est examin\u00e9e par le bureau.<\/p>\n<p>L&rsquo;h\u00e9bergement dans les centres d\u2019h\u00e9bergement temporaires est gratuit. Chaque membre de la famille re\u00e7oit un paquet de nourriture sur une base mensuelle. Les classes scolaires et les services de police sont disponibles dans les centres d\u2019h\u00e9bergement temporaires. De plus, une infirmi\u00e8re, un psychologue et des conseillers sociaux travaillent dans les centres d\u2019h\u00e9bergement temporaires.<\/p>\n<p>Le d\u00e9partement r\u00e9gional du Service national des migrations et les partenaires du HCR peuvent vous conseiller sur les sujets en rapport avec la r\u00e9sidence dans les centres d\u2019h\u00e9bergement temporaires.<\/p>\n<h3>Assistance sociale du HCR et de ses partenaires ONG<\/h3>\n<p>Par l&rsquo;interm\u00e9diaire de ses <a href=\"https:\/\/help.unhcr.org\/ukraine\/fr\/ou-trouver-de-laide-en-ukraine\/organisations-partenaires-du-hcr\/\">organisations partenaires<\/a>, le HCR fournit des kits d&rsquo;urgence aux nouveaux arrivants qui ont \u00e9t\u00e9 interrog\u00e9s et jug\u00e9s \u00e9ligibles \u00e0 l&rsquo;assistance du HCR. Ces kits d&rsquo;urgence contiennent des matelas, des ustensiles de cuisine et des articles hygi\u00e9niques de base. Les demandeurs d&rsquo;asile les plus vuln\u00e9rables b\u00e9n\u00e9ficient \u00e9galement d&rsquo;une allocation mensuelle de subsistance pour une p\u00e9riode limit\u00e9e afin de couvrir leurs frais de logement en cas d&rsquo;indisponibilit\u00e9 d&rsquo;un centre d&rsquo;h\u00e9bergement temporaire pour r\u00e9fugi\u00e9s. Les demandeurs d&rsquo;asile doivent payer des services m\u00e9dicaux aux conditions \u00e9tablies pour les ressortissants \u00e9trangers. Le HCR, par l&rsquo;interm\u00e9diaire de ses partenaires, peut aider les demandeurs d&rsquo;asile vuln\u00e9rables dans le cadre de ses programmes d&rsquo;assistance m\u00e9dicale.<\/p>\n<p><a href=\"https:\/\/help.unhcr.org\/ukraine\/fr\/ou-trouver-de-laide-en-ukraine\/organisations-partenaires-du-hcr\/\">Les organisations partenaires du HCR<\/a> fournissent des conseils sur la fa\u00e7on de trouver un logement en Ukraine, des possibilit\u00e9s d&#8217;emploi, des soins m\u00e9dicaux et l&rsquo;acc\u00e8s \u00e0 l&rsquo;\u00e9ducation.<\/p>\n<p><a href=\"https:\/\/help.unhcr.org\/ukraine\/fr\/ou-trouver-de-laide-en-ukraine\/organisations-partenaires-du-hcr\/\">Les organisations partenaires du HCR<\/a> aident les r\u00e9fugi\u00e9s reconnus et les b\u00e9n\u00e9ficiaires de la protection compl\u00e9mentaire \u00e0 surmonter les obstacles bureaucratiques dans l&rsquo;acc\u00e8s \u00e0 l&rsquo;aide sociale pour les personnes vuln\u00e9rables.<\/p>\n","protected":false},"excerpt":{"rendered":"<p>L\u2019assistance du gouvernement de l&rsquo;Ukraine Le gouvernement offre aux demandeurs d&rsquo;asile trois centres d&rsquo;h\u00e9bergement temporaire (CHT) dans les r\u00e9gions de Kiev, d&rsquo;Odessa et de Zakarpattia. Apr\u00e8s avoir re\u00e7u un certificat d&rsquo;asile pendant six mois, les demandeurs d&rsquo;asile peuvent soumettre une demande d&rsquo;h\u00e9bergement CHT au m\u00eame d\u00e9partement r\u00e9gional du service national de migration o\u00f9 ils ont [&hellip;]<\/p>\n","protected":false},"author":1,"featured_media":0,"parent":421,"menu_order":1,"comment_status":"closed","ping_status":"closed","template":"","meta":{"_acf_changed":false,"footnotes":""},"class_list":["post-442","page","type-page","status-publish","hentry"],"acf":[],"_links":{"self":[{"href":"https:\/\/help.unhcr.org\/ukraine\/fr\/wp-json\/wp\/v2\/pages\/442","targetHints":{"allow":["GET"]}}],"collection":[{"href":"https:\/\/help.unhcr.org\/ukraine\/fr\/wp-json\/wp\/v2\/pages"}],"about":[{"href":"https:\/\/help.unhcr.org\/ukraine\/fr\/wp-json\/wp\/v2\/types\/page"}],"author":[{"embeddable":true,"href":"https:\/\/help.unhcr.org\/ukraine\/fr\/wp-json\/wp\/v2\/users\/1"}],"replies":[{"embeddable":true,"href":"https:\/\/help.unhcr.org\/ukraine\/fr\/wp-json\/wp\/v2\/comments?post=442"}],"version-history":[{"count":5,"href":"https:\/\/help.unhcr.org\/ukraine\/fr\/wp-json\/wp\/v2\/pages\/442\/revisions"}],"predecessor-version":[{"id":597,"href":"https:\/\/help.unhcr.org\/ukraine\/fr\/wp-json\/wp\/v2\/pages\/442\/revisions\/597"}],"up":[{"embeddable":true,"href":"https:\/\/help.unhcr.org\/ukraine\/fr\/wp-json\/wp\/v2\/pages\/421"}],"wp:attachment":[{"href":"https:\/\/help.unhcr.org\/ukraine\/fr\/wp-json\/wp\/v2\/media?parent=442"}],"curies":[{"name":"wp","href":"https:\/\/api.w.org\/{rel}","templated":true}]}}