{"id":423,"date":"2018-08-01T12:23:45","date_gmt":"2018-08-01T12:23:45","guid":{"rendered":"http:\/\/help.unhcr.org\/ukraine\/?page_id=423"},"modified":"2022-04-15T11:58:11","modified_gmt":"2022-04-15T11:58:11","slug":"gagner-sa-vie","status":"publish","type":"page","link":"https:\/\/help.unhcr.org\/ukraine\/fr\/programmes-de-soutien\/gagner-sa-vie\/","title":{"rendered":"Gagner sa vie"},"content":{"rendered":"<p>Il existe actuellement quatre domaines dans lesquels le HCR m\u00e8ne des activit\u00e9s pour promouvoir l&#8217;emploi des r\u00e9fugi\u00e9s.<\/p>\n<ol>\n<li>La formation professionnelle, qui comprend le d\u00e9veloppement de comp\u00e9tences<\/li>\n<li>Aide \u00e0 la recherche d&#8217;emploi, travail avec les centres pour l&#8217;emploi et le secteur priv\u00e9<\/li>\n<li>Assistance sociale<\/li>\n<li>Plaidoyer visant \u00e0 rationaliser le cadre l\u00e9gislatif et \u00e0 cr\u00e9er un environnement de protection favorable pour permettre l&rsquo;int\u00e9gration socio-\u00e9conomique des r\u00e9fugi\u00e9s et leur fournir une solution durable<\/li>\n<\/ol>\n","protected":false},"excerpt":{"rendered":"<p>Il existe actuellement quatre domaines dans lesquels le HCR m\u00e8ne des activit\u00e9s pour promouvoir l&#8217;emploi des r\u00e9fugi\u00e9s. La formation professionnelle, qui comprend le d\u00e9veloppement de comp\u00e9tences Aide \u00e0 la recherche d&#8217;emploi, travail avec les centres pour l&#8217;emploi et le secteur priv\u00e9 Assistance sociale Plaidoyer visant \u00e0 rationaliser le cadre l\u00e9gislatif et \u00e0 cr\u00e9er un environnement [&hellip;]<\/p>\n","protected":false},"author":1,"featured_media":0,"parent":421,"menu_order":0,"comment_status":"closed","ping_status":"closed","template":"page-templates\/sectioned.php","meta":{"_acf_changed":false,"footnotes":""},"class_list":["post-423","page","type-page","status-publish","hentry"],"acf":[],"_links":{"self":[{"href":"https:\/\/help.unhcr.org\/ukraine\/fr\/wp-json\/wp\/v2\/pages\/423","targetHints":{"allow":["GET"]}}],"collection":[{"href":"https:\/\/help.unhcr.org\/ukraine\/fr\/wp-json\/wp\/v2\/pages"}],"about":[{"href":"https:\/\/help.unhcr.org\/ukraine\/fr\/wp-json\/wp\/v2\/types\/page"}],"author":[{"embeddable":true,"href":"https:\/\/help.unhcr.org\/ukraine\/fr\/wp-json\/wp\/v2\/users\/1"}],"replies":[{"embeddable":true,"href":"https:\/\/help.unhcr.org\/ukraine\/fr\/wp-json\/wp\/v2\/comments?post=423"}],"version-history":[{"count":10,"href":"https:\/\/help.unhcr.org\/ukraine\/fr\/wp-json\/wp\/v2\/pages\/423\/revisions"}],"predecessor-version":[{"id":1497,"href":"https:\/\/help.unhcr.org\/ukraine\/fr\/wp-json\/wp\/v2\/pages\/423\/revisions\/1497"}],"up":[{"embeddable":true,"href":"https:\/\/help.unhcr.org\/ukraine\/fr\/wp-json\/wp\/v2\/pages\/421"}],"wp:attachment":[{"href":"https:\/\/help.unhcr.org\/ukraine\/fr\/wp-json\/wp\/v2\/media?parent=423"}],"curies":[{"name":"wp","href":"https:\/\/api.w.org\/{rel}","templated":true}]}}