{"id":202,"date":"2018-07-13T09:35:21","date_gmt":"2018-07-13T09:35:21","guid":{"rendered":"http:\/\/help.unhcr.org\/ukraine\/?page_id=202"},"modified":"2025-08-19T12:51:48","modified_gmt":"2025-08-19T12:51:48","slug":"organisations-partenaires-du-hcr","status":"publish","type":"page","link":"https:\/\/help.unhcr.org\/ukraine\/fr\/ou-trouver-de-laide-en-ukraine\/organisations-partenaires-du-hcr\/","title":{"rendered":"Organisations partenaires du HCR"},"content":{"rendered":"<p>Le HCR op\u00e8re \u00e0 travers un r\u00e9seau de plusieurs organisations partenaires qui assistent les r\u00e9fugi\u00e9s et les demandeurs d&rsquo;asile, et leur apporte l&rsquo;aide sociale et juridique. Il existe \u00e9galement des avocats associ\u00e9s pouvant fournir une assistance juridique \u00e0 Chernihiv, Lviv et Loutsk.<\/p>\n<p><strong>Les partenaires juridiques<\/strong> fournissent une assistance juridique aux demandeurs d&rsquo;asile pendant la proc\u00e9dure d&rsquo;asile et fournissent des conseils juridiques sur les droits et obligations des demandeurs d&rsquo;asile, des r\u00e9fugi\u00e9s et des personnes b\u00e9n\u00e9ficiant d&rsquo;une protection compl\u00e9mentaire conform\u00e9ment \u00e0 la l\u00e9gislation ukrainienne.<\/p>\n<p>L&rsquo;assistance juridique pourra consister \u00e0:<\/p>\n<ul>\n<li>Expliquer la proc\u00e9dure d&rsquo;asile<\/li>\n<li>Pr\u00e9parer la demande d&rsquo;asile et les documents requis pour le Service national des migrations (SMS)<\/li>\n<li>Aider \u00e0 acc\u00e9der \u00e0 la documentation<\/li>\n<li>Pr\u00e9parer les appels devant les tribunaux<\/li>\n<li>Accompagner et repr\u00e9senter les demandeurs d&rsquo;asile devant les tribunaux<\/li>\n<li>Pr\u00e9parer des plaintes et des lettres aux autorit\u00e9s de l&rsquo;\u00c9tat<\/li>\n<\/ul>\n<p><strong>Les partenaires sociaux <\/strong>fournissent des conseils sur l&rsquo;aide sociale offerte par l&rsquo;\u00c9tat. Il comprend \u00e9galement une assistance pour l&rsquo;acc\u00e8s aux services sociaux, m\u00e9dicaux et \u00e9ducatifs. Le support octroy\u00e9 par nos partenaires ONG peut inclure:<\/p>\n<ul>\n<li>L\u2019assistance dans les h\u00f4pitaux environnant<\/li>\n<li>L\u2019assistance dans l&rsquo;achat de m\u00e9dicaments pour les personnes les plus vuln\u00e9rables<\/li>\n<li>Les soins psychologiques et soutien<\/li>\n<li>Les cours de langue ukrainienne<\/li>\n<li>L\u2019assistance \u00e0 l&rsquo;inscription \u00e0 l&rsquo;\u00e9cole, \u00e0 la maternelle et \u00e0 la formation professionnelle<\/li>\n<li>L\u2019acc\u00e8s \u00e0 l&#8217;emploi<\/li>\n<li>L\u2019acc\u00e8s \u00e0 un ordinateur et un acc\u00e8s Internet<\/li>\n<li>Le conseil sur l&rsquo;enregistrement des naissances<\/li>\n<\/ul>\n<p><strong>Les ONG partenaires suivantes peuvent \u00eatre approch\u00e9es par les r\u00e9fugi\u00e9s, les demandeurs d&rsquo;asile et les personnes b\u00e9n\u00e9ficiant d&rsquo;une protection compl\u00e9mentaire:<\/strong><\/p>\n<h2>Fondation caritative ukrainienne &laquo;&nbsp;Le droit \u00e0 la protection&nbsp;&raquo;<\/h2>\n<p><strong>Assistance juridique aux r\u00e9fugi\u00e9s et aux demandeurs d&rsquo;asile<\/strong><\/p>\n<p><strong>Adresse:<\/strong> 55, rue Shchekavytska, Kiev, 04071<br \/>\n<strong>T\u00e9l\u00e9phone:<\/strong> +38 (044) 337-17-62<br \/>\n<strong>Mob.:<\/strong> +38 093 049 52 18, +38 094 905 67 62<br \/>\n<strong>WhatsApp\/Viber:<\/strong> +38 093 038 95 62<br \/>\n<strong>Email:<\/strong> <a href=\"mailto:lps@r2p.org.ua\">lps@r2p.org.ua<\/a><br \/>\n<strong>Web-site:<\/strong> <a href=\"https:\/\/r2p.org.ua\/en\/category\/otrymaty-dopomohu-bizhentsi\">https:\/\/r2p.org.ua\/en\/asylum-seekers\/<\/a><\/p>\n<h3>Bureaux ext\u00e9rieurs<\/h3>\n<p><strong>Kharkiv<br \/>\n<\/strong><strong>Addresse:\u00a0<\/strong>85, rue Chernyshevskaya, Kharkiv, 61024<br \/>\n<strong>Mobile:<\/strong> +38 (057) 751 17 64; +38 (094) 811 17 64<br \/>\n<strong>E-mail:<\/strong> <a href=\"mailto:v.tsololo@r2p.in.ua\">v.tsololo@r2p.in.ua<\/a> \u00a0<strong>\u00a0<\/strong><strong>\u00a0<\/strong><strong>\u00a0<\/strong><strong>\u00a0<\/strong><strong>\u00a0<\/strong><strong>\u00a0<\/strong><strong>\u00a0<\/strong><strong>\u00a0<\/strong><strong>\u00a0<\/strong><strong>\u00a0<\/strong><strong>\u00a0<\/strong><\/p>\n<p><strong>Lviv<br \/>\n<\/strong><strong>Adresse: <\/strong>13 Shota Rustavely St., bureau 10, Lviv<br \/>\n<strong>Mobile:<\/strong> +38 (093) 023 08 55<br \/>\n<strong>T\u00e9l\u00e9phone:<\/strong> +38 (032) 276 19 21<\/p>\n<h2><img loading=\"lazy\" decoding=\"async\" class=\"alignnone size-medium wp-image-152\" src=\"https:\/\/help.unhcr.org\/ukraine\/wp-content\/uploads\/sites\/36\/2018\/06\/RightToProtection_Eng_CMYK1-300x164.jpg\" alt=\"\" width=\"300\" height=\"164\" srcset=\"https:\/\/help.unhcr.org\/ukraine\/wp-content\/uploads\/sites\/36\/2018\/06\/RightToProtection_Eng_CMYK1-300x164.jpg 300w, https:\/\/help.unhcr.org\/ukraine\/wp-content\/uploads\/sites\/36\/2018\/06\/RightToProtection_Eng_CMYK1-768x421.jpg 768w, https:\/\/help.unhcr.org\/ukraine\/wp-content\/uploads\/sites\/36\/2018\/06\/RightToProtection_Eng_CMYK1-1024x561.jpg 1024w, https:\/\/help.unhcr.org\/ukraine\/wp-content\/uploads\/sites\/36\/2018\/06\/RightToProtection_Eng_CMYK1.jpg 1534w\" sizes=\"auto, (max-width: 300px) 100vw, 300px\" \/><\/h2>\n<h2><\/h2>\n<h2>Rokada<\/h2>\n<p><strong>Aide sociale aux r\u00e9fugi\u00e9s et aux demandeurs d&rsquo;asile<\/strong><\/p>\n<p><strong>Adresse: <\/strong>7, Vasylya Chumaka St., Kiev, 03065<br \/>\n<strong>T\u00e9l\u00e9phone:<\/strong> (044) 501 5696<br \/>\n<strong>Fax:<\/strong> (044) 501 5695<br \/>\n<strong>E-mail:<\/strong> <a href=\"mailto:office@rokada.org.ua\">office@rokada.org.ua<\/a><br \/>\n<strong>Site web:<\/strong> <a href=\"http:\/\/rokada.org.ua\/en\/\">http:\/\/rokada.org.ua\/en\/<\/a><br \/>\n<strong>Adresse postale:<\/strong> Kyiv-65, P.O. Bo\u00eete 108<\/p>\n<p><img loading=\"lazy\" decoding=\"async\" class=\"alignnone wp-image-153\" src=\"https:\/\/help.unhcr.org\/ukraine\/wp-content\/uploads\/sites\/36\/2018\/06\/rokada-300x83.jpg\" alt=\"\" width=\"278\" height=\"77\" srcset=\"https:\/\/help.unhcr.org\/ukraine\/wp-content\/uploads\/sites\/36\/2018\/06\/rokada-300x83.jpg 300w, https:\/\/help.unhcr.org\/ukraine\/wp-content\/uploads\/sites\/36\/2018\/06\/rokada.jpg 384w\" sizes=\"auto, (max-width: 278px) 100vw, 278px\" \/><\/p>\n<h2>Fondation internationale pour la protection de la sant\u00e9 et de l&rsquo;environnement &laquo;&nbsp;R\u00e9gion Karpat&nbsp;&raquo; (NEEKA)<\/h2>\n<p><strong>Assistance juridique et sociale aux r\u00e9fugi\u00e9s et aux demandeurs d&rsquo;asile<\/strong><\/p>\n<p><strong>Adresse:<\/strong> 3, Michurina St., Mukacheve, 89600<br \/>\n<strong>T\u00e9l .:<\/strong> +38 (031) 313 21 22<br \/>\n<strong>Fax:<\/strong> +38 (031) 313 33 50<br \/>\n<strong>E-mail:<\/strong>\u00a0\u00a0<a href=\"mailto:neeka@mk.uz.ua\">info@neeka.org<\/a><br \/>\n<strong>Site Web:<\/strong> <a href=\"http:\/\/new.neeka.org\" target=\"_blank\" rel=\"noopener noreferrer\">http:\/\/new.neeka.org<\/a><br \/>\n<strong>Facebook:<\/strong> <a href=\"https:\/\/www.facebook.com\/neekaukraine\/?ref=br_rs\" target=\"_blank\" rel=\"noopener noreferrer\">https:\/\/www.facebook.com\/neekaukraine\/?ref=br_rs<\/a><\/p>\n<p><img loading=\"lazy\" decoding=\"async\" class=\"alignnone wp-image-154\" src=\"https:\/\/help.unhcr.org\/ukraine\/wp-content\/uploads\/sites\/36\/2018\/06\/neeka-logo-300x202.jpg\" alt=\"\" width=\"186\" height=\"125\" srcset=\"https:\/\/help.unhcr.org\/ukraine\/wp-content\/uploads\/sites\/36\/2018\/06\/neeka-logo-300x202.jpg 300w, https:\/\/help.unhcr.org\/ukraine\/wp-content\/uploads\/sites\/36\/2018\/06\/neeka-logo.jpg 338w\" sizes=\"auto, (max-width: 186px) 100vw, 186px\" \/><\/p>\n<h3><\/h3>\n<h2>&laquo;&nbsp;Desyate kvitnya&nbsp;&raquo;<\/h2>\n<p><strong>Assistance juridique et sociale aux r\u00e9fugi\u00e9s et aux demandeurs d&rsquo;asile<\/strong><\/p>\n<p><strong>Adresse:<\/strong> 15, rue Heroiv Krut, bureau 501, Odessa<br \/>\n<strong>T\u00e9l\u00e9phone .:<\/strong> +38 (048) 766 00 04; +38 (093) 662 85 24<br \/>\n<strong>E-mail:<\/strong>\u00a0<a href=\"mailto:idpsodessa@gmail.com\">idpsodessa@gmail.com<\/a>\u00a0ou\u00a0<a href=\"mailto:10th_april@ukr.net\">10th_april@ukr.net<\/a><br \/>\n<strong>Site web:<\/strong> <a href=\"http:\/\/desyatekvitnya.com\/\" target=\"_blank\" rel=\"noopener noreferrer\">desyatekvitnya.com<\/a><\/p>\n<p><a href=\"http:\/\/desyatekvitnya.com\" target=\"_blank\" rel=\"noopener noreferrer\"><img loading=\"lazy\" decoding=\"async\" class=\"alignnone wp-image-155\" src=\"https:\/\/help.unhcr.org\/ukraine\/wp-content\/uploads\/sites\/36\/2018\/06\/DESYATE-KVITNYA-300x300.jpg\" alt=\"\" width=\"144\" height=\"144\" srcset=\"https:\/\/help.unhcr.org\/ukraine\/wp-content\/uploads\/sites\/36\/2018\/06\/DESYATE-KVITNYA-300x300.jpg 300w, https:\/\/help.unhcr.org\/ukraine\/wp-content\/uploads\/sites\/36\/2018\/06\/DESYATE-KVITNYA-150x150.jpg 150w, https:\/\/help.unhcr.org\/ukraine\/wp-content\/uploads\/sites\/36\/2018\/06\/DESYATE-KVITNYA-768x768.jpg 768w, https:\/\/help.unhcr.org\/ukraine\/wp-content\/uploads\/sites\/36\/2018\/06\/DESYATE-KVITNYA-1024x1024.jpg 1024w\" sizes=\"auto, (max-width: 144px) 100vw, 144px\" \/><\/a><\/p>\n","protected":false},"excerpt":{"rendered":"<p>Le HCR op\u00e8re \u00e0 travers un r\u00e9seau de plusieurs organisations partenaires qui assistent les r\u00e9fugi\u00e9s et les demandeurs d&rsquo;asile, et leur apporte l&rsquo;aide sociale et juridique. Il existe \u00e9galement des avocats associ\u00e9s pouvant fournir une assistance juridique \u00e0 Chernihiv, Lviv et Loutsk. Les partenaires juridiques fournissent une assistance juridique aux demandeurs d&rsquo;asile pendant la proc\u00e9dure [&hellip;]<\/p>\n","protected":false},"author":1,"featured_media":0,"parent":197,"menu_order":1,"comment_status":"closed","ping_status":"closed","template":"","meta":{"_acf_changed":false,"footnotes":""},"class_list":["post-202","page","type-page","status-publish","hentry"],"acf":[],"_links":{"self":[{"href":"https:\/\/help.unhcr.org\/ukraine\/fr\/wp-json\/wp\/v2\/pages\/202","targetHints":{"allow":["GET"]}}],"collection":[{"href":"https:\/\/help.unhcr.org\/ukraine\/fr\/wp-json\/wp\/v2\/pages"}],"about":[{"href":"https:\/\/help.unhcr.org\/ukraine\/fr\/wp-json\/wp\/v2\/types\/page"}],"author":[{"embeddable":true,"href":"https:\/\/help.unhcr.org\/ukraine\/fr\/wp-json\/wp\/v2\/users\/1"}],"replies":[{"embeddable":true,"href":"https:\/\/help.unhcr.org\/ukraine\/fr\/wp-json\/wp\/v2\/comments?post=202"}],"version-history":[{"count":11,"href":"https:\/\/help.unhcr.org\/ukraine\/fr\/wp-json\/wp\/v2\/pages\/202\/revisions"}],"predecessor-version":[{"id":3347,"href":"https:\/\/help.unhcr.org\/ukraine\/fr\/wp-json\/wp\/v2\/pages\/202\/revisions\/3347"}],"up":[{"embeddable":true,"href":"https:\/\/help.unhcr.org\/ukraine\/fr\/wp-json\/wp\/v2\/pages\/197"}],"wp:attachment":[{"href":"https:\/\/help.unhcr.org\/ukraine\/fr\/wp-json\/wp\/v2\/media?parent=202"}],"curies":[{"name":"wp","href":"https:\/\/api.w.org\/{rel}","templated":true}]}}