{"id":200,"date":"2018-07-13T09:22:48","date_gmt":"2018-07-13T09:22:48","guid":{"rendered":"http:\/\/help.unhcr.org\/ukraine\/?page_id=200"},"modified":"2018-08-07T09:56:46","modified_gmt":"2018-08-07T09:56:46","slug":"gouvernement-de-lukraine","status":"publish","type":"page","link":"https:\/\/help.unhcr.org\/ukraine\/fr\/ou-trouver-de-laide-en-ukraine\/gouvernement-de-lukraine\/","title":{"rendered":"Gouvernement de l&rsquo;Ukraine"},"content":{"rendered":"<p>Le Service national des migrations (SMS) de l&rsquo;Ukraine est la seule institution \u00a0gouvernementale qui peut vous accorder le statut de protection en Ukraine (statut de r\u00e9fugi\u00e9 ou d\u2019autres statuts de protection compl\u00e9mentaires) et vous accorder le droit l\u00e9gal de rester en Ukraine. Le HCR peut uniquement aider les demandeurs d&rsquo;asile dans leur proc\u00e9dure aupr\u00e8s du Service national des migrations et soutenir les cas qui lui sont pr\u00e9sent\u00e9 par le biais des proc\u00e9dures l\u00e9gales.<\/p>\n<p>Vous devez adresser votre demande d&rsquo;asile en personne au <strong>d\u00e9partement des r\u00e9fugi\u00e9s du Service national des migrations dans la r\u00e9gion de Kiev<\/strong>:<\/p>\n<p>34, Boulevard Lesi Ukrainky, entr\u00e9e 2, bureau 314, Kiev<br \/>\n<strong>T\u00e9l .:<\/strong> +38 (044) 285 03 56<br \/>\n<strong>Courriel:<\/strong> <a href=\"mailto:kv_ref@dmsu.gov.ua\">kv_ref@dmsu.gov.ua<\/a><br \/>\n<strong>Site Web:<\/strong> <a href=\"https:\/\/dmsu.gov.ua\/en-home.html\" target=\"_blank\" rel=\"noopener\">https:\/\/dmsu.gov.ua\/en-home.html<\/a><\/p>\n<p><strong>Une liste de tous les bureaux de SMS dans les 11 autres r\u00e9gions de l&rsquo;Ukraine<\/strong> ainsi que <strong>plus de d\u00e9tails sur la proc\u00e9dure d&rsquo;asile<\/strong> peut \u00eatre trouv\u00e9e dans la <strong>brochure d&rsquo;asile<\/strong>:<\/p>\n<p>\u2022 <a href=\"https:\/\/help.unhcr.org\/ukraine\/wp-content\/uploads\/sites\/36\/2018\/07\/Asylum_leaflet_ENG.pdf\" target=\"_blank\" rel=\"noopener\">Anglais<\/a><br \/>\n\u2022 <a href=\"https:\/\/help.unhcr.org\/ukraine\/wp-content\/uploads\/sites\/36\/2018\/07\/Asylum_leaflet_Arab.pdf\" target=\"_blank\" rel=\"noopener\">Arabe<\/a><\/p>\n<p>Les organisations partenaires du HCR peuvent vous fournir des consultations gratuites sur le Service national des migrations et la proc\u00e9dure d&rsquo;asile en Ukraine.<\/p>\n","protected":false},"excerpt":{"rendered":"<p>Le Service national des migrations (SMS) de l&rsquo;Ukraine est la seule institution \u00a0gouvernementale qui peut vous accorder le statut de protection en Ukraine (statut de r\u00e9fugi\u00e9 ou d\u2019autres statuts de protection compl\u00e9mentaires) et vous accorder le droit l\u00e9gal de rester en Ukraine. Le HCR peut uniquement aider les demandeurs d&rsquo;asile dans leur proc\u00e9dure aupr\u00e8s du [&hellip;]<\/p>\n","protected":false},"author":1,"featured_media":0,"parent":197,"menu_order":0,"comment_status":"closed","ping_status":"closed","template":"","meta":{"_acf_changed":false,"footnotes":""},"class_list":["post-200","page","type-page","status-publish","hentry"],"acf":[],"_links":{"self":[{"href":"https:\/\/help.unhcr.org\/ukraine\/fr\/wp-json\/wp\/v2\/pages\/200","targetHints":{"allow":["GET"]}}],"collection":[{"href":"https:\/\/help.unhcr.org\/ukraine\/fr\/wp-json\/wp\/v2\/pages"}],"about":[{"href":"https:\/\/help.unhcr.org\/ukraine\/fr\/wp-json\/wp\/v2\/types\/page"}],"author":[{"embeddable":true,"href":"https:\/\/help.unhcr.org\/ukraine\/fr\/wp-json\/wp\/v2\/users\/1"}],"replies":[{"embeddable":true,"href":"https:\/\/help.unhcr.org\/ukraine\/fr\/wp-json\/wp\/v2\/comments?post=200"}],"version-history":[{"count":4,"href":"https:\/\/help.unhcr.org\/ukraine\/fr\/wp-json\/wp\/v2\/pages\/200\/revisions"}],"predecessor-version":[{"id":604,"href":"https:\/\/help.unhcr.org\/ukraine\/fr\/wp-json\/wp\/v2\/pages\/200\/revisions\/604"}],"up":[{"embeddable":true,"href":"https:\/\/help.unhcr.org\/ukraine\/fr\/wp-json\/wp\/v2\/pages\/197"}],"wp:attachment":[{"href":"https:\/\/help.unhcr.org\/ukraine\/fr\/wp-json\/wp\/v2\/media?parent=200"}],"curies":[{"name":"wp","href":"https:\/\/api.w.org\/{rel}","templated":true}]}}