{"id":194,"date":"2018-07-13T09:18:56","date_gmt":"2018-07-13T09:18:56","guid":{"rendered":"http:\/\/help.unhcr.org\/ukraine\/?page_id=194"},"modified":"2018-08-07T15:10:40","modified_gmt":"2018-08-07T15:10:40","slug":"bienvenue","status":"publish","type":"page","link":"https:\/\/help.unhcr.org\/ukraine\/fr\/","title":{"rendered":"Bienvenue"},"content":{"rendered":"<p>Le HCR, l\u2019Agence des Nations Unies pour les r\u00e9fugi\u00e9s a cr\u00e9\u00e9 le site web help.unhcr.org\/ukraine pour les r\u00e9fugi\u00e9s et les demandeurs d&rsquo;asile en Ukraine. Ce site fournit des informations pertinentes pour les demandeurs d&rsquo;asile et les r\u00e9fugi\u00e9s, y compris des r\u00e9ponses aux questions suivantes:<\/p>\n<p>\u2022 <a href=\"https:\/\/help.unhcr.org\/ukraine\/fr\/ou-trouver-de-laide-en-ukraine\/\">O\u00f9 trouver de l&rsquo;aide en Ukraine?<\/a><br \/>\n\u2022 <a href=\"https:\/\/help.unhcr.org\/ukraine\/fr\/asile-en-ukraine\/\">Comment demander l&rsquo;asile en Ukraine?<\/a><br \/>\n\u2022 <a href=\"https:\/\/help.unhcr.org\/ukraine\/fr\/solutions-a-long-terme-pour-les-refugies\/resettlement\/\">Quelle est la situation de r\u00e9installation tiers personnes en Ukraine?<\/a><br \/>\n\u2022 <a href=\"https:\/\/help.unhcr.org\/ukraine\/fr\/solutions-a-long-terme-pour-les-refugies\/rapatriement-volontaire\/\">Comment obtenir des informations sur les retours volontaires?<\/a><br \/>\n\u2022\u00a0 <a href=\"https:\/\/help.unhcr.org\/ukraine\/fr\/solutions-a-long-terme-pour-les-refugies\/integration-locale\/\">L\u2019int\u00e9gration locale pour les demandeurs d&rsquo;asile et les r\u00e9fugi\u00e9s en Ukraine<\/a><br \/>\n\u2022 <a href=\"https:\/\/help.unhcr.org\/ukraine\/fr\/les-droits-et-les-obligations\/\">Quels droits et devoirs vous avez au cours de la proc\u00e9dure d&rsquo;asile et apr\u00e8s votre reconnaissance en tant que r\u00e9fugi\u00e9?<\/a><br \/>\n\u2022 <a href=\"https:\/\/help.unhcr.org\/ukraine\/fr\/programmes-de-soutien\/\">Comment obtenir des informations sur les diff\u00e9rents programmes existant en Ukraine et qui peuvent vous apporter des supports?<\/a><br \/>\n\u2022 <a href=\"https:\/\/help.unhcr.org\/ukraine\/fr\/a-propos-du-hcr-en-ukraine\/\">R\u00f4le et activit\u00e9s du HCR en Ukraine?<\/a><\/p>\n","protected":false},"excerpt":{"rendered":"<p>Le HCR, l\u2019Agence des Nations Unies pour les r\u00e9fugi\u00e9s a cr\u00e9\u00e9 le site web help.unhcr.org\/ukraine pour les r\u00e9fugi\u00e9s et les demandeurs d&rsquo;asile en Ukraine. Ce site fournit des informations pertinentes pour les demandeurs d&rsquo;asile et les r\u00e9fugi\u00e9s, y compris des r\u00e9ponses aux questions suivantes: \u2022 O\u00f9 trouver de l&rsquo;aide en Ukraine? \u2022 Comment demander l&rsquo;asile [&hellip;]<\/p>\n","protected":false},"author":1,"featured_media":0,"parent":0,"menu_order":1,"comment_status":"closed","ping_status":"closed","template":"","meta":{"_acf_changed":false,"footnotes":""},"class_list":["post-194","page","type-page","status-publish","hentry"],"acf":[],"_links":{"self":[{"href":"https:\/\/help.unhcr.org\/ukraine\/fr\/wp-json\/wp\/v2\/pages\/194","targetHints":{"allow":["GET"]}}],"collection":[{"href":"https:\/\/help.unhcr.org\/ukraine\/fr\/wp-json\/wp\/v2\/pages"}],"about":[{"href":"https:\/\/help.unhcr.org\/ukraine\/fr\/wp-json\/wp\/v2\/types\/page"}],"author":[{"embeddable":true,"href":"https:\/\/help.unhcr.org\/ukraine\/fr\/wp-json\/wp\/v2\/users\/1"}],"replies":[{"embeddable":true,"href":"https:\/\/help.unhcr.org\/ukraine\/fr\/wp-json\/wp\/v2\/comments?post=194"}],"version-history":[{"count":5,"href":"https:\/\/help.unhcr.org\/ukraine\/fr\/wp-json\/wp\/v2\/pages\/194\/revisions"}],"predecessor-version":[{"id":649,"href":"https:\/\/help.unhcr.org\/ukraine\/fr\/wp-json\/wp\/v2\/pages\/194\/revisions\/649"}],"wp:attachment":[{"href":"https:\/\/help.unhcr.org\/ukraine\/fr\/wp-json\/wp\/v2\/media?parent=194"}],"curies":[{"name":"wp","href":"https:\/\/api.w.org\/{rel}","templated":true}]}}