{"id":167,"date":"2017-05-15T13:29:51","date_gmt":"2017-05-15T13:29:51","guid":{"rendered":"http:\/\/help.unhcr.org\/turkey\/welcome-2\/"},"modified":"2026-04-21T08:41:11","modified_gmt":"2026-04-21T08:41:11","slug":"welcome","status":"publish","type":"page","link":"https:\/\/help.unhcr.org\/turkiye\/tr\/welcome\/","title":{"rendered":"Ho\u015f geldiniz"},"content":{"rendered":"\t\t<div\n\t\t\tclass=\"unhcr-full-width-section heading-banner my-0 pb-30 wp-block-help-unhcr-heading-banner\" id=\"heading-banner-d84afdd3-057b-40a1-b10d-36f316eb51f7\"\t\t>\t\n\t\t\t<div class=\"heading-banner__heading py-30 bg-primary text-white\">\n\t\t\t\t<div class=\"container-fluid\">\n\t\t\t\t\t\t\t\t\t\t\t\t\t\t\t\t<h2  class=\"heading-banner__title mb-30 pb-20 text-white h1 \">\n\t\t\t\t\t\t\tT\u00fcrkiye&#8217;deki m\u00fclteciler, s\u0131\u011f\u0131nmac\u0131lar, \u00fclke i\u00e7inde yerinden edilmi\u015f ve vatans\u0131z ki\u015filer icin bilgi\t\t\t\t\t\t<\/h2>\n\t\t\t\t\t\t\t\t\t\t<div class=\"row g-30 \">\n\t\t\t\t\t\t\n\n<p>BM M\u00fclteciler Y\u00fcksek Komiserli\u011fi (UNHCR) taraf\u0131ndan sa\u011flanm\u0131\u015ft\u0131r.<\/p>\n\n\t\t\t\t\t<\/div>\n\t\t\t\t<\/div>\n\t\t\t<\/div>\n\t\t<\/div>\n\t\t\n\n\t\t<div\n\t\t\tclass=\"topic-listing topic-listing__list-wrap content-listing__seven-styles content-listing__icon-style    wp-block-help-unhcr-topic-listing\"\t\t\t\t\t>\t\n\t\t\t\t\t\t\t\t\t\t\t\t\t<div class=\"topic-listing__row  row g-16 content-listing__icon-style\">\n\t\t\t\t\t\t\t\t\t\t\t<div class=\" btn-primary content-listing__item show-items-hover-wrap btn-has-center-icon col-sm-6 col-md-4 col-lg-3 col-xl-2 col-xxl-2\">\n\t\t\t\t\t\t\t<div class=\"btn rounded fw-bolder button-block-a__inner btn-primary text-center\">\n\t\t\t\t\t\t\t\t\t\t\t\t\t\t\t\t\n\t\t\t\t\t\t\t\t\t\t\t\t\t\t\t\t\t<div class='button-block-a__inner-icon p-16 help-topic-svg-icon-wrap'>\n\t\t\t\t\t\t\t\t\t\t<img decoding=\"async\" src=\"https:\/\/help.unhcr.org\/turkiye\/wp-content\/themes\/help-unhcr\/images\/icons\/white\/Services.svg\" class=\"help-topic-svg-icon \" alt=\"Services icon\">\t\t\t\t\t\t\t\t\t<\/div>\n\t\t\t\t\t\t\t\t\n\t\t\t\t\t\t\t\t\n\t\t\t\t\t\t\t\t\n\t\t\t\t\t\t\t\t\t\t\t\t\t\t\t\t\t\t\t\t\t\t\t\t\t\t\t\t\t\t\t\t\t\t\t\t\t\t\t\t\t\t\t\t\t\t\t\t\t\t\t\t\t<p class=\"button-block-a__inner-text  p-10 d-flex align-items-center justify-content-center\">\n\t\t\t\t\t\t\t\t\t\t<a href=\"https:\/\/help.unhcr.org\/turkiye\/tr\/turkiyedeki-hizmetler\/\" >T\u00fcrkiye&#8217;deki hizmetler<\/a>\n\t\t\t\t\t\t\t\t\t<\/p>\n\t\t\t\t\t\t\t\t\t\t\t\t\t\t\t\t\t\t\t\t\t\t\t\t<\/div>\n\t\t\t\t\t\t<\/div>\n\t\t\t\t\t\t\t\t\t\t\t\t<div class=\" btn-primary content-listing__item show-items-hover-wrap btn-has-center-icon col-sm-6 col-md-4 col-lg-3 col-xl-2 col-xxl-2\">\n\t\t\t\t\t\t\t<div class=\"btn rounded fw-bolder button-block-a__inner btn-primary text-center\">\n\t\t\t\t\t\t\t\t\t\t\t\t\t\t\t\t\n\t\t\t\t\t\t\t\t\t\t\t\t\t\t\t\t\t<div class='button-block-a__inner-icon p-16 help-topic-svg-icon-wrap'>\n\t\t\t\t\t\t\t\t\t\t<img decoding=\"async\" src=\"https:\/\/help.unhcr.org\/turkiye\/wp-content\/themes\/help-unhcr\/images\/icons\/white\/Global.svg\" class=\"help-topic-svg-icon \" alt=\"Global icon\">\t\t\t\t\t\t\t\t\t<\/div>\n\t\t\t\t\t\t\t\t\n\t\t\t\t\t\t\t\t\n\t\t\t\t\t\t\t\t\n\t\t\t\t\t\t\t\t\t\t\t\t\t\t\t\t\t\t\t\t\t\t\t\t\t\t\t\t\t\t\t\t\t\t\t\t\t\t\t\t\t\t\t\t\t\t\t\t\t\t\t\t\t<p class=\"button-block-a__inner-text  p-10 d-flex align-items-center justify-content-center\">\n\t\t\t\t\t\t\t\t\t\t<a href=\"https:\/\/help.unhcr.org\/turkiye\/tr\/information-for-syrians\/\" >Suriyelilere y\u00f6nelik kilit bilgiler<\/a>\n\t\t\t\t\t\t\t\t\t<\/p>\n\t\t\t\t\t\t\t\t\t\t\t\t\t\t\t\t\t\t\t\t\t\t\t\t<\/div>\n\t\t\t\t\t\t<\/div>\n\t\t\t\t\t\t\t\t\t\t\t\t<div class=\" btn-primary content-listing__item show-items-hover-wrap btn-has-center-icon col-sm-6 col-md-4 col-lg-3 col-xl-2 col-xxl-2\">\n\t\t\t\t\t\t\t<div class=\"btn rounded fw-bolder button-block-a__inner btn-primary text-center\">\n\t\t\t\t\t\t\t\t\t\t\t\t\t\t\t\t\n\t\t\t\t\t\t\t\t\t\t\t\t\t\t\t\t\t<div class='button-block-a__inner-icon p-16 help-topic-svg-icon-wrap'>\n\t\t\t\t\t\t\t\t\t\t<img decoding=\"async\" src=\"https:\/\/help.unhcr.org\/turkiye\/wp-content\/themes\/help-unhcr\/images\/icons\/white\/Global.svg\" class=\"help-topic-svg-icon \" alt=\"Global icon\">\t\t\t\t\t\t\t\t\t<\/div>\n\t\t\t\t\t\t\t\t\n\t\t\t\t\t\t\t\t\n\t\t\t\t\t\t\t\t\n\t\t\t\t\t\t\t\t\t\t\t\t\t\t\t\t\t\t\t\t\t\t\t\t\t\t\t\t\t\t\t\t\t\t\t\t\t\t\t\t\t\t\t\t\t\t\t\t\t\t\t\t\t<p class=\"button-block-a__inner-text  p-10 d-flex align-items-center justify-content-center\">\n\t\t\t\t\t\t\t\t\t\t<a href=\"https:\/\/help.unhcr.org\/turkiye\/tr\/information-for-non-syrians\/\" >Suriyeli olmayanlara y\u00f6nelik kilit bilgiler<\/a>\n\t\t\t\t\t\t\t\t\t<\/p>\n\t\t\t\t\t\t\t\t\t\t\t\t\t\t\t\t\t\t\t\t\t\t\t\t<\/div>\n\t\t\t\t\t\t<\/div>\n\t\t\t\t\t\t\t\t\t\t\t\t<div class=\" btn-primary content-listing__item show-items-hover-wrap btn-has-center-icon col-sm-6 col-md-4 col-lg-3 col-xl-2 col-xxl-2\">\n\t\t\t\t\t\t\t<div class=\"btn rounded fw-bolder button-block-a__inner btn-primary text-center\">\n\t\t\t\t\t\t\t\t\t\t\t\t\t\t\t\t\n\t\t\t\t\t\t\t\t\t\t\t\t\t\t\t\t\t<div class='button-block-a__inner-icon p-16 help-topic-svg-icon-wrap'>\n\t\t\t\t\t\t\t\t\t\t<img decoding=\"async\" src=\"https:\/\/help.unhcr.org\/turkiye\/wp-content\/themes\/help-unhcr\/images\/icons\/white\/Resettlement.svg\" class=\"help-topic-svg-icon \" alt=\"Resettlement icon\">\t\t\t\t\t\t\t\t\t<\/div>\n\t\t\t\t\t\t\t\t\n\t\t\t\t\t\t\t\t\n\t\t\t\t\t\t\t\t\n\t\t\t\t\t\t\t\t\t\t\t\t\t\t\t\t\t\t\t\t\t\t\t\t\t\t\t\t\t\t\t\t\t\t\t\t\t\t\t\t\t\t\t\t\t\t\t\t\t\t\t\t\t<p class=\"button-block-a__inner-text  p-10 d-flex align-items-center justify-content-center\">\n\t\t\t\t\t\t\t\t\t\t<a href=\"https:\/\/help.unhcr.org\/turkiye\/tr\/resettlement\/\" >\u00dc\u00e7\u00fcnc\u00fc \u00fclkeye yerle\u015ftirme<\/a>\n\t\t\t\t\t\t\t\t\t<\/p>\n\t\t\t\t\t\t\t\t\t\t\t\t\t\t\t\t\t\t\t\t\t\t\t\t<\/div>\n\t\t\t\t\t\t<\/div>\n\t\t\t\t\t\t\t\t\t\t\t\t<div class=\" btn-primary content-listing__item show-items-hover-wrap btn-has-center-icon col-sm-6 col-md-4 col-lg-3 col-xl-2 col-xxl-2\">\n\t\t\t\t\t\t\t<div class=\"btn rounded fw-bolder button-block-a__inner btn-primary text-center\">\n\t\t\t\t\t\t\t\t\t\t\t\t\t\t\t\t\n\t\t\t\t\t\t\t\t\t\t\t\t\t\t\t\t\t<div class='button-block-a__inner-icon p-16 help-topic-svg-icon-wrap'>\n\t\t\t\t\t\t\t\t\t\t<img decoding=\"async\" src=\"https:\/\/help.unhcr.org\/turkiye\/wp-content\/themes\/help-unhcr\/images\/icons\/white\/Fraud_misconduct_c.svg\" class=\"help-topic-svg-icon \" alt=\"Fraud_misconduct_c icon\">\t\t\t\t\t\t\t\t\t<\/div>\n\t\t\t\t\t\t\t\t\n\t\t\t\t\t\t\t\t\n\t\t\t\t\t\t\t\t\n\t\t\t\t\t\t\t\t\t\t\t\t\t\t\t\t\t\t\t\t\t\t\t\t\t\t\t\t\t\t\t\t\t\t\t\t\t\t\t\t\t\t\t\t\t\t\t\t\t\t\t\t\t<p class=\"button-block-a__inner-text  p-10 d-flex align-items-center justify-content-center\">\n\t\t\t\t\t\t\t\t\t\t<a href=\"https:\/\/help.unhcr.org\/turkiye\/tr\/reporting-fraud-corruption\/\" >Doland\u0131r\u0131c\u0131l\u0131\u011f\u0131 ve yolsuzlu\u011fu ihbar etme<\/a>\n\t\t\t\t\t\t\t\t\t<\/p>\n\t\t\t\t\t\t\t\t\t\t\t\t\t\t\t\t\t\t\t\t\t\t\t\t<\/div>\n\t\t\t\t\t\t<\/div>\n\t\t\t\t\t\t\t\t\t\t\t\t<div class=\" btn-primary content-listing__item show-items-hover-wrap btn-has-center-icon col-sm-6 col-md-4 col-lg-3 col-xl-2 col-xxl-2\">\n\t\t\t\t\t\t\t<div class=\"btn rounded fw-bolder button-block-a__inner btn-primary text-center\">\n\t\t\t\t\t\t\t\t\t\t\t\t\t\t\t\t\n\t\t\t\t\t\t\t\t\t\t\t\t\t\t\t\t\t<div class='button-block-a__inner-icon p-16 help-topic-svg-icon-wrap'>\n\t\t\t\t\t\t\t\t\t\t<img decoding=\"async\" src=\"https:\/\/help.unhcr.org\/turkiye\/wp-content\/themes\/help-unhcr\/images\/icons\/white\/Skill_share.svg\" class=\"help-topic-svg-icon \" alt=\"Skill_share icon\">\t\t\t\t\t\t\t\t\t<\/div>\n\t\t\t\t\t\t\t\t\n\t\t\t\t\t\t\t\t\n\t\t\t\t\t\t\t\t\n\t\t\t\t\t\t\t\t\t\t\t\t\t\t\t\t\t\t\t\t\t\t\t\t\t\t\t\t\t\t\t\t\t\t\t\t\t\t\t\t\t\t\t\t\t\t\t\t\t\t\t\t\t<p class=\"button-block-a__inner-text  p-10 d-flex align-items-center justify-content-center\">\n\t\t\t\t\t\t\t\t\t\t<a href=\"https:\/\/help.unhcr.org\/turkiye\/tr\/how-to-report-sea\/\" >Cinsel s\u00f6m\u00fcr\u00fc ve istismarla ilgili nas\u0131l \u015fik\u00e2yette bulunabilirim?<\/a>\n\t\t\t\t\t\t\t\t\t<\/p>\n\t\t\t\t\t\t\t\t\t\t\t\t\t\t\t\t\t\t\t\t\t\t\t\t<\/div>\n\t\t\t\t\t\t<\/div>\n\t\t\t\t\t\t\t\t\t\t<\/div>\n\t\t\t\t\t<\/div>\n\t\t\n\n\n<p>BM M\u00fclteci \u00d6rg\u00fct\u00fc UNHCR taraf\u0131ndan y\u00f6netilen \u201cHelp\u201d (Yard\u0131m) sayfas\u0131na&nbsp;ho\u015f geldiniz! M\u00fclteciler ve s\u0131\u011f\u0131nmac\u0131lar; haklar\u0131, y\u00fck\u00fcml\u00fcl\u00fckleri ve kendilerine sunulan hizmetlere ili\u015fkin daha fazla bilgi sahibi olmalar\u0131na yard\u0131mc\u0131 olacak bilgilere buradan eri\u015febilirler. \u0130nternet sitesini inceleyin ve <a href=\"https:\/\/help.unhcr.org\/turkiye\/tr\/turkiyedeki-hizmetler\/how-to-seek-help\/\">daha fazla yard\u0131m i\u00e7in nereye gidebilece\u011finiz<\/a> de d\u00e2hil olmak \u00fczere T\u00fcrkiye\u2019de kal\u0131\u015f\u0131n\u0131z hakk\u0131nda \u00f6\u011frenmeye ihtiya\u00e7 duyabilece\u011finiz \u015feyleri ke\u015ffedin.<\/p>\n\n\n\n<h2 class=\"wp-block-heading\">\u00d6nemli konular hakk\u0131nda bilgi edinin<\/h2>\n\n\n\n<ul class=\"wp-block-list\">\n<li>T\u00fcrkiye\u2019de ge\u00e7ici koruma kapsam\u0131nda bulunan bir Suriyeli misiniz? <a href=\"https:\/\/help.unhcr.org\/turkiye\/tr\/information-for-syrians\/reception-and-registration-with-the-turkish-authorities\/\">T\u00fcrk makamlar\u0131 taraf\u0131ndan kay\u0131t<\/a>, <a href=\"https:\/\/help.unhcr.org\/turkiye\/tr\/information-for-syrians\/rights-and-obligations\/\">\u00fclkedeki haklar\u0131n\u0131z ve y\u00fck\u00fcml\u00fcl\u00fckleriniz<\/a>, <a href=\"https:\/\/help.unhcr.org\/turkiye\/tr\/information-for-syrians\/education\/\">e\u011fitim ve \u00f6\u011frenim f\u0131rsatlar\u0131<\/a>, <a href=\"\/turkiye\/tr\/?page_id=258\">\u00e7al\u0131\u015fma alan\u0131ndaki d\u00fczenlemeler<\/a> ve <a href=\"\/turkiye\/tr\/?page_id=261\">t\u0131bbi ve psikolojik yard\u0131m<\/a> d\u00e2hil olmak \u00fczere sizi etkileyen \u00f6nemli konular hakk\u0131nda bilgi edinin.<\/li>\n\n\n\n<li>T\u00fcrkiye\u2019de uluslararas\u0131 koruma kapsam\u0131nda bulunan bir m\u00fclteci veya s\u0131\u011f\u0131nmac\u0131 m\u0131s\u0131n\u0131z? <a href=\"https:\/\/help.unhcr.org\/turkiye\/tr\/information-for-non-syrians\/registration-rsd-with-unhcr\/\">UNHCR taraf\u0131ndan kay\u0131t<\/a>, <a href=\"https:\/\/help.unhcr.org\/turkiye\/tr\/information-for-syrians\/reception-and-registration-with-the-turkish-authorities\/\">T\u00fcrk makamlar\u0131 taraf\u0131ndan kay\u0131t<\/a>, <a href=\"https:\/\/help.unhcr.org\/turkiye\/tr\/information-for-non-syrians\/rights-and-obligations\/\">\u00fclkedeki haklar\u0131n\u0131z ve y\u00fck\u00fcml\u00fcl\u00fckleriniz<\/a>, <a href=\"https:\/\/help.unhcr.org\/turkiye\/tr\/information-for-non-syrians\/education\/\">e\u011fitim ve \u00f6\u011frenim f\u0131rsatlar\u0131<\/a>, <a href=\"\/turkiye\/tr\/?page_id=258\">\u00e7al\u0131\u015fma alan\u0131ndaki d\u00fczenlemeler<\/a> ve <a href=\"https:\/\/help.unhcr.org\/turkiye\/tr\/turkiyedeki-hizmetler\/medical-and-psychological-assistance\/\">t\u0131bbi ve psikolojik yard\u0131m<\/a> d\u00e2hil olmak \u00fczere sizi etkileyen \u00f6nemli konular hakk\u0131nda bilgi edinin.<\/li>\n\n\n\n<li>Sizi etkileyen sosyal, ekonomik ve medeni konular hakk\u0131nda daha fazla bilgi sahibi olmak ister misiniz? <a href=\"https:\/\/help.unhcr.org\/turkiye\/tr\/turkiyedeki-hizmetler\/social-economic-and-civil-matters\/birth-registration\/\">Do\u011fum kayd\u0131<\/a>, <a href=\"https:\/\/help.unhcr.org\/turkiye\/tr\/turkiyedeki-hizmetler\/social-economic-and-civil-matters\/marriage-and-divorce\/\">evlilik ve bo\u015fanma usulleri<\/a>, <a href=\"https:\/\/help.unhcr.org\/turkiye\/tr\/turkiyedeki-hizmetler\/social-economic-and-civil-matters\/sexual-and-gender-based-violence\/\">cinsel ve toplumsal cinsiyete dayal\u0131 \u015fiddet<\/a>, <a href=\"https:\/\/help.unhcr.org\/turkiye\/tr\/turkiyedeki-hizmetler\/social-economic-and-civil-matters\/legal-aid\/\">adli yard\u0131m<\/a> ve <a href=\"https:\/\/help.unhcr.org\/turkiye\/tr\/turkiyedeki-hizmetler\/social-economic-and-civil-matters\/social-and-financial-assistance\/\">sosyal ve mali yard\u0131m<\/a> d\u00e2hil olmak \u00fczere \u00f6nemli konular hakk\u0131nda bilgi edinin.<\/li>\n<\/ul>\n\n\n\n<p>L\u00fctfen ilgili bilgileri aileniz ve arkada\u015flar\u0131n\u0131zla payla\u015f\u0131n ve haberler ve geli\u015fmeler konusunda g\u00fcncel bilgilere sahip olmak i\u00e7in siteyi ziyaret edin.<\/p>\n\n\n\n<h2 class=\"wp-block-heading\">Daha fazla bilgi almak m\u0131 istiyorsunuz? Di\u011fer internet sayfalar\u0131m\u0131z\u0131 ziyaret edin.<\/h2>\n\n\n\n<p>Yak\u0131n\u0131n\u0131zdaki mevcut hizmetler ve yard\u0131mlar konusunda daha fazla bilgi almak istiyorsan\u0131z, T\u00fcrkiye\u2019ye y\u00f6nelik <a href=\"https:\/\/turkiye.servicesadvisor.net\/tr\">Hizmet Dan\u0131\u015fmanl\u0131\u011f\u0131<\/a> internet sayfas\u0131n\u0131 ziyaret edin. Bu sayfadan, irtibat bilgileri ve a\u00e7\u0131k olduklar\u0131 saatler de d\u00e2hil olmak \u00fczere, bulundu\u011funuz b\u00f6lgedeki hizmet sa\u011flay\u0131c\u0131lara ili\u015fkin bilgileri ara\u015ft\u0131r\u0131p bulabilirsiniz.<\/p>\n\n\n\n<figure class=\"wp-block-embed is-type-video is-provider-vimeo wp-block-embed-vimeo wp-embed-aspect-16-9 wp-has-aspect-ratio\"><div class=\"wp-block-embed__wrapper\">\n<iframe loading=\"lazy\" title=\"Hizmet Dan\u0131\u015fmanl\u0131g\u0131 \/ Services Advisor (T\u00fcrk\u00e7e; Altyaz\u0131l\u0131)\" src=\"https:\/\/player.vimeo.com\/video\/342963151?dnt=1&amp;app_id=122963\" width=\"1240\" height=\"698\" frameborder=\"0\" allow=\"autoplay; fullscreen; picture-in-picture; clipboard-write; encrypted-media; web-share\" referrerpolicy=\"strict-origin-when-cross-origin\"><\/iframe>\n<\/div><\/figure>\n\n\n\n<p>Haklar\u0131n\u0131z, y\u00fck\u00fcml\u00fcl\u00fckleriniz ve sunulan hizmetlerle ilgili bilgilerden haberdar olmak i\u00e7in Facebook <a href=\"https:\/\/www.facebook.com\/unhcrturkiyeinfo\/\">information board<\/a> sayfam\u0131z\u0131 takip edin<\/p>\n\n\n\n<p>UNHCR Dan\u0131\u015fma Hatt\u0131na 4444868&#8217;den ula\u015f\u0131labilir. Pazartesiden per\u015fembeye 9.00 &#8211; 17.00 ve cuma g\u00fcnleri 9.00 &#8211; 16.00 saatleri aras\u0131nda hizmet vermektedir. Arap\u00e7a, Fars\u00e7a, T\u00fcrk\u00e7e ve \u0130ngilizce dillerinde dan\u0131\u015fmanl\u0131k alabilirsiniz. Frans\u0131zca, Urduca, K\u00fcrt\u00e7e ve Somalice konu\u015fan dan\u0131\u015fmanlar talep \u00fczerine temin edilebilir.<\/p>\n\n\n\n<figure class=\"wp-block-embed is-type-video is-provider-vimeo wp-block-embed-vimeo wp-embed-aspect-16-9 wp-has-aspect-ratio\"><div class=\"wp-block-embed__wrapper\">\n<iframe loading=\"lazy\" title=\"Dan\u0131\u015fma Hatt\u0131 - T\u00fcrk\u00e7e\" src=\"https:\/\/player.vimeo.com\/video\/438112269?dnt=1&amp;app_id=122963\" width=\"1240\" height=\"698\" frameborder=\"0\" allow=\"autoplay; fullscreen; picture-in-picture; clipboard-write; encrypted-media; web-share\" referrerpolicy=\"strict-origin-when-cross-origin\"><\/iframe>\n<\/div><\/figure>\n\n\n\n<p>UNHCR T\u00fcrkiye\u2019de bireysel dosyan\u0131z bulunuyorsa ve dosyan\u0131za ili\u015fkin ilerlemeler hakk\u0131nda bilgi almak istiyorsan\u0131z, <a href=\"https:\/\/results.unhcr.org.tr\/\">\u2018Sonu\u00e7\u2019 sayfas\u0131<\/a>n\u0131 ziyaret edin.<\/p>\n\n\n\n<p>Son olarak, UNHCR\u2019nin T\u00fcrkiye\u2019deki rol\u00fc ve faaliyetleri hakk\u0131nda genel bilgi almak istiyorsan\u0131z, <a href=\"http:\/\/www.unhcr.org\/turkey\">UNHCR T\u00fcrkiye internet sayfas\u0131<\/a>n\u0131 ziyaret edin.<\/p>\n","protected":false},"excerpt":{"rendered":"<p>BM M\u00fclteci \u00d6rg\u00fct\u00fc UNHCR taraf\u0131ndan y\u00f6netilen \u201cHelp\u201d (Yard\u0131m) sayfas\u0131na&nbsp;ho\u015f geldiniz! M\u00fclteciler ve s\u0131\u011f\u0131nmac\u0131lar; haklar\u0131, y\u00fck\u00fcml\u00fcl\u00fckleri ve kendilerine sunulan hizmetlere ili\u015fkin daha fazla bilgi sahibi olmalar\u0131na yard\u0131mc\u0131 olacak bilgilere buradan eri\u015febilirler. \u0130nternet sitesini inceleyin ve daha fazla yard\u0131m i\u00e7in nereye gidebilece\u011finiz de d\u00e2hil olmak \u00fczere T\u00fcrkiye\u2019de kal\u0131\u015f\u0131n\u0131z hakk\u0131nda \u00f6\u011frenmeye ihtiya\u00e7 duyabilece\u011finiz \u015feyleri ke\u015ffedin. \u00d6nemli konular hakk\u0131nda [&hellip;]<\/p>\n","protected":false},"author":1,"featured_media":0,"parent":0,"menu_order":0,"comment_status":"closed","ping_status":"closed","template":"","meta":{"_acf_changed":false,"footnotes":""},"topics":[],"audiences":[],"class_list":["post-167","page","type-page","status-publish","hentry"],"acf":[],"_links":{"self":[{"href":"https:\/\/help.unhcr.org\/turkiye\/wp-json\/wp\/v2\/pages\/167","targetHints":{"allow":["GET"]}}],"collection":[{"href":"https:\/\/help.unhcr.org\/turkiye\/wp-json\/wp\/v2\/pages"}],"about":[{"href":"https:\/\/help.unhcr.org\/turkiye\/wp-json\/wp\/v2\/types\/page"}],"author":[{"embeddable":true,"href":"https:\/\/help.unhcr.org\/turkiye\/wp-json\/wp\/v2\/users\/1"}],"replies":[{"embeddable":true,"href":"https:\/\/help.unhcr.org\/turkiye\/wp-json\/wp\/v2\/comments?post=167"}],"version-history":[{"count":55,"href":"https:\/\/help.unhcr.org\/turkiye\/wp-json\/wp\/v2\/pages\/167\/revisions"}],"predecessor-version":[{"id":11308,"href":"https:\/\/help.unhcr.org\/turkiye\/wp-json\/wp\/v2\/pages\/167\/revisions\/11308"}],"wp:attachment":[{"href":"https:\/\/help.unhcr.org\/turkiye\/wp-json\/wp\/v2\/media?parent=167"}],"wp:term":[{"taxonomy":"topics","embeddable":true,"href":"https:\/\/help.unhcr.org\/turkiye\/wp-json\/wp\/v2\/topics?post=167"},{"taxonomy":"audiences","embeddable":true,"href":"https:\/\/help.unhcr.org\/turkiye\/wp-json\/wp\/v2\/audiences?post=167"}],"curies":[{"name":"wp","href":"https:\/\/api.w.org\/{rel}","templated":true}]}}