{"id":546,"date":"2018-12-14T22:05:04","date_gmt":"2018-12-14T22:05:04","guid":{"rendered":"http:\/\/help.unhcr.org\/trinidadandtobago\/?page_id=546"},"modified":"2024-01-02T16:12:31","modified_gmt":"2024-01-02T16:12:31","slug":"responsabilidades-de-refugiados","status":"publish","type":"page","link":"https:\/\/help.unhcr.org\/trinidadandtobago\/es\/rights-and-duties\/responsabilidades-de-refugiados\/","title":{"rendered":"Responsabilidades de Refugiados"},"content":{"rendered":"<p>Como refugiado usted tiene las siguientes obligaciones:<\/p>\n<ul>\n<li><strong>Respetar y acatar las leyes del pa\u00eds:<\/strong> es su deber respetar y acatar las leyes y regulaciones de Trinidad y Tobago y contribuir al mantenimiento del orden p\u00fablico.<\/li>\n<li><strong>Llevar su identificaci\u00f3n:<\/strong> debe asegurarse de que su documento de identificaci\u00f3n de ACNUR sea v\u00e1lido y debe llevarlo consigo EN TODO momento.<\/li>\n<li><strong>Llevar el documento emitido por el gobierno que le permita permanecer en Trinidad y Tobago en TODO momento: <\/strong>es posible que otras autoridades lo soliciten y puedan consultar con la Unidad de Refugiados de la Divisi\u00f3n de Inmigraci\u00f3n para verificar su estado en el pa\u00eds.<\/li>\n<li><strong>Debe informar <\/strong><strong>al <\/strong><a href=\"https:\/\/help.unhcr.org\/trinidadandtobago\/es\/acnur-y-sus-socios\/el-acnur\/\"><strong>ACNUR<\/strong><\/a> <strong>de cualquier cambio de n\u00famero de tel\u00e9fono o direcci\u00f3n.<\/strong> Es de suma importancia que los detalles que ha proporcionado a las instituciones que lo asisten se mantengan actualizados.<\/li>\n<li><strong>Como refugiado, es su responsabilidad asegurarse de no viajar a su pa\u00eds de origen.<\/strong> Si viaja a su pa\u00eds sin autorizaci\u00f3n, puede perder su condici\u00f3n de refugiado.<\/li>\n<\/ul>\n","protected":false},"excerpt":{"rendered":"<p>Como refugiado usted tiene las siguientes obligaciones: Respetar y acatar las leyes del pa\u00eds: es su deber respetar y acatar las leyes y regulaciones de Trinidad y Tobago y contribuir al mantenimiento del orden p\u00fablico. Llevar su identificaci\u00f3n: debe asegurarse de que su documento de identificaci\u00f3n de ACNUR sea v\u00e1lido y debe llevarlo consigo EN [&hellip;]<\/p>\n","protected":false},"author":22,"featured_media":0,"parent":345,"menu_order":3,"comment_status":"closed","ping_status":"closed","template":"","meta":{"_acf_changed":false,"footnotes":""},"class_list":["post-546","page","type-page","status-publish","hentry"],"acf":[],"_links":{"self":[{"href":"https:\/\/help.unhcr.org\/trinidadandtobago\/es\/wp-json\/wp\/v2\/pages\/546","targetHints":{"allow":["GET"]}}],"collection":[{"href":"https:\/\/help.unhcr.org\/trinidadandtobago\/es\/wp-json\/wp\/v2\/pages"}],"about":[{"href":"https:\/\/help.unhcr.org\/trinidadandtobago\/es\/wp-json\/wp\/v2\/types\/page"}],"author":[{"embeddable":true,"href":"https:\/\/help.unhcr.org\/trinidadandtobago\/es\/wp-json\/wp\/v2\/users\/22"}],"replies":[{"embeddable":true,"href":"https:\/\/help.unhcr.org\/trinidadandtobago\/es\/wp-json\/wp\/v2\/comments?post=546"}],"version-history":[{"count":4,"href":"https:\/\/help.unhcr.org\/trinidadandtobago\/es\/wp-json\/wp\/v2\/pages\/546\/revisions"}],"predecessor-version":[{"id":2535,"href":"https:\/\/help.unhcr.org\/trinidadandtobago\/es\/wp-json\/wp\/v2\/pages\/546\/revisions\/2535"}],"up":[{"embeddable":true,"href":"https:\/\/help.unhcr.org\/trinidadandtobago\/es\/wp-json\/wp\/v2\/pages\/345"}],"wp:attachment":[{"href":"https:\/\/help.unhcr.org\/trinidadandtobago\/es\/wp-json\/wp\/v2\/media?parent=546"}],"curies":[{"name":"wp","href":"https:\/\/api.w.org\/{rel}","templated":true}]}}