{"id":387,"date":"2017-11-28T10:26:19","date_gmt":"2017-11-28T10:26:19","guid":{"rendered":"http:\/\/help.unhcr.org\/trinidadandtobago\/support-programmes\/healthcare\/"},"modified":"2026-04-14T13:31:17","modified_gmt":"2026-04-14T13:31:17","slug":"healthcare","status":"publish","type":"page","link":"https:\/\/help.unhcr.org\/trinidadandtobago\/es\/where-to-seek-help\/healthcare\/","title":{"rendered":"Cuidado de la salud"},"content":{"rendered":"\n<p>La atenci\u00f3n primaria es brindada por hospitales p\u00fablicos y cl\u00ednicas en Trinidad y Tobago. La atenci\u00f3n a la Salud P\u00fablica es gratis para todos en Trinidad y Tobago y se proporciona sin cita previa. Los costos de los medicamentos recetados para los no ciudadanos normalmente no est\u00e1n cubiertos por los hospitales p\u00fablicos y las cl\u00ednicas y ciertos requisitos pueden ser necesarios para inscribirse en cl\u00ednicas. Visite <a href=\"https:\/\/help.unhcr.org\/trinidadandtobago\/es\/preguntas-frecuentes\/acceso-a-la-salud-en-trinidad-y-tobago\/\">Acceso a la salud en Trinidad y Tobago<\/a> para obtener m\u00e1s informaci\u00f3n.<\/p>\n\n\n\n<p>Hay algunos hospitales importantes en todo el pa\u00eds, as\u00ed como centros de salud y cl\u00ednicas m\u00e1s peque\u00f1os ubicados en todo el pa\u00eds. Los principales hospitales p\u00fablicos en Trinidad y Tobago son:<\/p>\n\n \n<div id=\"q-and-a-1\" class=\"wp-block-help-unhcr-q-and-a q-and-a \"><div class=\"accordion\" id=unhcr-help-q-and-a-1 itemscope itemtype=\"https:\/\/schema.org\/FAQPage\">\n\n    <div class=\"wp-block-help-unhcr-q-and-a-inner q-and-a-inner accordion-item my-10 active\" id=\"qa-2\" data-item-content=\"q-and-a-item-1\" itemscope itemprop=\"mainEntity\" itemtype=\"https:\/\/schema.org\/Question\"><h3 class=\"accordion-header\" id=\"q-and-a-item-1\"><button class=\"accordion-button bg-info collapsed\" type=\"button\" data-bs-toggle=\"collapse\" data-bs-target=\"#collapse-qa-2-1\" aria-expanded=\"false\" aria-controls=\"collapse-qa-2-1\"><span class=\"accordion-count\">1<\/span><span class=\"q-and-a__box-title fw-bolder fs-3\">Eric Williams Medical Sciences Complex (Champs Fleurs, Trinidad)<\/span><\/button><\/h3>\n    <div id=\"collapse-qa-2-1\" class=\"accordion-collapse collapse\" aria-labelledby=\"q-and-a-item-1\" data-bs-parent=\"\">\n    <div class=\"accordion-body py-16 px-20\" itemscope itemprop=\"acceptedAnswer\" itemtype=\"https:\/\/schema.org\/Answer\">\n    <p><strong>Direcci\u00f3n:\u00a0<\/strong>Uriah Butler Highway<br>\nChamps Fleurs, Trinidad<br>\n<strong>Tel\u00e9fono:<\/strong> +1 868 225 4673<br>\n+1 868 645 0774<br>\n+1 868 645 5654<br>\n+1 868 645 3232<br>\n+1 868 662 7028<br>\n+1 868 662 9141<br>\n+1 868 662 7101<br>\n+1 868 662 7072<br>\n+1 868 662 7033<br>\n<strong>Sitio web: <\/strong><a href=\"http:\/\/www.health.gov.tt\/\" target=\"_blank\" rel=\"noopener\">http:\/\/www.health.gov.tt\/<\/a><\/p>\n    <\/div>\n    <\/div>\n    <\/div>\n    \n<div class=\"wp-block-help-unhcr-q-and-a-inner q-and-a-inner accordion-item my-10 active\" id=\"qa-2\" data-item-content=\"q-and-a-item-2\" itemscope itemprop=\"mainEntity\" itemtype=\"https:\/\/schema.org\/Question\"><h3 class=\"accordion-header\" id=\"q-and-a-item-2\"><button class=\"accordion-button bg-info collapsed\" type=\"button\" data-bs-toggle=\"collapse\" data-bs-target=\"#collapse-qa-2-2\" aria-expanded=\"false\" aria-controls=\"collapse-qa-2-2\"><span class=\"accordion-count\">2<\/span><span class=\"q-and-a__box-title fw-bolder fs-3\">Point Fortin Hospital (Trinidad)<\/span><\/button><\/h3>\n<div id=\"collapse-qa-2-2\" class=\"accordion-collapse collapse\" aria-labelledby=\"q-and-a-item-2\" data-bs-parent=\"\">\n<div class=\"accordion-body py-16 px-20\" itemscope itemprop=\"acceptedAnswer\" itemtype=\"https:\/\/schema.org\/Answer\">\n<p><strong>Direcci\u00f3n: <\/strong>Volunteer Road, Mahaica<br>\nPoint Fortin, Trinidad<br>\n<strong>Tel\u00e9fono: +<\/strong>1 868 648 3281 (Accident and Emergency)<br>\n+1 868 225 4325, option 1, ext. 4151<br>\n<strong>Correo electr\u00f3nico:<\/strong> <a href=\"mailto:customerservice@swrha.co.tt\">customerservice@swrha.co.tt<\/a><br>\n<strong>Sitio web:<\/strong> <a href=\"http:\/\/www.swrha.co.tt\" target=\"_blank\" rel=\"noopener\">http:\/\/www.swrha.co.tt<\/a><\/p>\n<\/div>\n<\/div>\n<\/div>\n\n<div class=\"wp-block-help-unhcr-q-and-a-inner q-and-a-inner accordion-item my-10 active\" id=\"qa-2\" data-item-content=\"q-and-a-item-3\" itemscope itemprop=\"mainEntity\" itemtype=\"https:\/\/schema.org\/Question\"><h3 class=\"accordion-header\" id=\"q-and-a-item-3\"><button class=\"accordion-button bg-info collapsed\" type=\"button\" data-bs-toggle=\"collapse\" data-bs-target=\"#collapse-qa-2-3\" aria-expanded=\"false\" aria-controls=\"collapse-qa-2-3\"><span class=\"accordion-count\">3<\/span><span class=\"q-and-a__box-title fw-bolder fs-3\">Port of Spain General Hospital (Trinidad)<\/span><\/button><\/h3>\n<div id=\"collapse-qa-2-3\" class=\"accordion-collapse collapse\" aria-labelledby=\"q-and-a-item-3\" data-bs-parent=\"\">\n<div class=\"accordion-body py-16 px-20\" itemscope itemprop=\"acceptedAnswer\" itemtype=\"https:\/\/schema.org\/Answer\">\n<p><strong>Direcci\u00f3n: <\/strong> Upper Charlotte Street,<br>\nPuerto Espa\u00f1a, Trinidad<br>\n<strong>Tel\u00e9fono:<\/strong> +1 868 623 2951<br>\n<strong>Sitio web:<\/strong> <a href=\"http:\/\/www.health.gov.tt\" target=\"_blank\" rel=\"noopener\">http:\/\/www.health.gov.tt<\/a><\/p>\n<\/div>\n<\/div>\n<\/div>\n\n<div class=\"wp-block-help-unhcr-q-and-a-inner q-and-a-inner accordion-item my-10 active\" id=\"qa-2\" data-item-content=\"q-and-a-item-4\" itemscope itemprop=\"mainEntity\" itemtype=\"https:\/\/schema.org\/Question\"><h3 class=\"accordion-header\" id=\"q-and-a-item-4\"><button class=\"accordion-button bg-info collapsed\" type=\"button\" data-bs-toggle=\"collapse\" data-bs-target=\"#collapse-qa-2-4\" aria-expanded=\"false\" aria-controls=\"collapse-qa-2-4\"><span class=\"accordion-count\">4<\/span><span class=\"q-and-a__box-title fw-bolder fs-3\">San Fernando General Hospital and San Fernando Teaching Hospital (Trinidad)<\/span><\/button><\/h3>\n<div id=\"collapse-qa-2-4\" class=\"accordion-collapse collapse\" aria-labelledby=\"q-and-a-item-4\" data-bs-parent=\"\">\n<div class=\"accordion-body py-16 px-20\" itemscope itemprop=\"acceptedAnswer\" itemtype=\"https:\/\/schema.org\/Answer\">\n<p><strong>Direcci\u00f3n: <\/strong> Paradise Pasture, Independence Avenue<br>\nSan Fernando, Trinidad<br>\n<strong>Tel\u00e9fono:<\/strong> +1 868 225 4325<br>\n+1 868 652 3581<br>\n+1 868 652 3586<br>\n<strong>Correo electr\u00f3nico:<\/strong> <a href=\"mailto:customerservice@swrha.co.tt\">customerservice@swrha.co.tt<\/a><br>\n<strong>Sitio web: <\/strong><a href=\"http:\/\/www.swrha.co.tt\" target=\"_blank\" rel=\"noopener\">http:\/\/www.swrha.co.tt<\/a><\/p>\n<\/div>\n<\/div>\n<\/div>\n\n<div class=\"wp-block-help-unhcr-q-and-a-inner q-and-a-inner accordion-item my-10 active\" id=\"qa-2\" data-item-content=\"q-and-a-item-5\" itemscope itemprop=\"mainEntity\" itemtype=\"https:\/\/schema.org\/Question\"><h3 class=\"accordion-header\" id=\"q-and-a-item-5\"><button class=\"accordion-button bg-info collapsed\" type=\"button\" data-bs-toggle=\"collapse\" data-bs-target=\"#collapse-qa-2-5\" aria-expanded=\"false\" aria-controls=\"collapse-qa-2-5\"><span class=\"accordion-count\">5<\/span><span class=\"q-and-a__box-title fw-bolder fs-3\">Sangre Grande Hospital (Trinidad)<\/span><\/button><\/h3>\n<div id=\"collapse-qa-2-5\" class=\"accordion-collapse collapse\" aria-labelledby=\"q-and-a-item-5\" data-bs-parent=\"\">\n<div class=\"accordion-body py-16 px-20\" itemscope itemprop=\"acceptedAnswer\" itemtype=\"https:\/\/schema.org\/Answer\">\n<p><strong>Direcci\u00f3n: <\/strong> Ojoe Road<br>\nSangre Grande, Trinidad<br>\n<strong>Tel\u00e9fono:<\/strong> +1 868 668 2273<br>\n+1 868 668 2221<br>\n+1 868 668 2468<br>\n+1 868 668 2577<br>\n<strong>Fax: +<\/strong>1 868 668 4368<br>\n<strong>Sitio web:<\/strong> <a href=\"http:\/\/www.erha.co.tt\" target=\"_blank\" rel=\"noopener\">http:\/\/www.erha.co.tt<\/a><\/p>\n<\/div>\n<\/div>\n<\/div>\n\n<div class=\"wp-block-help-unhcr-q-and-a-inner q-and-a-inner accordion-item my-10 active\" id=\"qa-2\" data-item-content=\"q-and-a-item-6\" itemscope itemprop=\"mainEntity\" itemtype=\"https:\/\/schema.org\/Question\"><h3 class=\"accordion-header\" id=\"q-and-a-item-6\"><button class=\"accordion-button bg-info collapsed\" type=\"button\" data-bs-toggle=\"collapse\" data-bs-target=\"#collapse-qa-2-6\" aria-expanded=\"false\" aria-controls=\"collapse-qa-2-6\"><span class=\"accordion-count\">6<\/span><span class=\"q-and-a__box-title fw-bolder fs-3\">Scarborough General Hospital (Tobago)<\/span><\/button><\/h3>\n<div id=\"collapse-qa-2-6\" class=\"accordion-collapse collapse\" aria-labelledby=\"q-and-a-item-6\" data-bs-parent=\"\">\n<div class=\"accordion-body py-16 px-20\" itemscope itemprop=\"acceptedAnswer\" itemtype=\"https:\/\/schema.org\/Answer\">\n<p><strong>Direcci\u00f3n: <\/strong> Signal Hill<br>\nTobago<br>\n<strong>Tel\u00e9fono:<\/strong> +1 868 660 4744<br>\n<strong>Correo electr\u00f3nico:\u00a0<\/strong><a href=\"http:\/\/trha.co.tt\/delta\/About\/contact.html\">http:\/\/trha.co.tt\/delta\/About\/contact.html<\/a><br>\n<strong>Sitio web: <\/strong><a href=\"http:\/\/trha.co.tt\/delta\/index.html\">http:\/\/trha.co.tt\/delta\/index.html<\/a><\/p>\n<\/div>\n<\/div>\n<\/div>\n<\/div><\/div> ","protected":false},"excerpt":{"rendered":"<p>La atenci\u00f3n primaria es brindada por hospitales p\u00fablicos y cl\u00ednicas en Trinidad y Tobago. La atenci\u00f3n a la Salud P\u00fablica es gratis para todos en Trinidad y Tobago y se proporciona sin cita previa. Los costos de los medicamentos recetados para los no ciudadanos normalmente no est\u00e1n cubiertos por los hospitales p\u00fablicos y las cl\u00ednicas [&hellip;]<\/p>\n","protected":false},"author":1,"featured_media":0,"parent":335,"menu_order":8,"comment_status":"closed","ping_status":"closed","template":"","meta":{"_acf_changed":false,"footnotes":""},"topics":[],"audiences":[],"class_list":["post-387","page","type-page","status-publish","hentry"],"acf":[],"_links":{"self":[{"href":"https:\/\/help.unhcr.org\/trinidadandtobago\/es\/wp-json\/wp\/v2\/pages\/387","targetHints":{"allow":["GET"]}}],"collection":[{"href":"https:\/\/help.unhcr.org\/trinidadandtobago\/es\/wp-json\/wp\/v2\/pages"}],"about":[{"href":"https:\/\/help.unhcr.org\/trinidadandtobago\/es\/wp-json\/wp\/v2\/types\/page"}],"author":[{"embeddable":true,"href":"https:\/\/help.unhcr.org\/trinidadandtobago\/es\/wp-json\/wp\/v2\/users\/1"}],"replies":[{"embeddable":true,"href":"https:\/\/help.unhcr.org\/trinidadandtobago\/es\/wp-json\/wp\/v2\/comments?post=387"}],"version-history":[{"count":3,"href":"https:\/\/help.unhcr.org\/trinidadandtobago\/es\/wp-json\/wp\/v2\/pages\/387\/revisions"}],"predecessor-version":[{"id":2623,"href":"https:\/\/help.unhcr.org\/trinidadandtobago\/es\/wp-json\/wp\/v2\/pages\/387\/revisions\/2623"}],"up":[{"embeddable":true,"href":"https:\/\/help.unhcr.org\/trinidadandtobago\/es\/wp-json\/wp\/v2\/pages\/335"}],"wp:attachment":[{"href":"https:\/\/help.unhcr.org\/trinidadandtobago\/es\/wp-json\/wp\/v2\/media?parent=387"}],"wp:term":[{"taxonomy":"topics","embeddable":true,"href":"https:\/\/help.unhcr.org\/trinidadandtobago\/es\/wp-json\/wp\/v2\/topics?post=387"},{"taxonomy":"audiences","embeddable":true,"href":"https:\/\/help.unhcr.org\/trinidadandtobago\/es\/wp-json\/wp\/v2\/audiences?post=387"}],"curies":[{"name":"wp","href":"https:\/\/api.w.org\/{rel}","templated":true}]}}